{"id":205,"date":"2022-09-05T14:28:55","date_gmt":"2022-09-05T13:28:55","guid":{"rendered":"http:\/\/laydeezdocomics.com\/online-pripojeni-na-co-si-dat-pozor\/"},"modified":"2022-09-05T14:28:55","modified_gmt":"2022-09-05T13:28:55","slug":"online-pripojeni-na-co-si-dat-pozor","status":"publish","type":"page","link":"http:\/\/laydeezdocomics.com\/cs\/","title":{"rendered":"Online p\u0159ipojen\u00ed &#8211; na co si d\u00e1t pozor"},"content":{"rendered":"<p>Online seznamov\u00e1n\u00ed u\u017e nen\u00ed jen o p\u0159ej\u00ed\u017ed\u011bn\u00ed doleva a doprava na Tinderu. Ve skute\u010dnosti se stala jedn\u00edm z nejpopul\u00e1rn\u011bj\u0161\u00edch zp\u016fsob\u016f, jak naj\u00edt l\u00e1sku. Ale zat\u00edmco existuje spousta mo\u017enost\u00ed, n\u011bkter\u00e9 z t\u011bchto str\u00e1nek \u00fa\u010dtuj\u00ed t\u011b\u017ek\u00e9 poplatky nebo omezuj\u00ed, kolik z\u00e1pas\u016f vid\u00edte denn\u011b. Tak\u017ee jsme pro v\u00e1s provedli v\u00fdzkum a na\u0161li dev\u011bt nejlep\u0161\u00edch bezplatn\u00fdch seznamovac\u00edch web\u016f a aplikac\u00ed roku 2022.<\/p>\n<p>T\u0159i nejlep\u0161\u00ed str\u00e1nky: OkCupid, Match a PlentyOfFish &#8211; jsou dob\u0159e zn\u00e1m\u00e9 svou jednoduchost\u00ed a n\u00edzk\u00fdmi n\u00e1klady. Jsou skv\u011bl\u00e9 pro za\u010d\u00e1te\u010dn\u00edky, ale jakmile se s n\u011bk\u00fdm spoj\u00edte, budete cht\u00edt upgradovat na placen\u00e9 pl\u00e1ny. Pokud hled\u00e1te n\u011bco trochu m\u00e9n\u011b mainstreamov\u00e9ho, pod\u00edvejte se na Bumble, Hinge, OkCupid a Zoosk. Tyto \u010dty\u0159i str\u00e1nky nab\u00edzej\u00ed mnoho funkc\u00ed bez \u00fa\u010dtov\u00e1n\u00ed m\u011bs\u00ed\u010dn\u00edho poplatku. Ale nezapome\u0148te na specializovan\u00e9 seznamovac\u00ed str\u00e1nky jako SinglesAroundMe, BlackPeopleMeet, ChristianMingle a CougarLife. M\u016f\u017eete dokonce vyzkou\u0161et n\u011bkolik r\u016fzn\u00fdch, abyste zjistili, co pro v\u00e1s funguje nejl\u00e9pe.<\/p>\n<h2>Jak funguje online seznamka<\/h2>\n<p>Online seznamky se neust\u00e1le vyv\u00edjej\u00ed a nechcete se spokojit s ni\u010d\u00edm men\u0161\u00edm ne\u017e s t\u00edm nejlep\u0161\u00edm. M\u00e1me kope\u010dek na nejpopul\u00e1rn\u011bj\u0161\u00edch seznamovac\u00edch aplikac\u00edch a webech v okol\u00ed, v\u010detn\u011b Tinder, Match, OkCupid, PlentyOfFish, Bumble a mnoha dal\u0161\u00edch. Najdete zde recenze funkc\u00ed ka\u017ed\u00e9ho webu, cenov\u00e9 pl\u00e1ny, p\u0159\u00edb\u011bhy o \u00fasp\u011b\u0161\u00edch a dokonce i p\u0159ehled o tom, jak ka\u017ed\u00fd z nich funguje v z\u00e1kulis\u00ed. A\u0165 u\u017e hled\u00e1te l\u00e1sku, p\u0159\u00e1telstv\u00ed nebo jen n\u011bjak\u00e9 z\u00e1bavn\u00e9 rande, m\u00e1me pro v\u00e1s to, co pot\u0159ebujete.<\/p>\n<p>Bezplatn\u00e9 seznamovac\u00ed str\u00e1nky a aplikace jsou st\u00e1le popul\u00e1rn\u011bj\u0161\u00ed. Nab\u00edzej\u00ed skv\u011blou alternativu k tradi\u010dn\u00edm datovac\u00edm metod\u00e1m, jako jsou bary a kluby, proto\u017ee umo\u017e\u0148uj\u00ed lidem spojit se, ani\u017e by museli platit n\u011bco p\u0159edem.<\/p>\n<h2>Pr\u016fvodce pro Just Hookup ve va\u0161em okol\u00ed<\/h2>\n<p>Pokud chcete v\u011bd\u011bt, jak je s v\u00e1mi kompatibiln\u00ed n\u011bkdo jin\u00fd, budete muset zaplatit mal\u00fd poplatek. Upgradovan\u00e1 verze webu v\u00e1m v\u0161ak umo\u017e\u0148uje zobrazit sk\u00f3re z\u00e1pasu, kter\u00e9 v\u00e1m \u0159ekne, jak jste podobn\u00ed ka\u017ed\u00e9mu \u010dlenovi na z\u00e1klad\u011b v\u011bku, um\u00edst\u011bn\u00ed, rodinn\u00e9ho stavu a z\u00e1jm\u016f. \u010c\u00edm ni\u017e\u0161\u00ed je va\u0161e \u010d\u00edslo, t\u00edm l\u00e9pe na tom budete. V\u00edce informac\u00ed o kompatibilit\u011b naleznete zde.<\/p>\n<p>Nebudete moci nikomu pos\u00edlat zpr\u00e1vy, pokud na sv\u00e9m profilu nem\u00e1te dostatek lajk\u016f, tak\u017ee se ujist\u011bte, \u017ee p\u0159id\u00e1v\u00e1te fotky sebe sama, kter\u00e9 si lid\u00e9 mohou u\u017e\u00edt. Pokud v\u0161ak je\u0161t\u011b nem\u00e1te mnoho n\u00e1sledovn\u00edk\u016f, m\u016f\u017eete zv\u00fd\u0161it sv\u00e1 \u010d\u00edsla zaplacen\u00edm mal\u00e9ho poplatku.<\/p>\n<p>Tato funkce nen\u00ed k dispozici v bezplatn\u00e9 verzi webu, ale m\u016f\u017eete pou\u017e\u00edt upgradovanou verzi, abyste zjistili, kdo se v\u00e1m l\u00edbil jako prvn\u00ed. To by v\u00e1m mohlo pomoci zjistit, zda m\u00e1 n\u011bkdo skute\u010dn\u00fd z\u00e1jem s v\u00e1mi chatovat, nebo se v\u00e1s jen sna\u017e\u00ed zas\u00e1hnout.<\/p>\n<h2>Skute\u010dn\u00e9 seznamovac\u00ed aplikace pouze pro nezadan\u00e9<\/h2>\n<p>Aplikace je v\u0161ude &#8211; je to na na\u0161ich telefonech, tabletech, notebooc\u00edch, stoln\u00edch po\u010d\u00edta\u010d\u00edch, televizorech, chytr\u00fdch hodink\u00e1ch, dokonce i v autech. A my jsme na tom z\u00e1visl\u00ed. Ale co se stane, kdy\u017e jste vid\u011bli t\u00e9m\u011b\u0159 v\u0161echno? M\u00e1te n\u011bkdy pocit, \u017ee jste vyzkou\u0161eli ka\u017edou jednotlivou mo\u017enost? Pokud ano, zde je n\u011bkolik skv\u011bl\u00fdch mo\u017enost\u00ed, jak naj\u00edt n\u011bkoho zvl\u00e1\u0161tn\u00edho, ani\u017e byste museli rozv\u011btvovat pen\u00edze za pr\u00e9miov\u00e9 funkce.<\/p>\n<h2>Utk\u00e1n\u00ed<\/h2>\n<p>Match.com je jednou z nejpopul\u00e1rn\u011bj\u0161\u00edch online seznamek v okol\u00ed. Pokud jste proch\u00e1zeli internet pro bezplatn\u00e9 seznamovac\u00ed str\u00e1nky, je pravd\u011bpodobn\u00e9, \u017ee jste vid\u011bli reklamy i na Match.com. Nejen reklamy \u2013 na Match.com skute\u010dn\u011b vid\u00edte skute\u010dn\u00e9 fotky a \u017eivotopisy lid\u00ed. A ti lid\u00e9 se zdaj\u00ed b\u00fdt docela \u0161\u0165astn\u00ed, \u017ee tam jsou.<\/p>\n<p>Ale i kdy\u017e Match.com nen\u00ed zcela zdarma, nab\u00edz\u00ed n\u011bkter\u00e9 skv\u011bl\u00e9 funkce zdarma.<\/p>\n<h3>Zoosk<\/h3>\n<p>Zoosk.com je jednou z nejstar\u0161\u00edch seznamovac\u00edch aplikac\u00ed, kter\u00e1 byla spu\u0161t\u011bna v roce 2007. Je to nejobl\u00edben\u011bj\u0161\u00ed seznamka v App Store spole\u010dnosti Apple a je tak\u00e9 \u0161iroce pou\u017e\u00edv\u00e1na na za\u0159\u00edzen\u00edch Android. A i kdy\u017e se to m\u016f\u017ee zd\u00e1t jako jednoduch\u00fd n\u00e1pad &#8211; sta\u010d\u00ed se zaregistrovat, p\u0159idat n\u011bjak\u00e9 fotografie, vyplnit n\u011bkolik ot\u00e1zek o sob\u011b a za\u010d\u00edt p\u0159ej\u00ed\u017ed\u011bt doleva nebo doprava &#8211; ve skute\u010dnosti existuje mnoho r\u016fzn\u00fdch zp\u016fsob\u016f, jak pou\u017e\u00edvat Zoosk.<\/p>\n<p>M\u016f\u017eete nap\u0159\u00edklad proch\u00e1zet m\u00edstn\u00ed nezadan\u00e9 podle toho, kde \u017eijete, nebo hledat lidi v okol\u00ed, kte\u0159\u00ed sd\u00edlej\u00ed spole\u010dn\u00e9 z\u00e1jmy. M\u016f\u017eete dokonce nastavit upozorn\u011bn\u00ed pro konkr\u00e9tn\u00ed typy z\u00e1pas\u016f, nap\u0159\u00edklad pro n\u011bkoho, kdo sd\u00edl\u00ed v\u00e1\u0161 obl\u00edben\u00fd sportovn\u00ed t\u00fdm. Neexistuj\u00ed \u017e\u00e1dn\u00e9 limity na to, jak daleko m\u016f\u017eete j\u00edt na Zoosk, ani; m\u016f\u017eete prozkoumat nekone\u010dn\u00e9 mo\u017enosti, ani\u017e byste museli cokoli platit.<\/p>\n<p>Proces registrace je velmi jednoduch\u00fd. Vytvo\u0159\u00edte si bezplatn\u00fd profil, vypln\u00edte n\u011bkter\u00e9 z\u00e1kladn\u00ed informace o sob\u011b a jste p\u0159ipraveni za\u010d\u00edt s prohl\u00ed\u017een\u00edm. Existuj\u00ed t\u0159i zp\u016fsoby, jak to prov\u00e9st: proch\u00e1zet prost\u0159ednictv\u00edm mobiln\u00ed aplikace, webov\u00e9ho prohl\u00ed\u017ee\u010de pro stoln\u00ed po\u010d\u00edta\u010de nebo prost\u0159ednictv\u00edm aplikace pro stoln\u00ed po\u010d\u00edta\u010de.<\/p>\n<p>Jakmile se zaregistrujete, obdr\u017e\u00edte osm ot\u00e1zek, na kter\u00e9 m\u016f\u017eete odpov\u011bd\u011bt. Pat\u0159\u00ed mezi n\u011b v\u011bci, jako je typ vztahu, kter\u00fd hled\u00e1te, zda byste up\u0159ednost\u0148ovali n\u011bkoho v okruhu 10 mil nebo 50 mil a o jakou v\u011bkovou skupinu m\u00e1te z\u00e1jem. To pom\u00e1h\u00e1 z\u00fa\u017eit pole a poskytnout v\u00e1m lep\u0161\u00ed p\u0159edstavu o tom, co byste mohli naj\u00edt, jakmile za\u010dnete hledat.<\/p>\n<p>Po zodpov\u011bzen\u00ed t\u011bchto ot\u00e1zek si ud\u011bl\u00e1te osobnostn\u00ed kv\u00edz. To v\u00e1m d\u00e1v\u00e1 dobrou p\u0159edstavu o tom, jak\u00e9 typy lid\u00ed pravd\u011bpodobn\u011b potk\u00e1te na z\u00e1klad\u011b va\u0161ich odpov\u011bd\u00ed. Pot\u00e9 se zobraz\u00ed seznam potenci\u00e1ln\u00edch shod na z\u00e1klad\u011b va\u0161ich preferenc\u00ed. Odtud si m\u016f\u017eete vybrat, zda chcete zobrazit v\u00edce profil\u016f, nebo se jen p\u0159esunout do jin\u00e9 \u010d\u00e1sti webu.<\/p>\n<h3>eHarmony<\/h3>\n<p>eHarmony je jednou z nejv\u011bt\u0161\u00edch seznamek v Americe s v\u00edce ne\u017e 10 miliony aktivn\u00edch \u010dlen\u016f a 750 000 placen\u00fdmi p\u0159edplatn\u00fdmi. Str\u00e1nka byla spu\u0161t\u011bna v roce 2000 a od t\u00e9 doby roste. Krom\u011b toho, \u017ee nab\u00edz\u00ed nep\u0159ebern\u00e9 mno\u017estv\u00ed funkc\u00ed, jako jsou testy osobnosti a poradenstv\u00ed ve vztaz\u00edch, nab\u00edz\u00ed jedine\u010dnou funkci nazvanou &#8222;The Chemistry Match&#8220;, kde odpov\u00edd\u00e1te na ot\u00e1zky t\u00fdkaj\u00edc\u00ed se sebe a sv\u00e9ho partnera, abyste zjistili, jak dob\u0159e byste spolupracovali.<\/p>\n<p>Bez m\u011bs\u00ed\u010dn\u00edch poplatk\u016f nab\u00edz\u00ed web neomezen\u00e9 zas\u00edl\u00e1n\u00ed zpr\u00e1v a zobrazen\u00ed profilu, plus spoustu dal\u0161\u00edch v\u00fdhod, v\u010detn\u011b videochatu, skupinov\u00fdch chat\u016f a mobiln\u00ed aplikace. Ale zat\u00edmco bezplatn\u00e1 verze v\u00e1m d\u00e1v\u00e1 spoustu bang za va\u0161e pen\u00edze, upgrade na pr\u00e9miov\u00fd \u00fa\u010det v\u00e1m tak\u00e9 p\u0159in\u00e1\u0161\u00ed dal\u0161\u00ed v\u00fdhody. Zde je \u0161est v\u011bc\u00ed, kter\u00e9 m\u016f\u017eete ud\u011blat, jakmile se zaregistrujete.<\/p>\n<h3>OKCupid<\/h3>\n<p>OkCupid se pova\u017euje za &#8222;nejlep\u0161\u00ed bezplatnou seznamku na sv\u011bt\u011b&#8220; a my bychom souhlasili. Str\u00e1nka nab\u00edz\u00ed v\u0161e, co byste mohli cht\u00edt v seznamovac\u00ed aplikaci &#8211; je zdarma, snadno se orientuje a umo\u017e\u0148uje nastavit p\u0159edvolby o rase, n\u00e1bo\u017eenstv\u00ed a sexu\u00e1ln\u00ed orientaci. M\u016f\u017eete tak\u00e9 odes\u00edlat zpr\u00e1vy a zobrazovat profily. Pokud se rozhodnete p\u0159ej\u00edt na pr\u00e9mii ($ 9 \/ m\u011bs\u00edc), z\u00edsk\u00e1te p\u0159\u00edstup k dal\u0161\u00edm funkc\u00edm, jako je \u017eiv\u00fd videochat, skupinov\u00e9 zpr\u00e1vy a exkluzivn\u00ed ud\u00e1losti.<\/p>\n<h3>Zmaten\u00e9 chov\u00e1n\u00ed<\/h3>\n<p>Bumble, vytvo\u0159en\u00fd b\u00fdval\u00fdmi zam\u011bstnanci Facebooku, se zam\u011b\u0159uje sp\u00ed\u0161e na bezpe\u010dnost ne\u017e na romantiku. Kdy\u017e se zaregistrujete, vyberete si u\u017eivatelsk\u00e9 jm\u00e9no a zad\u00e1te svou e-mailovou adresu. Odtud obdr\u017e\u00edte ov\u011b\u0159ovac\u00ed k\u00f3d pro potvrzen\u00ed \u00fa\u010dtu. Po ov\u011b\u0159en\u00ed budete moci za\u010d\u00edt odes\u00edlat \u017e\u00e1dosti ostatn\u00edm \u010dlen\u016fm. \u017deny mus\u00ed p\u0159ijmout nebo odm\u00edtnout ka\u017edou \u017e\u00e1dost do 24 hodin. Pokud p\u0159ijme, budete sp\u00e1rov\u00e1ni a m\u016f\u017eete za\u010d\u00edt chatovat.<\/p>\n","protected":false},"excerpt":{"rendered":"<p>Online seznamov\u00e1n\u00ed u\u017e nen\u00ed jen o p\u0159ej\u00ed\u017ed\u011bn\u00ed doleva a doprava na Tinderu. Ve skute\u010dnosti se stala jedn\u00edm z nejpopul\u00e1rn\u011bj\u0161\u00edch zp\u016fsob\u016f,<\/p>\n","protected":false},"author":1,"featured_media":65,"parent":0,"menu_order":0,"comment_status":"closed","ping_status":"closed","template":"","meta":[],"yoast_head":"<!-- This site is optimized with the Yoast SEO plugin v17.7.1 - https:\/\/yoast.com\/wordpress\/plugins\/seo\/ -->\n<title>Online p\u0159ipojen\u00ed - na co si d\u00e1t pozor - Singles Personals<\/title>\n<meta name=\"robots\" content=\"index, follow, max-snippet:-1, max-image-preview:large, max-video-preview:-1\" \/>\n<link rel=\"canonical\" href=\"http:\/\/laydeezdocomics.com\/cs\/\" \/>\n<meta property=\"og:locale\" content=\"cs_CZ\" \/>\n<meta property=\"og:type\" content=\"article\" \/>\n<meta property=\"og:title\" content=\"Online p\u0159ipojen\u00ed - na co si d\u00e1t pozor - Singles Personals\" \/>\n<meta property=\"og:description\" content=\"Online seznamov\u00e1n\u00ed u\u017e nen\u00ed jen o p\u0159ej\u00ed\u017ed\u011bn\u00ed doleva a doprava na Tinderu. Ve skute\u010dnosti se stala jedn\u00edm z nejpopul\u00e1rn\u011bj\u0161\u00edch zp\u016fsob\u016f,\" \/>\n<meta property=\"og:url\" content=\"http:\/\/laydeezdocomics.com\/cs\/\" \/>\n<meta property=\"og:site_name\" content=\"Singles Personals\" \/>\n<meta property=\"og:image\" content=\"http:\/\/laydeezdocomics.com\/wp-content\/uploads\/2022\/09\/local-dating.jpeg\" \/>\n\t<meta property=\"og:image:width\" content=\"1600\" \/>\n\t<meta property=\"og:image:height\" content=\"1065\" \/>\n<meta name=\"twitter:card\" content=\"summary_large_image\" \/>\n<meta name=\"twitter:label1\" content=\"Odhadovan\u00e1 doba \u010dten\u00ed\" \/>\n\t<meta name=\"twitter:data1\" content=\"7 minut\" \/>\n<script type=\"application\/ld+json\" class=\"yoast-schema-graph\">{\"@context\":\"https:\/\/schema.org\",\"@graph\":[{\"@type\":\"WebSite\",\"@id\":\"https:\/\/laydeezdocomics.com\/#website\",\"url\":\"https:\/\/laydeezdocomics.com\/\",\"name\":\"Singles Personals\",\"description\":\"Guide To Online Dating\",\"potentialAction\":[{\"@type\":\"SearchAction\",\"target\":{\"@type\":\"EntryPoint\",\"urlTemplate\":\"https:\/\/laydeezdocomics.com\/?s={search_term_string}\"},\"query-input\":\"required name=search_term_string\"}],\"inLanguage\":\"cs\"},{\"@type\":\"ImageObject\",\"@id\":\"http:\/\/laydeezdocomics.com\/cs\/#primaryimage\",\"inLanguage\":\"cs\",\"url\":\"http:\/\/laydeezdocomics.com\/wp-content\/uploads\/2022\/09\/local-dating.jpeg\",\"contentUrl\":\"http:\/\/laydeezdocomics.com\/wp-content\/uploads\/2022\/09\/local-dating.jpeg\",\"width\":1600,\"height\":1065},{\"@type\":\"WebPage\",\"@id\":\"http:\/\/laydeezdocomics.com\/cs\/#webpage\",\"url\":\"http:\/\/laydeezdocomics.com\/cs\/\",\"name\":\"Online p\\u0159ipojen\\u00ed - na co si d\\u00e1t pozor - Singles Personals\",\"isPartOf\":{\"@id\":\"https:\/\/laydeezdocomics.com\/#website\"},\"primaryImageOfPage\":{\"@id\":\"http:\/\/laydeezdocomics.com\/cs\/#primaryimage\"},\"datePublished\":\"2022-09-05T13:28:55+00:00\",\"dateModified\":\"2022-09-05T13:28:55+00:00\",\"breadcrumb\":{\"@id\":\"http:\/\/laydeezdocomics.com\/cs\/#breadcrumb\"},\"inLanguage\":\"cs\",\"potentialAction\":[{\"@type\":\"ReadAction\",\"target\":[\"http:\/\/laydeezdocomics.com\/cs\/\"]}]},{\"@type\":\"BreadcrumbList\",\"@id\":\"http:\/\/laydeezdocomics.com\/cs\/#breadcrumb\",\"itemListElement\":[{\"@type\":\"ListItem\",\"position\":1,\"name\":\"Home\",\"item\":\"http:\/\/laydeezdocomics.com\/cs\/\"},{\"@type\":\"ListItem\",\"position\":2,\"name\":\"Online p\\u0159ipojen\\u00ed &#8211; na co si d\\u00e1t pozor\"}]}]}<\/script>\n<!-- \/ Yoast SEO plugin. -->","yoast_head_json":{"title":"Online p\u0159ipojen\u00ed - na co si d\u00e1t pozor - Singles Personals","robots":{"index":"index","follow":"follow","max-snippet":"max-snippet:-1","max-image-preview":"max-image-preview:large","max-video-preview":"max-video-preview:-1"},"canonical":"http:\/\/laydeezdocomics.com\/cs\/","og_locale":"cs_CZ","og_type":"article","og_title":"Online p\u0159ipojen\u00ed - na co si d\u00e1t pozor - Singles Personals","og_description":"Online seznamov\u00e1n\u00ed u\u017e nen\u00ed jen o p\u0159ej\u00ed\u017ed\u011bn\u00ed doleva a doprava na Tinderu. Ve skute\u010dnosti se stala jedn\u00edm z nejpopul\u00e1rn\u011bj\u0161\u00edch zp\u016fsob\u016f,","og_url":"http:\/\/laydeezdocomics.com\/cs\/","og_site_name":"Singles Personals","og_image":[{"width":1600,"height":1065,"url":"http:\/\/laydeezdocomics.com\/wp-content\/uploads\/2022\/09\/local-dating.jpeg","type":"image\/jpeg"}],"twitter_card":"summary_large_image","twitter_misc":{"Odhadovan\u00e1 doba \u010dten\u00ed":"7 minut"},"schema":{"@context":"https:\/\/schema.org","@graph":[{"@type":"WebSite","@id":"https:\/\/laydeezdocomics.com\/#website","url":"https:\/\/laydeezdocomics.com\/","name":"Singles Personals","description":"Guide To Online Dating","potentialAction":[{"@type":"SearchAction","target":{"@type":"EntryPoint","urlTemplate":"https:\/\/laydeezdocomics.com\/?s={search_term_string}"},"query-input":"required name=search_term_string"}],"inLanguage":"cs"},{"@type":"ImageObject","@id":"http:\/\/laydeezdocomics.com\/cs\/#primaryimage","inLanguage":"cs","url":"http:\/\/laydeezdocomics.com\/wp-content\/uploads\/2022\/09\/local-dating.jpeg","contentUrl":"http:\/\/laydeezdocomics.com\/wp-content\/uploads\/2022\/09\/local-dating.jpeg","width":1600,"height":1065},{"@type":"WebPage","@id":"http:\/\/laydeezdocomics.com\/cs\/#webpage","url":"http:\/\/laydeezdocomics.com\/cs\/","name":"Online p\u0159ipojen\u00ed - na co si d\u00e1t pozor - Singles Personals","isPartOf":{"@id":"https:\/\/laydeezdocomics.com\/#website"},"primaryImageOfPage":{"@id":"http:\/\/laydeezdocomics.com\/cs\/#primaryimage"},"datePublished":"2022-09-05T13:28:55+00:00","dateModified":"2022-09-05T13:28:55+00:00","breadcrumb":{"@id":"http:\/\/laydeezdocomics.com\/cs\/#breadcrumb"},"inLanguage":"cs","potentialAction":[{"@type":"ReadAction","target":["http:\/\/laydeezdocomics.com\/cs\/"]}]},{"@type":"BreadcrumbList","@id":"http:\/\/laydeezdocomics.com\/cs\/#breadcrumb","itemListElement":[{"@type":"ListItem","position":1,"name":"Home","item":"http:\/\/laydeezdocomics.com\/cs\/"},{"@type":"ListItem","position":2,"name":"Online p\u0159ipojen\u00ed &#8211; na co si d\u00e1t pozor"}]}]}},"_links":{"self":[{"href":"http:\/\/laydeezdocomics.com\/cs\/wp-json\/wp\/v2\/pages\/205"}],"collection":[{"href":"http:\/\/laydeezdocomics.com\/cs\/wp-json\/wp\/v2\/pages"}],"about":[{"href":"http:\/\/laydeezdocomics.com\/cs\/wp-json\/wp\/v2\/types\/page"}],"author":[{"embeddable":true,"href":"http:\/\/laydeezdocomics.com\/cs\/wp-json\/wp\/v2\/users\/1"}],"replies":[{"embeddable":true,"href":"http:\/\/laydeezdocomics.com\/cs\/wp-json\/wp\/v2\/comments?post=205"}],"version-history":[{"count":0,"href":"http:\/\/laydeezdocomics.com\/cs\/wp-json\/wp\/v2\/pages\/205\/revisions"}],"wp:featuredmedia":[{"embeddable":true,"href":"http:\/\/laydeezdocomics.com\/cs\/wp-json\/wp\/v2\/media\/65"}],"wp:attachment":[{"href":"http:\/\/laydeezdocomics.com\/cs\/wp-json\/wp\/v2\/media?parent=205"}],"curies":[{"name":"wp","href":"https:\/\/api.w.org\/{rel}","templated":true}]}}