{"id":217,"date":"2022-09-05T14:28:55","date_gmt":"2022-09-05T13:28:55","guid":{"rendered":"http:\/\/laydeezdocomics.com\/online-hookups-hvad-man-skal-passe-paa\/"},"modified":"2022-09-05T14:28:55","modified_gmt":"2022-09-05T13:28:55","slug":"online-hookups-hvad-man-skal-passe-paa","status":"publish","type":"page","link":"http:\/\/laydeezdocomics.com\/da\/","title":{"rendered":"Online hookups &#8211; Hvad man skal passe p\u00e5"},"content":{"rendered":"<p>Online dating handler ikke l\u00e6ngere kun om at swipe til h\u00f8jre og venstre p\u00e5 Tinder. Faktisk er det blevet en af de mest popul\u00e6re m\u00e5der at finde k\u00e6rlighed p\u00e5. Men selvom der er masser af muligheder derude, opkr\u00e6ver nogle af disse websteder store gebyrer eller begr\u00e6nser, hvor mange kampe du ser om dagen. S\u00e5 vi gjorde forskningen for dig og fandt de ni bedste gratis datingsider og apps i 2022.<\/p>\n<p>De tre bedste sider: OkCupid, Match og PlentyOfFish er kendt for deres enkelhed og lave omkostninger. De er gode til begyndere, men n\u00e5r du er blevet matchet med nogen, vil du opgradere til betalte planer. Hvis du leder efter noget lidt mindre mainstream, s\u00e5 tjek Bumble, Hinge, OkCupid og Zoosk. Disse fire websteder tilbyder en masse funktioner uden at opkr\u00e6ve et m\u00e5nedligt gebyr. Men glem ikke niche dating sites som SinglesAroundMe, BlackPeopleMeet, ChristianMingle og CougarLife. Du kan endda pr\u00f8ve et par forskellige for at finde ud af, hvad der fungerer bedst for dig.<\/p>\n<h2>S\u00e5dan fungerer online dating<\/h2>\n<p>Online dating sites udvikler sig konstant, og du \u00f8nsker ikke at n\u00f8jes med noget mindre end det bedste. Vi har scoop p\u00e5 de mest popul\u00e6re dating apps og sider rundt, herunder Tinder, Match, OkCupid, PlentyOfFish, Bumble og mange andre. Du finder anmeldelser af hvert websteds funktioner, prisplaner, succeshistorier og endda indsigt i, hvordan hver enkelt fungerer bag kulisserne. Uanset om du leder efter k\u00e6rlighed, venskab eller bare nogle sjove datoer, har vi det, du har brug for.<\/p>\n<p>Gratis datingsider og apps bliver stadig mere popul\u00e6re. De tilbyder et godt alternativ til traditionelle datingmetoder som barer og klubber, fordi de giver folk mulighed for at oprette forbindelse uden at skulle betale noget p\u00e5 forh\u00e5nd.<\/p>\n<h2>Guide til bare tilslutning i n\u00e6rheden af dig<\/h2>\n<p>Hvis du vil vide, hvor kompatibel en anden er med dig, skal du betale et mindre gebyr. Den opgraderede version af webstedet giver dig dog mulighed for at se din matchscore, som fort\u00e6ller dig, hvor ens du er for hvert medlem baseret p\u00e5 alder, placering, forholdsstatus og interesser. Jo lavere dit tal er, jo bedre har du det. Du kan finde ud af mere om din kompatibilitet her.<\/p>\n<p>Du kan ikke sende beskeder til nogen, medmindre du har nok likes p\u00e5 din profil, s\u00e5 s\u00f8rg for at tilf\u00f8je billeder af dig selv, som folk kan f\u00e5 gl\u00e6de af. Hvis du ikke allerede har mange f\u00f8lgere, kan du dog \u00f8ge dine tal ved at betale et mindre gebyr.<\/p>\n<p>Denne funktion er ikke tilg\u00e6ngelig i den gratis version af webstedet, men du kan bruge den opgraderede version til at finde ud af, hvem der kunne lide dig f\u00f8rst. Dette kan hj\u00e6lpe dig med at finde ud af, om nogen virkelig er interesseret i at chatte med dig eller bare fors\u00f8ger at ramme dig.<\/p>\n<h2>Rigtige datingapps kun til singler<\/h2>\n<p>Appen er overalt &#8211; den er p\u00e5 vores telefoner, tablets, b\u00e6rbare computere, desktops, tv&#8217;er, smarte ure, endda biler. Og vi er afh\u00e6ngige af det. Men hvad sker der, n\u00e5r du har set n\u00e6sten alt? F\u00f8ler du nogensinde, at du har pr\u00f8vet hver eneste mulighed derude? I s\u00e5 fald er her nogle gode muligheder for at finde nogen speciel uden at skulle gaffel over penge til premium-funktioner.<\/p>\n<h2>T\u00e6ndstik<\/h2>\n<p>Match.com er en af de mest popul\u00e6re online dating sites rundt. Hvis du har surfet p\u00e5 internettet efter gratis datingsider, er chancerne for, at du ogs\u00e5 har set annoncer for Match.com. Ikke kun annoncer &#8211; du ser faktisk folks rigtige fotos og bios p\u00e5 Match.com. Og de mennesker virker ret glade for at v\u00e6re der.<\/p>\n<p>Men selvom Match.com ikke ligefrem er gratis, tilbyder den nogle fantastiske funktioner gratis.<\/p>\n<h3>Zoosk<\/h3>\n<p>Zoosk.com er en af de \u00e6ldste dating apps derude, der blev lanceret helt tilbage i 2007. Det er den mest popul\u00e6re datingside i Apples App Store og bruges ogs\u00e5 i vid udstr\u00e6kning p\u00e5 Android-enheder. Og selvom det kan virke som en simpel id\u00e9 &#8211; bare tilmeld dig, tilf\u00f8j nogle fotos, udfyld et par sp\u00f8rgsm\u00e5l om dig selv og begynd at stryge til venstre eller h\u00f8jre &#8211; er der faktisk mange forskellige m\u00e5der at bruge Zoosk p\u00e5.<\/p>\n<p>For eksempel kan du gennemse lokale singler baseret p\u00e5, hvor du bor, eller kigge efter folk i n\u00e6rheden, der deler f\u00e6lles interesser. Du kan endda oprette advarsler for bestemte typer kampe, f.eks. en person, der deler dit foretrukne sportshold. Der er heller ingen gr\u00e6nser for, hvor langt du kan g\u00e5 p\u00e5 Zoosk; du kan udforske uendelige muligheder uden nogensinde at betale noget.<\/p>\n<p>Tilmeldingsprocessen er ret enkel. Du opretter en gratis profil, udfylder nogle grundl\u00e6ggende oplysninger om dig selv, og du er klar til at begynde at browse. Der er tre m\u00e5der at g\u00f8re dette p\u00e5: gennemse via mobilapp, desktop-webbrowser eller via en desktop-app.<\/p>\n<p>N\u00e5r du har tilmeldt dig, modtager du otte sp\u00f8rgsm\u00e5l, du skal besvare. Disse inkluderer ting som hvilken type forhold du leder efter, om du foretr\u00e6kker nogen inden for 10 miles eller 50 miles, og hvilken aldersgruppe du er interesseret i. Dette hj\u00e6lper med at indsn\u00e6vre feltet og give dig en bedre id\u00e9 om, hvad du kan finde, n\u00e5r du begynder at s\u00f8ge.<\/p>\n<p>N\u00e5r du har besvaret disse sp\u00f8rgsm\u00e5l, tager du en personlighedsquiz. Dette giver dig en god id\u00e9 om, hvilke typer mennesker du sandsynligvis vil m\u00f8de baseret p\u00e5 dine svar. Derefter vil du se en liste over potentielle matches baseret p\u00e5 dine pr\u00e6ferencer. Herfra kan du v\u00e6lge at se flere profiler eller bare flytte til en anden del af webstedet.<\/p>\n<h3>eHarmony<\/h3>\n<p>eHarmony er en af de st\u00f8rste datingsider i Amerika med over 10 millioner aktive medlemmer og 750.000 betalte abonnementer. Webstedet blev lanceret i 2000 og er vokset lige siden. Ud over at tilbyde en overflod af funktioner som personlighedstest og r\u00e5d om forhold, tilbyder den en unik funktion kaldet &#8220;The Chemistry Match&#8221;, hvor du besvarer sp\u00f8rgsm\u00e5l om dig selv og din partner for at se, hvor godt du ville arbejde sammen.<\/p>\n<p>Uden m\u00e5nedlige gebyrer tilbyder webstedet ubegr\u00e6nsede messaging- og profilvisninger plus en lang r\u00e6kke andre frynsegoder, herunder videochat, gruppechats og en mobilapp. Men mens den gratis version giver dig masser af bang for din sorteper, giver opgradering til en premium-konto dig ogs\u00e5 nogle ekstra fordele. Her er seks ting, du kan g\u00f8re, n\u00e5r du er tilmeldt.<\/p>\n<h3>OKCupid<\/h3>\n<p>OkCupid regner sig selv som &#8220;verdens bedste gratis datingside&#8221;, og vi er enige. Webstedet tilbyder alt, hvad du kan \u00f8nske dig i en datingapp &#8211; det er gratis, let at navigere og giver dig mulighed for at indstille pr\u00e6ferencer om race, religion og seksuel orientering. Du kan ogs\u00e5 sende beskeder og se profiler. Hvis du beslutter dig for at g\u00e5 premium ($ 9 \/ m\u00e5ned), f\u00e5r du adgang til yderligere funktioner s\u00e5som live videochat, gruppebeskeder og eksklusive begivenheder.<\/p>\n<h3>Bumble<\/h3>\n<p>Bumble er skabt af tidligere Facebook-medarbejdere og fokuserer p\u00e5 sikkerhed frem for romantik. N\u00e5r du tilmelder dig, v\u00e6lger du et brugernavn og indtaster din e-mail-adresse. Derfra modtager du en bekr\u00e6ftelseskode til bekr\u00e6ftelse af din konto. N\u00e5r du er bekr\u00e6ftet, kan du begynde at sende anmodninger til andre medlemmer. Kvinder skal acceptere eller afvise hver anmodning inden for 24 timer. Hvis hun accepterer, bliver du matchet og kan begynde at chatte.<\/p>\n","protected":false},"excerpt":{"rendered":"<p>Online dating handler ikke l\u00e6ngere kun om at swipe til h\u00f8jre og venstre p\u00e5 Tinder. Faktisk er det blevet en<\/p>\n","protected":false},"author":1,"featured_media":66,"parent":0,"menu_order":0,"comment_status":"closed","ping_status":"closed","template":"","meta":[],"yoast_head":"<!-- This site is optimized with the Yoast SEO plugin v17.7.1 - https:\/\/yoast.com\/wordpress\/plugins\/seo\/ -->\n<title>Online hookups - Hvad man skal passe p\u00e5 - Singles Personals<\/title>\n<meta name=\"robots\" content=\"index, follow, max-snippet:-1, max-image-preview:large, max-video-preview:-1\" \/>\n<link rel=\"canonical\" href=\"http:\/\/laydeezdocomics.com\/da\/\" \/>\n<meta property=\"og:locale\" content=\"da_DK\" \/>\n<meta property=\"og:type\" content=\"article\" \/>\n<meta property=\"og:title\" content=\"Online hookups - Hvad man skal passe p\u00e5 - Singles Personals\" \/>\n<meta property=\"og:description\" content=\"Online dating handler ikke l\u00e6ngere kun om at swipe til h\u00f8jre og venstre p\u00e5 Tinder. Faktisk er det blevet en\" \/>\n<meta property=\"og:url\" content=\"http:\/\/laydeezdocomics.com\/da\/\" \/>\n<meta property=\"og:site_name\" content=\"Singles Personals\" \/>\n<meta property=\"og:image\" content=\"http:\/\/laydeezdocomics.com\/wp-content\/uploads\/2022\/09\/local-dating.jpeg\" \/>\n\t<meta property=\"og:image:width\" content=\"1600\" \/>\n\t<meta property=\"og:image:height\" content=\"1065\" \/>\n<meta name=\"twitter:card\" content=\"summary_large_image\" \/>\n<meta name=\"twitter:label1\" content=\"Estimeret l\u00e6setid\" \/>\n\t<meta name=\"twitter:data1\" content=\"6 minutter\" \/>\n<script type=\"application\/ld+json\" class=\"yoast-schema-graph\">{\"@context\":\"https:\/\/schema.org\",\"@graph\":[{\"@type\":\"WebSite\",\"@id\":\"https:\/\/laydeezdocomics.com\/#website\",\"url\":\"https:\/\/laydeezdocomics.com\/\",\"name\":\"Singles Personals\",\"description\":\"Guide To Online Dating\",\"potentialAction\":[{\"@type\":\"SearchAction\",\"target\":{\"@type\":\"EntryPoint\",\"urlTemplate\":\"https:\/\/laydeezdocomics.com\/?s={search_term_string}\"},\"query-input\":\"required name=search_term_string\"}],\"inLanguage\":\"da-DK\"},{\"@type\":\"ImageObject\",\"@id\":\"http:\/\/laydeezdocomics.com\/da\/#primaryimage\",\"inLanguage\":\"da-DK\",\"url\":\"http:\/\/laydeezdocomics.com\/wp-content\/uploads\/2022\/09\/local-dating.jpeg\",\"contentUrl\":\"http:\/\/laydeezdocomics.com\/wp-content\/uploads\/2022\/09\/local-dating.jpeg\",\"width\":1600,\"height\":1065},{\"@type\":\"WebPage\",\"@id\":\"http:\/\/laydeezdocomics.com\/da\/#webpage\",\"url\":\"http:\/\/laydeezdocomics.com\/da\/\",\"name\":\"Online hookups - Hvad man skal passe p\\u00e5 - Singles Personals\",\"isPartOf\":{\"@id\":\"https:\/\/laydeezdocomics.com\/#website\"},\"primaryImageOfPage\":{\"@id\":\"http:\/\/laydeezdocomics.com\/da\/#primaryimage\"},\"datePublished\":\"2022-09-05T13:28:55+00:00\",\"dateModified\":\"2022-09-05T13:28:55+00:00\",\"breadcrumb\":{\"@id\":\"http:\/\/laydeezdocomics.com\/da\/#breadcrumb\"},\"inLanguage\":\"da-DK\",\"potentialAction\":[{\"@type\":\"ReadAction\",\"target\":[\"http:\/\/laydeezdocomics.com\/da\/\"]}]},{\"@type\":\"BreadcrumbList\",\"@id\":\"http:\/\/laydeezdocomics.com\/da\/#breadcrumb\",\"itemListElement\":[{\"@type\":\"ListItem\",\"position\":1,\"name\":\"Home\",\"item\":\"http:\/\/laydeezdocomics.com\/da\/\"},{\"@type\":\"ListItem\",\"position\":2,\"name\":\"Online hookups &#8211; Hvad man skal passe p\\u00e5\"}]}]}<\/script>\n<!-- \/ Yoast SEO plugin. -->","yoast_head_json":{"title":"Online hookups - Hvad man skal passe p\u00e5 - Singles Personals","robots":{"index":"index","follow":"follow","max-snippet":"max-snippet:-1","max-image-preview":"max-image-preview:large","max-video-preview":"max-video-preview:-1"},"canonical":"http:\/\/laydeezdocomics.com\/da\/","og_locale":"da_DK","og_type":"article","og_title":"Online hookups - Hvad man skal passe p\u00e5 - Singles Personals","og_description":"Online dating handler ikke l\u00e6ngere kun om at swipe til h\u00f8jre og venstre p\u00e5 Tinder. Faktisk er det blevet en","og_url":"http:\/\/laydeezdocomics.com\/da\/","og_site_name":"Singles Personals","og_image":[{"width":1600,"height":1065,"url":"http:\/\/laydeezdocomics.com\/wp-content\/uploads\/2022\/09\/local-dating.jpeg","type":"image\/jpeg"}],"twitter_card":"summary_large_image","twitter_misc":{"Estimeret l\u00e6setid":"6 minutter"},"schema":{"@context":"https:\/\/schema.org","@graph":[{"@type":"WebSite","@id":"https:\/\/laydeezdocomics.com\/#website","url":"https:\/\/laydeezdocomics.com\/","name":"Singles Personals","description":"Guide To Online Dating","potentialAction":[{"@type":"SearchAction","target":{"@type":"EntryPoint","urlTemplate":"https:\/\/laydeezdocomics.com\/?s={search_term_string}"},"query-input":"required name=search_term_string"}],"inLanguage":"da-DK"},{"@type":"ImageObject","@id":"http:\/\/laydeezdocomics.com\/da\/#primaryimage","inLanguage":"da-DK","url":"http:\/\/laydeezdocomics.com\/wp-content\/uploads\/2022\/09\/local-dating.jpeg","contentUrl":"http:\/\/laydeezdocomics.com\/wp-content\/uploads\/2022\/09\/local-dating.jpeg","width":1600,"height":1065},{"@type":"WebPage","@id":"http:\/\/laydeezdocomics.com\/da\/#webpage","url":"http:\/\/laydeezdocomics.com\/da\/","name":"Online hookups - Hvad man skal passe p\u00e5 - Singles Personals","isPartOf":{"@id":"https:\/\/laydeezdocomics.com\/#website"},"primaryImageOfPage":{"@id":"http:\/\/laydeezdocomics.com\/da\/#primaryimage"},"datePublished":"2022-09-05T13:28:55+00:00","dateModified":"2022-09-05T13:28:55+00:00","breadcrumb":{"@id":"http:\/\/laydeezdocomics.com\/da\/#breadcrumb"},"inLanguage":"da-DK","potentialAction":[{"@type":"ReadAction","target":["http:\/\/laydeezdocomics.com\/da\/"]}]},{"@type":"BreadcrumbList","@id":"http:\/\/laydeezdocomics.com\/da\/#breadcrumb","itemListElement":[{"@type":"ListItem","position":1,"name":"Home","item":"http:\/\/laydeezdocomics.com\/da\/"},{"@type":"ListItem","position":2,"name":"Online hookups &#8211; Hvad man skal passe p\u00e5"}]}]}},"_links":{"self":[{"href":"http:\/\/laydeezdocomics.com\/da\/wp-json\/wp\/v2\/pages\/217"}],"collection":[{"href":"http:\/\/laydeezdocomics.com\/da\/wp-json\/wp\/v2\/pages"}],"about":[{"href":"http:\/\/laydeezdocomics.com\/da\/wp-json\/wp\/v2\/types\/page"}],"author":[{"embeddable":true,"href":"http:\/\/laydeezdocomics.com\/da\/wp-json\/wp\/v2\/users\/1"}],"replies":[{"embeddable":true,"href":"http:\/\/laydeezdocomics.com\/da\/wp-json\/wp\/v2\/comments?post=217"}],"version-history":[{"count":0,"href":"http:\/\/laydeezdocomics.com\/da\/wp-json\/wp\/v2\/pages\/217\/revisions"}],"wp:featuredmedia":[{"embeddable":true,"href":"http:\/\/laydeezdocomics.com\/da\/wp-json\/wp\/v2\/media\/66"}],"wp:attachment":[{"href":"http:\/\/laydeezdocomics.com\/da\/wp-json\/wp\/v2\/media?parent=217"}],"curies":[{"name":"wp","href":"https:\/\/api.w.org\/{rel}","templated":true}]}}