{"id":199,"date":"2022-09-05T14:28:55","date_gmt":"2022-09-05T13:28:55","guid":{"rendered":"http:\/\/laydeezdocomics.com\/conexiones-en-linea-que-buscar\/"},"modified":"2022-09-05T14:28:55","modified_gmt":"2022-09-05T13:28:55","slug":"conexiones-en-linea-que-buscar","status":"publish","type":"page","link":"http:\/\/laydeezdocomics.com\/es\/","title":{"rendered":"Conexiones en l\u00ednea &#8211; Qu\u00e9 buscar"},"content":{"rendered":"<p>Las citas en l\u00ednea ya no se tratan solo de deslizar hacia la izquierda y hacia la derecha en Tinder. De hecho, se ha convertido en una de las formas m\u00e1s populares de encontrar el amor. Pero si bien hay muchas opciones por ah\u00ed, algunos de esos sitios cobran tarifas considerables o limitan la cantidad de coincidencias que ve por d\u00eda. As\u00ed que hicimos la investigaci\u00f3n por usted y encontramos los nueve mejores sitios y aplicaciones de citas gratuitas de 2022.<\/p>\n<p>Los tres sitios principales: OkCupid, Match y PlentyOfFish, son bien conocidos por su simplicidad y bajo costo. Son excelentes para principiantes, pero una vez que haya sido emparejado con alguien, querr\u00e1 actualizar a planes pagos. Si est\u00e1s buscando algo un poco menos convencional, echa un vistazo a Bumble, Hinge, OkCupid y Zoosk. Estos cuatro sitios ofrecen muchas caracter\u00edsticas sin cobrar una tarifa mensual. Pero no se olvide de los sitios de citas de nicho como SinglesAroundMe, BlackPeopleMeet, ChristianMingle y CougarLife. Incluso puede probar algunos diferentes para descubrir qu\u00e9 funciona mejor para usted.<\/p>\n<h2>C\u00f3mo funcionan las citas en l\u00ednea<\/h2>\n<p>Los sitios de citas en l\u00ednea est\u00e1n en constante evoluci\u00f3n, y no querr\u00e1s conformarte con nada menos que lo mejor. Tenemos la primicia de las aplicaciones y sitios de citas m\u00e1s populares, incluidos Tinder, Match, OkCupid, PlentyOfFish, Bumble y muchos otros. Encontrar\u00e1 rese\u00f1as de las caracter\u00edsticas de cada sitio, planes de precios, historias de \u00e9xito e incluso informaci\u00f3n sobre c\u00f3mo funciona cada uno detr\u00e1s de escena. Ya sea que est\u00e9 buscando amor, amistad o simplemente algunas citas divertidas, tenemos lo que necesita.<\/p>\n<p>Los sitios y aplicaciones de citas gratuitas se est\u00e1n volviendo cada vez m\u00e1s populares. Ofrecen una gran alternativa a los m\u00e9todos de citas tradicionales como bares y clubes porque permiten a las personas conectarse sin tener que pagar nada por adelantado.<\/p>\n<h2>Gu\u00eda para conectarse cerca de usted<\/h2>\n<p>Si desea saber qu\u00e9 tan compatible es otra persona con usted, deber\u00e1 pagar una peque\u00f1a tarifa. Sin embargo, la versi\u00f3n actualizada del sitio le permite ver su puntaje de coincidencia, lo que le indica qu\u00e9 tan similar es a cada miembro en funci\u00f3n de la edad, la ubicaci\u00f3n, el estado de la relaci\u00f3n y los intereses. Cuanto m\u00e1s bajo sea tu n\u00famero, mejor estar\u00e1s. Puede obtener m\u00e1s informaci\u00f3n sobre su compatibilidad aqu\u00ed.<\/p>\n<p>No podr\u00e1s enviar mensajes a nadie a menos que tengas suficientes me gusta en tu perfil, as\u00ed que aseg\u00farate de agregar fotos tuyas que la gente pueda disfrutar. Sin embargo, si a\u00fan no tiene muchos seguidores, puede aumentar sus n\u00fameros pagando una peque\u00f1a tarifa.<\/p>\n<p>Esta funci\u00f3n no est\u00e1 disponible en la versi\u00f3n gratuita del sitio, pero puede usar la versi\u00f3n actualizada para averiguar a qui\u00e9n le gust\u00f3 primero. Esto podr\u00eda ayudarlo a descubrir si alguien est\u00e1 realmente interesado en chatear con usted o simplemente tratar de golpearlo.<\/p>\n<h2>Aplicaciones de citas reales solo para solteros<\/h2>\n<p>La aplicaci\u00f3n est\u00e1 en todas partes: est\u00e1 en nuestros tel\u00e9fonos, tabletas, computadoras port\u00e1tiles, computadoras de escritorio, televisores, relojes inteligentes, incluso autom\u00f3viles. Y somos adictos a ella. Pero, \u00bfqu\u00e9 sucede cuando has visto casi todo? \u00bfAlguna vez has sentido que has probado todas las opciones que existen? Si es as\u00ed, aqu\u00ed hay algunas excelentes opciones para encontrar a alguien especial sin tener que desembolsar dinero por funciones premium.<\/p>\n<h2>Cerilla<\/h2>\n<p>Match.com es uno de los sitios de citas en l\u00ednea m\u00e1s populares. Si ha estado navegando por Internet en busca de sitios de citas gratuitos, es probable que tambi\u00e9n haya visto anuncios de Match.com. No solo anuncios, en realidad ves las fotos y biograf\u00edas reales de las personas en Match.com. Y esas personas parecen bastante felices de estar all\u00ed.<\/p>\n<p>Pero si bien Match.com no es exactamente gratis, ofrece algunas excelentes funciones de forma gratuita.<\/p>\n<h3>Zoosk<\/h3>\n<p>Zoosk.com es una de las aplicaciones de citas m\u00e1s antiguas que existen, ya que se lanz\u00f3 en 2007. Es el sitio de citas m\u00e1s popular en la App Store de Apple y tambi\u00e9n es ampliamente utilizado en dispositivos Android. Y aunque puede parecer una idea simple, simplemente reg\u00edstrese, agregue algunas fotos, complete algunas preguntas sobre usted y comience a deslizar hacia la izquierda o hacia la derecha, en realidad hay muchas formas diferentes de usar Zoosk.<\/p>\n<p>Por ejemplo, puede buscar solteros locales en funci\u00f3n de d\u00f3nde viva o buscar personas cercanas que compartan intereses comunes. Incluso puede configurar alertas para tipos espec\u00edficos de partidos, como alguien que comparte su equipo deportivo favorito. Tampoco hay l\u00edmites para lo lejos que puedes llegar en Zoosk; puedes explorar infinitas posibilidades sin pagar nada.<\/p>\n<p>El proceso de registro es bastante simple. Creas un perfil gratuito, completas informaci\u00f3n b\u00e1sica sobre ti y est\u00e1s listo para comenzar a navegar. Hay tres formas de hacerlo: navegar a trav\u00e9s de una aplicaci\u00f3n m\u00f3vil, un navegador web de escritorio o a trav\u00e9s de una aplicaci\u00f3n de escritorio.<\/p>\n<p>Una vez que se haya registrado, recibir\u00e1 ocho preguntas para responder. Estos incluyen cosas como qu\u00e9 tipo de relaci\u00f3n est\u00e1 buscando, si prefiere a alguien dentro de las 10 millas o 50 millas, y en qu\u00e9 grupo de edad est\u00e1 interesado. Esto ayuda a reducir el campo y le da una mejor idea de lo que podr\u00eda encontrar una vez que comience a buscar.<\/p>\n<p>Despu\u00e9s de responder a esas preguntas, tomar\u00e1s un cuestionario de personalidad. Esto le da una buena idea de qu\u00e9 tipos de personas es probable que conozca en funci\u00f3n de sus respuestas. Despu\u00e9s de eso, ver\u00e1 una lista de posibles coincidencias basadas en sus preferencias. Desde aqu\u00ed, puede elegir ver m\u00e1s perfiles o simplemente pasar a otra secci\u00f3n del sitio.<\/p>\n<h3>eHarmony<\/h3>\n<p>eHarmony es uno de los sitios de citas m\u00e1s grandes de Estados Unidos, con m\u00e1s de 10 millones de miembros activos y 750,000 suscripciones pagas. El sitio se lanz\u00f3 en 2000 y ha estado creciendo desde entonces. Adem\u00e1s de ofrecer una gran cantidad de caracter\u00edsticas como pruebas de personalidad y consejos de relaci\u00f3n, ofrece una caracter\u00edstica \u00fanica llamada \u00abThe Chemistry Match\u00bb, donde responde preguntas sobre usted y su pareja para ver qu\u00e9 tan bien trabajar\u00edan juntos.<\/p>\n<p>Sin tarifas mensuales, el sitio ofrece mensajes ilimitados y vistas de perfil, adem\u00e1s de una gran cantidad de otros beneficios que incluyen video chat, chat grupal y una aplicaci\u00f3n m\u00f3vil. Pero mientras que la versi\u00f3n gratuita le da mucho por su dinero, la actualizaci\u00f3n a una cuenta premium tambi\u00e9n le brinda algunos beneficios adicionales. Aqu\u00ed hay seis cosas que puede hacer una vez que se haya registrado.<\/p>\n<h3>OKCupid<\/h3>\n<p>OkCupid se anuncia a s\u00ed mismo como \u00abel mejor sitio de citas gratuito del mundo\u00bb, y estar\u00edamos de acuerdo. El sitio ofrece todo lo que pueda desear en una aplicaci\u00f3n de citas: es gratuito, f\u00e1cil de navegar y le permite establecer preferencias sobre raza, religi\u00f3n y orientaci\u00f3n sexual. Tambi\u00e9n puede enviar mensajes y ver perfiles. Si decide optar por la prima ($ 9 \/ mes), obtendr\u00e1 acceso a funciones adicionales como chat de video en vivo, mensajer\u00eda grupal y eventos exclusivos.<\/p>\n<h3>Bumble<\/h3>\n<p>Creado por ex empleados de Facebook, Bumble se centra en la seguridad en lugar del romance. Cuando te registras, eliges un nombre de usuario e ingresas tu direcci\u00f3n de correo electr\u00f3nico. A partir de ah\u00ed, recibir\u00e1s un c\u00f3digo de verificaci\u00f3n para confirmar tu cuenta. Una vez verificado, podr\u00e1 comenzar a enviar solicitudes a otros miembros. Las mujeres deben aceptar o rechazar cada solicitud dentro de las 24 horas. Si ella acepta, ser\u00e1s emparejado y podr\u00e1s comenzar a chatear.<\/p>\n","protected":false},"excerpt":{"rendered":"<p>Las citas en l\u00ednea ya no se tratan solo de deslizar hacia la izquierda y hacia la derecha en Tinder.<\/p>\n","protected":false},"author":1,"featured_media":76,"parent":0,"menu_order":0,"comment_status":"closed","ping_status":"closed","template":"","meta":[],"yoast_head":"<!-- This site is optimized with the Yoast SEO plugin v17.7.1 - https:\/\/yoast.com\/wordpress\/plugins\/seo\/ -->\n<title>Conexiones en l\u00ednea - Qu\u00e9 buscar - Singles Personals<\/title>\n<meta name=\"robots\" content=\"index, follow, max-snippet:-1, max-image-preview:large, max-video-preview:-1\" \/>\n<link rel=\"canonical\" href=\"http:\/\/laydeezdocomics.com\/es\/\" \/>\n<meta property=\"og:locale\" content=\"es_ES\" \/>\n<meta property=\"og:type\" content=\"article\" \/>\n<meta property=\"og:title\" content=\"Conexiones en l\u00ednea - Qu\u00e9 buscar - Singles Personals\" \/>\n<meta property=\"og:description\" content=\"Las citas en l\u00ednea ya no se tratan solo de deslizar hacia la izquierda y hacia la derecha en Tinder.\" \/>\n<meta property=\"og:url\" content=\"http:\/\/laydeezdocomics.com\/es\/\" \/>\n<meta property=\"og:site_name\" content=\"Singles Personals\" \/>\n<meta property=\"og:image\" content=\"https:\/\/laydeezdocomics.com\/wp-content\/uploads\/2022\/09\/local-dating.jpeg\" \/>\n\t<meta property=\"og:image:width\" content=\"1600\" \/>\n\t<meta property=\"og:image:height\" content=\"1065\" \/>\n<meta name=\"twitter:card\" content=\"summary_large_image\" \/>\n<meta name=\"twitter:label1\" content=\"Tiempo de lectura\" \/>\n\t<meta name=\"twitter:data1\" content=\"7 minutos\" \/>\n<script type=\"application\/ld+json\" class=\"yoast-schema-graph\">{\"@context\":\"https:\/\/schema.org\",\"@graph\":[{\"@type\":\"WebSite\",\"@id\":\"https:\/\/laydeezdocomics.com\/#website\",\"url\":\"https:\/\/laydeezdocomics.com\/\",\"name\":\"Singles Personals\",\"description\":\"Guide To Online Dating\",\"potentialAction\":[{\"@type\":\"SearchAction\",\"target\":{\"@type\":\"EntryPoint\",\"urlTemplate\":\"https:\/\/laydeezdocomics.com\/?s={search_term_string}\"},\"query-input\":\"required name=search_term_string\"}],\"inLanguage\":\"es\"},{\"@type\":\"ImageObject\",\"@id\":\"http:\/\/laydeezdocomics.com\/es\/#primaryimage\",\"inLanguage\":\"es\",\"url\":\"http:\/\/laydeezdocomics.com\/wp-content\/uploads\/2022\/09\/local-dating.jpeg\",\"contentUrl\":\"http:\/\/laydeezdocomics.com\/wp-content\/uploads\/2022\/09\/local-dating.jpeg\",\"width\":1600,\"height\":1065},{\"@type\":\"WebPage\",\"@id\":\"http:\/\/laydeezdocomics.com\/es\/#webpage\",\"url\":\"http:\/\/laydeezdocomics.com\/es\/\",\"name\":\"Conexiones en l\\u00ednea - Qu\\u00e9 buscar - Singles Personals\",\"isPartOf\":{\"@id\":\"https:\/\/laydeezdocomics.com\/#website\"},\"primaryImageOfPage\":{\"@id\":\"http:\/\/laydeezdocomics.com\/es\/#primaryimage\"},\"datePublished\":\"2022-09-05T13:28:55+00:00\",\"dateModified\":\"2022-09-05T13:28:55+00:00\",\"breadcrumb\":{\"@id\":\"http:\/\/laydeezdocomics.com\/es\/#breadcrumb\"},\"inLanguage\":\"es\",\"potentialAction\":[{\"@type\":\"ReadAction\",\"target\":[\"http:\/\/laydeezdocomics.com\/es\/\"]}]},{\"@type\":\"BreadcrumbList\",\"@id\":\"http:\/\/laydeezdocomics.com\/es\/#breadcrumb\",\"itemListElement\":[{\"@type\":\"ListItem\",\"position\":1,\"name\":\"Home\",\"item\":\"https:\/\/laydeezdocomics.com\/es\/\"},{\"@type\":\"ListItem\",\"position\":2,\"name\":\"Conexiones en l\\u00ednea &#8211; Qu\\u00e9 buscar\"}]}]}<\/script>\n<!-- \/ Yoast SEO plugin. -->","yoast_head_json":{"title":"Conexiones en l\u00ednea - Qu\u00e9 buscar - Singles Personals","robots":{"index":"index","follow":"follow","max-snippet":"max-snippet:-1","max-image-preview":"max-image-preview:large","max-video-preview":"max-video-preview:-1"},"canonical":"http:\/\/laydeezdocomics.com\/es\/","og_locale":"es_ES","og_type":"article","og_title":"Conexiones en l\u00ednea - Qu\u00e9 buscar - Singles Personals","og_description":"Las citas en l\u00ednea ya no se tratan solo de deslizar hacia la izquierda y hacia la derecha en Tinder.","og_url":"http:\/\/laydeezdocomics.com\/es\/","og_site_name":"Singles Personals","og_image":[{"width":1600,"height":1065,"url":"https:\/\/laydeezdocomics.com\/wp-content\/uploads\/2022\/09\/local-dating.jpeg","type":"image\/jpeg"}],"twitter_card":"summary_large_image","twitter_misc":{"Tiempo de lectura":"7 minutos"},"schema":{"@context":"https:\/\/schema.org","@graph":[{"@type":"WebSite","@id":"https:\/\/laydeezdocomics.com\/#website","url":"https:\/\/laydeezdocomics.com\/","name":"Singles Personals","description":"Guide To Online Dating","potentialAction":[{"@type":"SearchAction","target":{"@type":"EntryPoint","urlTemplate":"https:\/\/laydeezdocomics.com\/?s={search_term_string}"},"query-input":"required name=search_term_string"}],"inLanguage":"es"},{"@type":"ImageObject","@id":"http:\/\/laydeezdocomics.com\/es\/#primaryimage","inLanguage":"es","url":"http:\/\/laydeezdocomics.com\/wp-content\/uploads\/2022\/09\/local-dating.jpeg","contentUrl":"http:\/\/laydeezdocomics.com\/wp-content\/uploads\/2022\/09\/local-dating.jpeg","width":1600,"height":1065},{"@type":"WebPage","@id":"http:\/\/laydeezdocomics.com\/es\/#webpage","url":"http:\/\/laydeezdocomics.com\/es\/","name":"Conexiones en l\u00ednea - Qu\u00e9 buscar - Singles Personals","isPartOf":{"@id":"https:\/\/laydeezdocomics.com\/#website"},"primaryImageOfPage":{"@id":"http:\/\/laydeezdocomics.com\/es\/#primaryimage"},"datePublished":"2022-09-05T13:28:55+00:00","dateModified":"2022-09-05T13:28:55+00:00","breadcrumb":{"@id":"http:\/\/laydeezdocomics.com\/es\/#breadcrumb"},"inLanguage":"es","potentialAction":[{"@type":"ReadAction","target":["http:\/\/laydeezdocomics.com\/es\/"]}]},{"@type":"BreadcrumbList","@id":"http:\/\/laydeezdocomics.com\/es\/#breadcrumb","itemListElement":[{"@type":"ListItem","position":1,"name":"Home","item":"https:\/\/laydeezdocomics.com\/es\/"},{"@type":"ListItem","position":2,"name":"Conexiones en l\u00ednea &#8211; Qu\u00e9 buscar"}]}]}},"_links":{"self":[{"href":"http:\/\/laydeezdocomics.com\/es\/wp-json\/wp\/v2\/pages\/199"}],"collection":[{"href":"http:\/\/laydeezdocomics.com\/es\/wp-json\/wp\/v2\/pages"}],"about":[{"href":"http:\/\/laydeezdocomics.com\/es\/wp-json\/wp\/v2\/types\/page"}],"author":[{"embeddable":true,"href":"http:\/\/laydeezdocomics.com\/es\/wp-json\/wp\/v2\/users\/1"}],"replies":[{"embeddable":true,"href":"http:\/\/laydeezdocomics.com\/es\/wp-json\/wp\/v2\/comments?post=199"}],"version-history":[{"count":0,"href":"http:\/\/laydeezdocomics.com\/es\/wp-json\/wp\/v2\/pages\/199\/revisions"}],"wp:featuredmedia":[{"embeddable":true,"href":"http:\/\/laydeezdocomics.com\/es\/wp-json\/wp\/v2\/media\/76"}],"wp:attachment":[{"href":"http:\/\/laydeezdocomics.com\/es\/wp-json\/wp\/v2\/media?parent=199"}],"curies":[{"name":"wp","href":"https:\/\/api.w.org\/{rel}","templated":true}]}}