{"id":195,"date":"2022-09-05T14:28:55","date_gmt":"2022-09-05T13:28:55","guid":{"rendered":"http:\/\/laydeezdocomics.com\/online-kytkennat-mita-kannattaa-varoa\/"},"modified":"2022-09-05T14:28:55","modified_gmt":"2022-09-05T13:28:55","slug":"online-kytkennat-mita-kannattaa-varoa","status":"publish","type":"page","link":"http:\/\/laydeezdocomics.com\/fi\/","title":{"rendered":"Online-kytkenn\u00e4t &#8211; mit\u00e4 kannattaa varoa"},"content":{"rendered":"<p>Online-treffit eiv\u00e4t ole en\u00e4\u00e4 vain pyyhk\u00e4isemist\u00e4 vasemmalle ja oikealle Tinderiss\u00e4. Itse asiassa siit\u00e4 on tullut yksi suosituimmista tavoista l\u00f6yt\u00e4\u00e4 rakkautta. Mutta vaikka siell\u00e4 on paljon vaihtoehtoja, jotkut n\u00e4ist\u00e4 sivustoista veloittavat suuria maksuja tai rajoittavat sit\u00e4, kuinka monta ottelua n\u00e4et p\u00e4iv\u00e4ss\u00e4. Joten teimme tutkimuksen puolestasi ja l\u00f6ysimme yhdeks\u00e4n parasta ilmaista treffisivustoa ja -sovellusta vuonna 2022.<\/p>\n<p>Kolme parasta sivustoa: OkCupid, Match ja PlentyOfFish &#8211; ovat tunnettuja yksinkertaisuudestaan ja alhaisista kustannuksistaan. Ne sopivat erinomaisesti aloittelijoille, mutta kun sinut on yhdistetty jonkun kanssa, sinun kannattaa p\u00e4ivitt\u00e4\u00e4 maksullisiin suunnitelmiin. Jos etsit jotain hieman v\u00e4hemm\u00e4n valtavirtaa, tutustu Bumbleen, Hingeen, OkCupidiin ja Zooskiin. N\u00e4m\u00e4 nelj\u00e4 sivustoa tarjoavat paljon ominaisuuksia veloittamatta kuukausimaksua. Mutta \u00e4l\u00e4 unohda niche-treffisivustoja, kuten SinglesAroundMe, BlackPeopleMeet, ChristianMingle ja CougarLife. Voit jopa kokeilla muutamia erilaisia l\u00f6yt\u00e4\u00e4ksesi, mik\u00e4 toimii sinulle parhaiten.<\/p>\n<h2>Kuinka online-treffit toimivat<\/h2>\n<p>Online-treffisivustot kehittyv\u00e4t jatkuvasti, etk\u00e4 halua tyyty\u00e4 mihink\u00e4\u00e4n v\u00e4hemp\u00e4\u00e4n kuin parhaaseen. Meill\u00e4 on kauha suosituimmista treffisovelluksista ja sivustoista, mukaan lukien Tinder, Match, OkCupid, PlentyOfFish, Bumble ja monet muut. L\u00f6yd\u00e4t arvosteluja kunkin sivuston ominaisuuksista, hinnoittelusuunnitelmista, menestystarinoista ja jopa oivalluksia siit\u00e4, miten kukin toimii kulissien takana. Etsitp\u00e4 sitten rakkautta, yst\u00e4vyytt\u00e4 tai vain hauskoja treffej\u00e4, meill\u00e4 on mit\u00e4 tarvitset.<\/p>\n<p>Ilmaiset treffisivustot ja -sovellukset ovat yh\u00e4 suositumpia. Ne tarjoavat loistavan vaihtoehdon perinteisille treffimenetelmille, kuten baareille ja klubeille, koska niiden avulla ihmiset voivat muodostaa yhteyden ilman, ett\u00e4 heid\u00e4n tarvitsee maksaa mit\u00e4\u00e4n etuk\u00e4teen.<\/p>\n<h2>Opas vain yhteyden muodostamiseen l\u00e4hell\u00e4si<\/h2>\n<p>Jos haluat tiet\u00e4\u00e4, kuinka yhteensopiva joku muu on kanssasi, sinun on maksettava pieni maksu. Sivuston p\u00e4ivitetyn version avulla voit kuitenkin tarkastella vastaavuuspisteit\u00e4si, mik\u00e4 kertoo, kuinka samanlainen olet kunkin j\u00e4senen kanssa i\u00e4n, sijainnin, suhteen tilan ja kiinnostuksen kohteiden perusteella. Mit\u00e4 pienempi numerosi, sit\u00e4 paremmin voit. Saat lis\u00e4tietoja yhteensopivuudestasi t\u00e4\u00e4lt\u00e4.<\/p>\n<p>Et voi l\u00e4hett\u00e4\u00e4 viestej\u00e4 kenellek\u00e4\u00e4n, ellei sinulla ole tarpeeksi tykk\u00e4yksi\u00e4 profiilissasi, joten varmista, ett\u00e4 lis\u00e4\u00e4t itsest\u00e4si kuvia, joista ihmiset voivat nauttia. Jos sinulla ei kuitenkaan viel\u00e4 ole paljon seuraajia, voit lis\u00e4t\u00e4 numeroitasi maksamalla pienen maksun.<\/p>\n<p>T\u00e4m\u00e4 ominaisuus ei ole k\u00e4ytett\u00e4viss\u00e4 sivuston ilmaisessa versiossa, mutta voit k\u00e4ytt\u00e4\u00e4 p\u00e4ivitetty\u00e4 versiota selvitt\u00e4\u00e4ksesi, kuka tykk\u00e4si sinusta ensin. T\u00e4m\u00e4 voi auttaa sinua selvitt\u00e4m\u00e4\u00e4n, onko joku aidosti kiinnostunut keskustelemaan kanssasi vai yritt\u00e4m\u00e4\u00e4n vain ly\u00f6d\u00e4 sinua.<\/p>\n<h2>Oikeat treffisovellukset vain sinkuille<\/h2>\n<p>Sovellus on kaikkialla \u2013 se on puhelimissamme, tableteissamme, kannettavissa tietokoneissamme, p\u00f6yt\u00e4tietokoneissamme, televisioissamme, \u00e4lykelloissamme, jopa autoissamme. Ja olemme riippuvaisia siit\u00e4. Mutta mit\u00e4 tapahtuu, kun olet n\u00e4hnyt melkein kaiken? Tuntuuko sinusta koskaan silt\u00e4, ett\u00e4 olet kokeillut jokaista vaihtoehtoa siell\u00e4? Jos n\u00e4in on, t\u00e4ss\u00e4 on joitain upeita vaihtoehtoja l\u00f6yt\u00e4\u00e4 joku erityinen ilman, ett\u00e4 sinun tarvitsee haarukoida rahaa premium-ominaisuuksiin.<\/p>\n<h2>Tulitikku<\/h2>\n<p>Match.com on yksi suosituimmista online-treffisivustoista. Jos olet selannut Interneti\u00e4 ilmaisille treffisivustoille, olet todenn\u00e4k\u00f6isesti n\u00e4hnyt mainoksia my\u00f6s Match.com. Ei vain mainoksia \u2013 n\u00e4et itse asiassa ihmisten oikeat kuvat ja biot Match.com. Ja nuo ihmiset n\u00e4ytt\u00e4v\u00e4t melko onnellisilta siit\u00e4, ett\u00e4 he ovat siell\u00e4.<\/p>\n<p>Mutta vaikka Match.com ei ole aivan ilmainen, se tarjoaa hienoja ominaisuuksia ilmaiseksi.<\/p>\n<h3>Zoosk<\/h3>\n<p>Zoosk.com on yksi vanhimmista treffisovelluksista, joka on julkaistu jo vuonna 2007. Se on Applen App Storen suosituin treffisivusto, ja sit\u00e4 k\u00e4ytet\u00e4\u00e4n my\u00f6s laajalti Android-laitteissa. Ja vaikka se saattaa tuntua yksinkertaiselta ajatukselta &#8211; rekister\u00f6idy vain, lis\u00e4\u00e4 valokuvia, t\u00e4yt\u00e4 muutama kysymys itsest\u00e4si ja ala pyyhk\u00e4ist\u00e4 vasemmalle tai oikealle &#8211; zooskin k\u00e4ytt\u00f6\u00f6n on itse asiassa monia eri tapoja.<\/p>\n<p>Voit esimerkiksi selata paikallisia sinkkuja asuinpaikkasi mukaan tai etsi\u00e4 l\u00e4hell\u00e4 olevia ihmisi\u00e4, joilla on yhteisi\u00e4 kiinnostuksen kohteita. Voit jopa asettaa h\u00e4lytyksi\u00e4 tietyntyyppisille otteluille, kuten henkil\u00f6lle, joka jakaa suosikkiurheilujoukkueesi. Zooskin edetess\u00e4 ei my\u00f6sk\u00e4\u00e4n ole rajoituksia; voit tutkia loputtomia mahdollisuuksia maksamatta koskaan mit\u00e4\u00e4n.<\/p>\n<p>Rekister\u00f6itymisprosessi on melko yksinkertainen. Luot ilmaisen profiilin, t\u00e4yt\u00e4t joitain perustietoja itsest\u00e4si ja olet valmis aloittamaan selaamisen. Voit tehd\u00e4 t\u00e4m\u00e4n kolmella tavalla: selata mobiilisovelluksen, ty\u00f6p\u00f6yt\u00e4selaimen tai ty\u00f6p\u00f6yt\u00e4sovelluksen kautta.<\/p>\n<p>Kun olet rekister\u00f6itynyt, saat kahdeksan kysymyst\u00e4, joihin voit vastata. N\u00e4it\u00e4 ovat esimerkiksi etsim\u00e4si suhde, haluatko jonkun 10 mailin tai 50 mailin s\u00e4teell\u00e4 ja mist\u00e4 ik\u00e4ryhm\u00e4st\u00e4 olet kiinnostunut. T\u00e4m\u00e4 auttaa kaventamaan kentt\u00e4\u00e4 ja antaa sinulle paremman k\u00e4sityksen siit\u00e4, mit\u00e4 saatat l\u00f6yt\u00e4\u00e4, kun aloitat haun.<\/p>\n<p>Kun olet vastannut n\u00e4ihin kysymyksiin, suoritat persoonallisuuskyselyn. T\u00e4m\u00e4 antaa sinulle hyv\u00e4n k\u00e4sityksen siit\u00e4, mink\u00e4 tyyppisi\u00e4 ihmisi\u00e4 todenn\u00e4k\u00f6isesti tapaat vastaustesi perusteella. Sen j\u00e4lkeen n\u00e4et luettelon mahdollisista otteluista mieltymystesi mukaan. T\u00e4\u00e4lt\u00e4 voit tarkastella lis\u00e4\u00e4 profiileja tai siirty\u00e4 vain sivuston toiseen osaan.<\/p>\n<h3>eHarmony<\/h3>\n<p>eHarmony on yksi Amerikan suurimmista treffisivustoista, jolla on yli 10 miljoonaa aktiivista j\u00e4sent\u00e4 ja 750,000 XNUMX maksettua tilausta. Sivusto lanseerattiin vuonna 2000 ja on kasvanut siit\u00e4 l\u00e4htien. Sen lis\u00e4ksi, ett\u00e4 se tarjoaa lukuisia ominaisuuksia, kuten persoonallisuustestej\u00e4 ja suhdeneuvoja, se tarjoaa ainutlaatuisen ominaisuuden nimelt\u00e4 &#8221;The Chemistry Match&#8221;, jossa vastaat itse\u00e4si ja kumppaniasi koskeviin kysymyksiin n\u00e4hd\u00e4ksesi, kuinka hyvin ty\u00f6skentelisit yhdess\u00e4.<\/p>\n<p>Ilman kuukausimaksuja sivusto tarjoaa rajoittamattoman m\u00e4\u00e4r\u00e4n viestej\u00e4 ja profiilin\u00e4kymi\u00e4 sek\u00e4 joukon muita etuja, kuten videokeskustelun, ryhm\u00e4keskustelut ja mobiilisovelluksen. Mutta vaikka ilmainen versio antaa sinulle paljon vastinetta rahoillesi, p\u00e4ivitt\u00e4minen premium-tilille tarjoaa sinulle my\u00f6s joitain lis\u00e4etuja. T\u00e4ss\u00e4 on kuusi asiaa, jotka voit tehd\u00e4, kun olet rekister\u00f6itynyt.<\/p>\n<h3>OKCupid<\/h3>\n<p>OkCupid mainostaa itse\u00e4\u00e4n &#8221;maailman parhaaksi ilmaiseksi treffisivustoksi&#8221;, ja olemme samaa mielt\u00e4. Sivusto tarjoaa kaiken, mit\u00e4 haluat treffisovelluksessa \u2013 se on ilmainen, helppo navigoida ja antaa sinun asettaa asetuksia rodun, uskonnon ja seksuaalisen suuntautumisen suhteen. Voit my\u00f6s l\u00e4hett\u00e4\u00e4 viestej\u00e4 ja tarkastella profiileja. Jos p\u00e4\u00e4t\u00e4t valita premium-luokan (9 dollaria\/ kk), saat k\u00e4ytt\u00f6\u00f6si lis\u00e4ominaisuuksia, kuten live-videokeskustelun, ryhm\u00e4viestit ja eksklusiiviset tapahtumat.<\/p>\n<h3>\u00c4nkytt\u00e4\u00e4<\/h3>\n<p>Entisten Facebookin ty\u00f6ntekij\u00f6iden luoma Bumble keskittyy turvallisuuteen romantiikan sijaan. Kun rekister\u00f6idyt, valitset k\u00e4ytt\u00e4j\u00e4nimen ja kirjoitat s\u00e4hk\u00f6postiosoitteesi. Sielt\u00e4 saat vahvistuskoodin tilisi vahvistamiseksi. Kun vahvistus on vahvistettu, voit aloittaa pyynt\u00f6jen l\u00e4hett\u00e4misen muille j\u00e4senille. Naisten on hyv\u00e4ksytt\u00e4v\u00e4 tai hyl\u00e4tt\u00e4v\u00e4 jokainen pyynt\u00f6 24 tunnin kuluessa. Jos h\u00e4n hyv\u00e4ksyy, sinut sovitetaan yhteen ja voit aloittaa keskustelun.<\/p>\n","protected":false},"excerpt":{"rendered":"<p>Online-treffit eiv\u00e4t ole en\u00e4\u00e4 vain pyyhk\u00e4isemist\u00e4 vasemmalle ja oikealle Tinderiss\u00e4. Itse asiassa siit\u00e4 on tullut yksi suosituimmista tavoista l\u00f6yt\u00e4\u00e4 rakkautta.<\/p>\n","protected":false},"author":1,"featured_media":68,"parent":0,"menu_order":0,"comment_status":"closed","ping_status":"closed","template":"","meta":[],"yoast_head":"<!-- This site is optimized with the Yoast SEO plugin v17.7.1 - https:\/\/yoast.com\/wordpress\/plugins\/seo\/ -->\n<title>Online-kytkenn\u00e4t - mit\u00e4 kannattaa varoa - Singles Personals<\/title>\n<meta name=\"robots\" content=\"index, follow, max-snippet:-1, max-image-preview:large, max-video-preview:-1\" \/>\n<link rel=\"canonical\" href=\"http:\/\/laydeezdocomics.com\/fi\/\" \/>\n<meta property=\"og:locale\" content=\"fi_FI\" \/>\n<meta property=\"og:type\" content=\"article\" \/>\n<meta property=\"og:title\" content=\"Online-kytkenn\u00e4t - mit\u00e4 kannattaa varoa - Singles Personals\" \/>\n<meta property=\"og:description\" content=\"Online-treffit eiv\u00e4t ole en\u00e4\u00e4 vain pyyhk\u00e4isemist\u00e4 vasemmalle ja oikealle Tinderiss\u00e4. Itse asiassa siit\u00e4 on tullut yksi suosituimmista tavoista l\u00f6yt\u00e4\u00e4 rakkautta.\" \/>\n<meta property=\"og:url\" content=\"http:\/\/laydeezdocomics.com\/fi\/\" \/>\n<meta property=\"og:site_name\" content=\"Singles Personals\" \/>\n<meta property=\"og:image\" content=\"http:\/\/laydeezdocomics.com\/wp-content\/uploads\/2022\/09\/local-dating.jpeg\" \/>\n\t<meta property=\"og:image:width\" content=\"1600\" \/>\n\t<meta property=\"og:image:height\" content=\"1065\" \/>\n<meta name=\"twitter:card\" content=\"summary_large_image\" \/>\n<meta name=\"twitter:label1\" content=\"Arvioitu lukuaika\" \/>\n\t<meta name=\"twitter:data1\" content=\"5 minuuttia\" \/>\n<script type=\"application\/ld+json\" class=\"yoast-schema-graph\">{\"@context\":\"https:\/\/schema.org\",\"@graph\":[{\"@type\":\"WebSite\",\"@id\":\"https:\/\/laydeezdocomics.com\/#website\",\"url\":\"https:\/\/laydeezdocomics.com\/\",\"name\":\"Singles Personals\",\"description\":\"Guide To Online Dating\",\"potentialAction\":[{\"@type\":\"SearchAction\",\"target\":{\"@type\":\"EntryPoint\",\"urlTemplate\":\"https:\/\/laydeezdocomics.com\/?s={search_term_string}\"},\"query-input\":\"required name=search_term_string\"}],\"inLanguage\":\"fi\"},{\"@type\":\"ImageObject\",\"@id\":\"http:\/\/laydeezdocomics.com\/fi\/#primaryimage\",\"inLanguage\":\"fi\",\"url\":\"http:\/\/laydeezdocomics.com\/wp-content\/uploads\/2022\/09\/local-dating.jpeg\",\"contentUrl\":\"http:\/\/laydeezdocomics.com\/wp-content\/uploads\/2022\/09\/local-dating.jpeg\",\"width\":1600,\"height\":1065},{\"@type\":\"WebPage\",\"@id\":\"http:\/\/laydeezdocomics.com\/fi\/#webpage\",\"url\":\"http:\/\/laydeezdocomics.com\/fi\/\",\"name\":\"Online-kytkenn\\u00e4t - mit\\u00e4 kannattaa varoa - Singles Personals\",\"isPartOf\":{\"@id\":\"https:\/\/laydeezdocomics.com\/#website\"},\"primaryImageOfPage\":{\"@id\":\"http:\/\/laydeezdocomics.com\/fi\/#primaryimage\"},\"datePublished\":\"2022-09-05T13:28:55+00:00\",\"dateModified\":\"2022-09-05T13:28:55+00:00\",\"breadcrumb\":{\"@id\":\"http:\/\/laydeezdocomics.com\/fi\/#breadcrumb\"},\"inLanguage\":\"fi\",\"potentialAction\":[{\"@type\":\"ReadAction\",\"target\":[\"http:\/\/laydeezdocomics.com\/fi\/\"]}]},{\"@type\":\"BreadcrumbList\",\"@id\":\"http:\/\/laydeezdocomics.com\/fi\/#breadcrumb\",\"itemListElement\":[{\"@type\":\"ListItem\",\"position\":1,\"name\":\"Home\",\"item\":\"http:\/\/laydeezdocomics.com\/fi\/\"},{\"@type\":\"ListItem\",\"position\":2,\"name\":\"Online-kytkenn\\u00e4t &#8211; mit\\u00e4 kannattaa varoa\"}]}]}<\/script>\n<!-- \/ Yoast SEO plugin. -->","yoast_head_json":{"title":"Online-kytkenn\u00e4t - mit\u00e4 kannattaa varoa - Singles Personals","robots":{"index":"index","follow":"follow","max-snippet":"max-snippet:-1","max-image-preview":"max-image-preview:large","max-video-preview":"max-video-preview:-1"},"canonical":"http:\/\/laydeezdocomics.com\/fi\/","og_locale":"fi_FI","og_type":"article","og_title":"Online-kytkenn\u00e4t - mit\u00e4 kannattaa varoa - Singles Personals","og_description":"Online-treffit eiv\u00e4t ole en\u00e4\u00e4 vain pyyhk\u00e4isemist\u00e4 vasemmalle ja oikealle Tinderiss\u00e4. Itse asiassa siit\u00e4 on tullut yksi suosituimmista tavoista l\u00f6yt\u00e4\u00e4 rakkautta.","og_url":"http:\/\/laydeezdocomics.com\/fi\/","og_site_name":"Singles Personals","og_image":[{"width":1600,"height":1065,"url":"http:\/\/laydeezdocomics.com\/wp-content\/uploads\/2022\/09\/local-dating.jpeg","type":"image\/jpeg"}],"twitter_card":"summary_large_image","twitter_misc":{"Arvioitu lukuaika":"5 minuuttia"},"schema":{"@context":"https:\/\/schema.org","@graph":[{"@type":"WebSite","@id":"https:\/\/laydeezdocomics.com\/#website","url":"https:\/\/laydeezdocomics.com\/","name":"Singles Personals","description":"Guide To Online Dating","potentialAction":[{"@type":"SearchAction","target":{"@type":"EntryPoint","urlTemplate":"https:\/\/laydeezdocomics.com\/?s={search_term_string}"},"query-input":"required name=search_term_string"}],"inLanguage":"fi"},{"@type":"ImageObject","@id":"http:\/\/laydeezdocomics.com\/fi\/#primaryimage","inLanguage":"fi","url":"http:\/\/laydeezdocomics.com\/wp-content\/uploads\/2022\/09\/local-dating.jpeg","contentUrl":"http:\/\/laydeezdocomics.com\/wp-content\/uploads\/2022\/09\/local-dating.jpeg","width":1600,"height":1065},{"@type":"WebPage","@id":"http:\/\/laydeezdocomics.com\/fi\/#webpage","url":"http:\/\/laydeezdocomics.com\/fi\/","name":"Online-kytkenn\u00e4t - mit\u00e4 kannattaa varoa - Singles Personals","isPartOf":{"@id":"https:\/\/laydeezdocomics.com\/#website"},"primaryImageOfPage":{"@id":"http:\/\/laydeezdocomics.com\/fi\/#primaryimage"},"datePublished":"2022-09-05T13:28:55+00:00","dateModified":"2022-09-05T13:28:55+00:00","breadcrumb":{"@id":"http:\/\/laydeezdocomics.com\/fi\/#breadcrumb"},"inLanguage":"fi","potentialAction":[{"@type":"ReadAction","target":["http:\/\/laydeezdocomics.com\/fi\/"]}]},{"@type":"BreadcrumbList","@id":"http:\/\/laydeezdocomics.com\/fi\/#breadcrumb","itemListElement":[{"@type":"ListItem","position":1,"name":"Home","item":"http:\/\/laydeezdocomics.com\/fi\/"},{"@type":"ListItem","position":2,"name":"Online-kytkenn\u00e4t &#8211; mit\u00e4 kannattaa varoa"}]}]}},"_links":{"self":[{"href":"http:\/\/laydeezdocomics.com\/fi\/wp-json\/wp\/v2\/pages\/195"}],"collection":[{"href":"http:\/\/laydeezdocomics.com\/fi\/wp-json\/wp\/v2\/pages"}],"about":[{"href":"http:\/\/laydeezdocomics.com\/fi\/wp-json\/wp\/v2\/types\/page"}],"author":[{"embeddable":true,"href":"http:\/\/laydeezdocomics.com\/fi\/wp-json\/wp\/v2\/users\/1"}],"replies":[{"embeddable":true,"href":"http:\/\/laydeezdocomics.com\/fi\/wp-json\/wp\/v2\/comments?post=195"}],"version-history":[{"count":0,"href":"http:\/\/laydeezdocomics.com\/fi\/wp-json\/wp\/v2\/pages\/195\/revisions"}],"wp:featuredmedia":[{"embeddable":true,"href":"http:\/\/laydeezdocomics.com\/fi\/wp-json\/wp\/v2\/media\/68"}],"wp:attachment":[{"href":"http:\/\/laydeezdocomics.com\/fi\/wp-json\/wp\/v2\/media?parent=195"}],"curies":[{"name":"wp","href":"https:\/\/api.w.org\/{rel}","templated":true}]}}