{"id":201,"date":"2022-09-05T14:28:55","date_gmt":"2022-09-05T13:28:55","guid":{"rendered":"http:\/\/laydeezdocomics.com\/connexions-en-ligne-ce-quil-faut-surveiller\/"},"modified":"2022-09-05T14:28:55","modified_gmt":"2022-09-05T13:28:55","slug":"connexions-en-ligne-ce-quil-faut-surveiller","status":"publish","type":"page","link":"http:\/\/laydeezdocomics.com\/fr\/","title":{"rendered":"Connexions en ligne &#8211; Ce qu\u2019il faut surveiller"},"content":{"rendered":"<p>Les rencontres en ligne ne consistent plus seulement \u00e0 glisser vers la gauche et la droite sur Tinder. En fait, c\u2019est devenu l\u2019un des moyens les plus populaires de trouver l\u2019amour. Mais bien qu\u2019il existe de nombreuses options, certains de ces sites facturent des frais \u00e9lev\u00e9s ou limitent le nombre de correspondances que vous voyez par jour. Nous avons donc fait la recherche pour vous et avons trouv\u00e9 les neuf meilleurs sites et applications de rencontres gratuits de 2022.<\/p>\n<p>Les trois principaux sites: OkCupid, Match et PlentyOfFish sont bien connus pour leur simplicit\u00e9 et leur faible co\u00fbt. Ils sont parfaits pour les d\u00e9butants, mais une fois que vous avez \u00e9t\u00e9 jumel\u00e9 avec quelqu\u2019un, vous voudrez passer \u00e0 des plans payants. Si vous cherchez quelque chose d\u2019un peu moins grand public, consultez Bumble, Hinge, OkCupid et Zoosk. Ces quatre sites offrent de nombreuses fonctionnalit\u00e9s sans facturer de frais mensuels. Mais n\u2019oubliez pas les sites de rencontres de niche comme SinglesAroundMe, BlackPeopleMeet, ChristianMingle et CougarLife. Vous pouvez m\u00eame en essayer quelques-uns diff\u00e9rents pour d\u00e9couvrir ce qui fonctionne le mieux pour vous.<\/p>\n<h2>Comment fonctionnent les rencontres en ligne<\/h2>\n<p>Les sites de rencontres en ligne sont en constante \u00e9volution et vous ne voulez pas vous contenter de moins que le meilleur. Nous avons le scoop sur les applications et les sites de rencontres les plus populaires, y compris Tinder, Match, OkCupid, PlentyOfFish, Bumble et bien d\u2019autres. Vous trouverez des critiques des fonctionnalit\u00e9s de chaque site, des plans tarifaires, des histoires de r\u00e9ussite et m\u00eame des informations sur la fa\u00e7on dont chacun fonctionne dans les coulisses. Que vous recherchiez l\u2019amour, l\u2019amiti\u00e9 ou simplement des rendez-vous amusants, nous avons ce qu\u2019il vous faut.<\/p>\n<p>Les sites et applications de rencontres gratuits deviennent de plus en plus populaires. Ils offrent une excellente alternative aux m\u00e9thodes de rencontres traditionnelles comme les bars et les clubs, car ils permettent aux gens de se connecter sans avoir \u00e0 payer quoi que ce soit \u00e0 l\u2019avance.<\/p>\n<h2>Guide pour simplement brancher pr\u00e8s de chez vous<\/h2>\n<p>Si vous voulez savoir \u00e0 quel point quelqu\u2019un d\u2019autre est compatible avec vous, vous devrez payer une somme modique. Cependant, la version am\u00e9lior\u00e9e du site vous permet d\u2019afficher votre score de correspondance, qui vous indique \u00e0 quel point vous \u00eates similaire \u00e0 chaque membre en fonction de l\u2019\u00e2ge, de l\u2019emplacement, du statut de la relation et des int\u00e9r\u00eats. Plus votre nombre est bas, mieux vous vous porterez. Vous pouvez en savoir plus sur votre compatibilit\u00e9 ici.<\/p>\n<p>Vous ne pourrez pas envoyer de messages \u00e0 qui que ce soit \u00e0 moins d\u2019avoir suffisamment de likes sur votre profil, alors assurez-vous d\u2019ajouter des photos de vous-m\u00eame que les gens peuvent appr\u00e9cier. Si vous n\u2019avez pas d\u00e9j\u00e0 beaucoup d\u2019adeptes, cependant, vous pouvez augmenter vos chiffres en payant une somme modique.<\/p>\n<p>Cette fonctionnalit\u00e9 n\u2019est pas disponible dans la version gratuite du site, mais vous pouvez utiliser la version mise \u00e0 niveau pour savoir qui vous a aim\u00e9 en premier. Cela pourrait vous aider \u00e0 d\u00e9terminer si quelqu\u2019un est vraiment int\u00e9ress\u00e9 \u00e0 discuter avec vous ou simplement \u00e0 essayer de vous frapper.<\/p>\n<h2>Vraies applications de rencontres pour c\u00e9libataires uniquement<\/h2>\n<p>L\u2019application est partout &#8211; c\u2019est sur nos t\u00e9l\u00e9phones, tablettes, ordinateurs portables, ordinateurs de bureau, t\u00e9l\u00e9viseurs, montres intelligentes, m\u00eame des voitures. Et nous en sommes accros. Mais que se passe-t-il lorsque vous avez vu \u00e0 peu pr\u00e8s tout? Avez-vous d\u00e9j\u00e0 eu l\u2019impression d\u2019avoir essay\u00e9 toutes les options ? Si c\u2019est le cas, voici quelques excellentes options pour trouver quelqu\u2019un de sp\u00e9cial sans avoir \u00e0 d\u00e9bourser de l\u2019argent pour des fonctionnalit\u00e9s premium.<\/p>\n<h2>Allumette<\/h2>\n<p>Match.com est l\u2019un des sites de rencontres en ligne les plus populaires. Si vous avez navigu\u00e9 sur Internet pour des sites de rencontres gratuits, il y a de fortes chances que vous ayez \u00e9galement vu des annonces pour Match.com. Pas seulement des publicit\u00e9s, vous voyez en fait les vraies photos et biographies des gens sur Match.com. Et ces gens semblent assez heureux d\u2019\u00eatre l\u00e0.<\/p>\n<p>Mais bien que Match.com ne soit pas exactement gratuit, il offre gratuitement d\u2019excellentes fonctionnalit\u00e9s.<\/p>\n<h3>Zoosk<\/h3>\n<p>Zoosk.com est l\u2019une des plus anciennes applications de rencontres, ayant \u00e9t\u00e9 lanc\u00e9e en 2007. C\u2019est le site de rencontre le plus populaire sur l\u2019App Store d\u2019Apple et est \u00e9galement largement utilis\u00e9 sur les appareils Android. Et bien que cela puisse sembler une id\u00e9e simple &#8211; il suffit de s\u2019inscrire, d\u2019ajouter des photos, de remplir quelques questions sur vous-m\u00eame et de commencer \u00e0 glisser vers la gauche ou la droite &#8211; il existe en fait de nombreuses fa\u00e7ons d\u2019utiliser Zoosk.<\/p>\n<p>Par exemple, vous pouvez parcourir les c\u00e9libataires locaux en fonction de l\u2019endroit o\u00f9 vous vivez, ou rechercher des personnes \u00e0 proximit\u00e9 qui partagent des int\u00e9r\u00eats communs. Vous pouvez m\u00eame configurer des alertes pour des types de matchs sp\u00e9cifiques, comme quelqu\u2019un qui partage votre \u00e9quipe sportive pr\u00e9f\u00e9r\u00e9e. Il n\u2019y a pas non plus de limites \u00e0 la distance que vous pouvez parcourir sur Zoosk; vous pouvez explorer des possibilit\u00e9s infinies sans jamais rien payer.<\/p>\n<p>Le processus d\u2019inscription est assez simple. Vous cr\u00e9ez un profil gratuit, compl\u00e9tez quelques informations de base sur vous-m\u00eame et vous \u00eates pr\u00eat \u00e0 commencer \u00e0 naviguer. Il y a trois fa\u00e7ons de le faire : naviguez via une application mobile, un navigateur Web de bureau ou via une application de bureau.<\/p>\n<p>Une fois inscrit, vous recevrez huit questions auxquelles vous devrez r\u00e9pondre. Ceux-ci incluent des choses comme le type de relation que vous recherchez, si vous pr\u00e9f\u00e9rez quelqu\u2019un dans un rayon de 10 miles ou 50 miles, et quel groupe d\u2019\u00e2ge vous int\u00e9resse. Cela aide \u00e0 affiner le champ et vous donne une meilleure id\u00e9e de ce que vous pourriez trouver une fois que vous commencez \u00e0 chercher.<\/p>\n<p>Apr\u00e8s avoir r\u00e9pondu \u00e0 ces questions, vous r\u00e9pondrez \u00e0 un quiz sur la personnalit\u00e9. Cela vous donne une bonne id\u00e9e des types de personnes que vous \u00eates susceptible de rencontrer en fonction de vos r\u00e9ponses. Apr\u00e8s cela, vous verrez une liste de correspondances potentielles en fonction de vos pr\u00e9f\u00e9rences. \u00c0 partir de l\u00e0, vous pouvez choisir d\u2019afficher plus de profils ou simplement passer \u00e0 une autre section du site.<\/p>\n<h3>eHarmonie<\/h3>\n<p>eHarmony est l\u2019un des plus grands sites de rencontres en Am\u00e9rique, avec plus de 10 millions de membres actifs et 750 000 abonnements payants. Le site a \u00e9t\u00e9 lanc\u00e9 en 2000 et n\u2019a cess\u00e9 de cro\u00eetre depuis. En plus d\u2019offrir une pl\u00e9thore de fonctionnalit\u00e9s telles que des tests de personnalit\u00e9 et des conseils relationnels, il offre une fonctionnalit\u00e9 unique appel\u00e9e \u00ab&nbsp;The Chemistry Match&nbsp;\u00bb, o\u00f9 vous r\u00e9pondez \u00e0 des questions sur vous-m\u00eame et votre partenaire pour voir \u00e0 quel point vous travailleriez bien ensemble.<\/p>\n<p>Sans frais mensuels, le site offre une messagerie illimit\u00e9e et des vues de profil, ainsi qu\u2019une foule d\u2019autres avantages, notamment le chat vid\u00e9o, les discussions de groupe et une application mobile. Mais alors que la version gratuite vous en donne beaucoup pour votre argent, la mise \u00e0 niveau vers un compte premium vous apporte \u00e9galement des avantages suppl\u00e9mentaires. Voici six choses que vous pouvez faire une fois que vous \u00eates inscrit.<\/p>\n<h3>OKCupid<\/h3>\n<p>OkCupid se pr\u00e9sente comme \u00ab&nbsp;le meilleur site de rencontre gratuit au monde&nbsp;\u00bb, et nous serions d\u2019accord. Le site offre tout ce que vous pourriez vouloir dans une application de rencontres &#8211; il est gratuit, facile \u00e0 naviguer et vous permet de d\u00e9finir des pr\u00e9f\u00e9rences sur la race, la religion et l\u2019orientation sexuelle. Vous pouvez \u00e9galement envoyer des messages et afficher des profils. Si vous d\u00e9cidez de passer \u00e0 la prime (9 $ \/ mois), vous aurez acc\u00e8s \u00e0 des fonctionnalit\u00e9s suppl\u00e9mentaires telles que le chat vid\u00e9o en direct, la messagerie de groupe et les \u00e9v\u00e9nements exclusifs.<\/p>\n<h3>Bumble<\/h3>\n<p>Cr\u00e9\u00e9 par d\u2019anciens employ\u00e9s de Facebook, Bumble se concentre sur la s\u00e9curit\u00e9 plut\u00f4t que sur la romance. Lorsque vous vous inscrivez, vous choisissez un nom d\u2019utilisateur et entrez votre adresse e-mail. \u00c0 partir de l\u00e0, vous recevrez un code de v\u00e9rification pour confirmer votre compte. Une fois v\u00e9rifi\u00e9, vous pourrez commencer \u00e0 envoyer des demandes \u00e0 d\u2019autres membres. Les femmes doivent accepter ou refuser chaque demande dans les 24 heures. Si elle accepte, vous serez jumel\u00e9 et pourrez commencer \u00e0 discuter.<\/p>\n","protected":false},"excerpt":{"rendered":"<p>Les rencontres en ligne ne consistent plus seulement \u00e0 glisser vers la gauche et la droite sur Tinder. En fait,<\/p>\n","protected":false},"author":1,"featured_media":69,"parent":0,"menu_order":0,"comment_status":"closed","ping_status":"closed","template":"","meta":[],"yoast_head":"<!-- This site is optimized with the Yoast SEO plugin v17.7.1 - https:\/\/yoast.com\/wordpress\/plugins\/seo\/ -->\n<title>Connexions en ligne - Ce qu\u2019il faut surveiller - Singles Personals<\/title>\n<meta name=\"robots\" content=\"index, follow, max-snippet:-1, max-image-preview:large, max-video-preview:-1\" \/>\n<link rel=\"canonical\" href=\"http:\/\/laydeezdocomics.com\/fr\/\" \/>\n<meta property=\"og:locale\" content=\"fr_FR\" \/>\n<meta property=\"og:type\" content=\"article\" \/>\n<meta property=\"og:title\" content=\"Connexions en ligne - Ce qu\u2019il faut surveiller - Singles Personals\" \/>\n<meta property=\"og:description\" content=\"Les rencontres en ligne ne consistent plus seulement \u00e0 glisser vers la gauche et la droite sur Tinder. En fait,\" \/>\n<meta property=\"og:url\" content=\"http:\/\/laydeezdocomics.com\/fr\/\" \/>\n<meta property=\"og:site_name\" content=\"Singles Personals\" \/>\n<meta property=\"og:image\" content=\"http:\/\/laydeezdocomics.com\/wp-content\/uploads\/2022\/09\/local-dating.jpeg\" \/>\n\t<meta property=\"og:image:width\" content=\"1600\" \/>\n\t<meta property=\"og:image:height\" content=\"1065\" \/>\n<meta name=\"twitter:card\" content=\"summary_large_image\" \/>\n<meta name=\"twitter:label1\" content=\"Dur\u00e9e de lecture estim\u00e9e\" \/>\n\t<meta name=\"twitter:data1\" content=\"7 minutes\" \/>\n<script type=\"application\/ld+json\" class=\"yoast-schema-graph\">{\"@context\":\"https:\/\/schema.org\",\"@graph\":[{\"@type\":\"WebSite\",\"@id\":\"https:\/\/laydeezdocomics.com\/#website\",\"url\":\"https:\/\/laydeezdocomics.com\/\",\"name\":\"Singles Personals\",\"description\":\"Guide To Online Dating\",\"potentialAction\":[{\"@type\":\"SearchAction\",\"target\":{\"@type\":\"EntryPoint\",\"urlTemplate\":\"https:\/\/laydeezdocomics.com\/?s={search_term_string}\"},\"query-input\":\"required name=search_term_string\"}],\"inLanguage\":\"fr-FR\"},{\"@type\":\"ImageObject\",\"@id\":\"http:\/\/laydeezdocomics.com\/fr\/#primaryimage\",\"inLanguage\":\"fr-FR\",\"url\":\"http:\/\/laydeezdocomics.com\/wp-content\/uploads\/2022\/09\/local-dating.jpeg\",\"contentUrl\":\"http:\/\/laydeezdocomics.com\/wp-content\/uploads\/2022\/09\/local-dating.jpeg\",\"width\":1600,\"height\":1065},{\"@type\":\"WebPage\",\"@id\":\"http:\/\/laydeezdocomics.com\/fr\/#webpage\",\"url\":\"http:\/\/laydeezdocomics.com\/fr\/\",\"name\":\"Connexions en ligne - Ce qu\\u2019il faut surveiller - Singles Personals\",\"isPartOf\":{\"@id\":\"https:\/\/laydeezdocomics.com\/#website\"},\"primaryImageOfPage\":{\"@id\":\"http:\/\/laydeezdocomics.com\/fr\/#primaryimage\"},\"datePublished\":\"2022-09-05T13:28:55+00:00\",\"dateModified\":\"2022-09-05T13:28:55+00:00\",\"breadcrumb\":{\"@id\":\"http:\/\/laydeezdocomics.com\/fr\/#breadcrumb\"},\"inLanguage\":\"fr-FR\",\"potentialAction\":[{\"@type\":\"ReadAction\",\"target\":[\"http:\/\/laydeezdocomics.com\/fr\/\"]}]},{\"@type\":\"BreadcrumbList\",\"@id\":\"http:\/\/laydeezdocomics.com\/fr\/#breadcrumb\",\"itemListElement\":[{\"@type\":\"ListItem\",\"position\":1,\"name\":\"Home\",\"item\":\"http:\/\/laydeezdocomics.com\/fr\/\"},{\"@type\":\"ListItem\",\"position\":2,\"name\":\"Connexions en ligne &#8211; Ce qu\\u2019il faut surveiller\"}]}]}<\/script>\n<!-- \/ Yoast SEO plugin. -->","yoast_head_json":{"title":"Connexions en ligne - Ce qu\u2019il faut surveiller - Singles Personals","robots":{"index":"index","follow":"follow","max-snippet":"max-snippet:-1","max-image-preview":"max-image-preview:large","max-video-preview":"max-video-preview:-1"},"canonical":"http:\/\/laydeezdocomics.com\/fr\/","og_locale":"fr_FR","og_type":"article","og_title":"Connexions en ligne - Ce qu\u2019il faut surveiller - Singles Personals","og_description":"Les rencontres en ligne ne consistent plus seulement \u00e0 glisser vers la gauche et la droite sur Tinder. En fait,","og_url":"http:\/\/laydeezdocomics.com\/fr\/","og_site_name":"Singles Personals","og_image":[{"width":1600,"height":1065,"url":"http:\/\/laydeezdocomics.com\/wp-content\/uploads\/2022\/09\/local-dating.jpeg","type":"image\/jpeg"}],"twitter_card":"summary_large_image","twitter_misc":{"Dur\u00e9e de lecture estim\u00e9e":"7 minutes"},"schema":{"@context":"https:\/\/schema.org","@graph":[{"@type":"WebSite","@id":"https:\/\/laydeezdocomics.com\/#website","url":"https:\/\/laydeezdocomics.com\/","name":"Singles Personals","description":"Guide To Online Dating","potentialAction":[{"@type":"SearchAction","target":{"@type":"EntryPoint","urlTemplate":"https:\/\/laydeezdocomics.com\/?s={search_term_string}"},"query-input":"required name=search_term_string"}],"inLanguage":"fr-FR"},{"@type":"ImageObject","@id":"http:\/\/laydeezdocomics.com\/fr\/#primaryimage","inLanguage":"fr-FR","url":"http:\/\/laydeezdocomics.com\/wp-content\/uploads\/2022\/09\/local-dating.jpeg","contentUrl":"http:\/\/laydeezdocomics.com\/wp-content\/uploads\/2022\/09\/local-dating.jpeg","width":1600,"height":1065},{"@type":"WebPage","@id":"http:\/\/laydeezdocomics.com\/fr\/#webpage","url":"http:\/\/laydeezdocomics.com\/fr\/","name":"Connexions en ligne - Ce qu\u2019il faut surveiller - Singles Personals","isPartOf":{"@id":"https:\/\/laydeezdocomics.com\/#website"},"primaryImageOfPage":{"@id":"http:\/\/laydeezdocomics.com\/fr\/#primaryimage"},"datePublished":"2022-09-05T13:28:55+00:00","dateModified":"2022-09-05T13:28:55+00:00","breadcrumb":{"@id":"http:\/\/laydeezdocomics.com\/fr\/#breadcrumb"},"inLanguage":"fr-FR","potentialAction":[{"@type":"ReadAction","target":["http:\/\/laydeezdocomics.com\/fr\/"]}]},{"@type":"BreadcrumbList","@id":"http:\/\/laydeezdocomics.com\/fr\/#breadcrumb","itemListElement":[{"@type":"ListItem","position":1,"name":"Home","item":"http:\/\/laydeezdocomics.com\/fr\/"},{"@type":"ListItem","position":2,"name":"Connexions en ligne &#8211; Ce qu\u2019il faut surveiller"}]}]}},"_links":{"self":[{"href":"http:\/\/laydeezdocomics.com\/fr\/wp-json\/wp\/v2\/pages\/201"}],"collection":[{"href":"http:\/\/laydeezdocomics.com\/fr\/wp-json\/wp\/v2\/pages"}],"about":[{"href":"http:\/\/laydeezdocomics.com\/fr\/wp-json\/wp\/v2\/types\/page"}],"author":[{"embeddable":true,"href":"http:\/\/laydeezdocomics.com\/fr\/wp-json\/wp\/v2\/users\/1"}],"replies":[{"embeddable":true,"href":"http:\/\/laydeezdocomics.com\/fr\/wp-json\/wp\/v2\/comments?post=201"}],"version-history":[{"count":0,"href":"http:\/\/laydeezdocomics.com\/fr\/wp-json\/wp\/v2\/pages\/201\/revisions"}],"wp:featuredmedia":[{"embeddable":true,"href":"http:\/\/laydeezdocomics.com\/fr\/wp-json\/wp\/v2\/media\/69"}],"wp:attachment":[{"href":"http:\/\/laydeezdocomics.com\/fr\/wp-json\/wp\/v2\/media?parent=201"}],"curies":[{"name":"wp","href":"https:\/\/api.w.org\/{rel}","templated":true}]}}