{"id":203,"date":"2022-09-05T14:28:55","date_gmt":"2022-09-05T13:28:55","guid":{"rendered":"http:\/\/laydeezdocomics.com\/collegamenti-online-a-cosa-prestare-attenzione\/"},"modified":"2022-09-05T14:28:55","modified_gmt":"2022-09-05T13:28:55","slug":"collegamenti-online-a-cosa-prestare-attenzione","status":"publish","type":"page","link":"http:\/\/laydeezdocomics.com\/it\/","title":{"rendered":"Collegamenti online &#8211; A cosa prestare attenzione"},"content":{"rendered":"<p>Gli appuntamenti online non riguardano pi\u00f9 solo lo scorrimento a sinistra ea destra su Tinder. In effetti, \u00e8 diventato uno dei modi pi\u00f9 popolari per trovare l&#8217;amore. Ma mentre ci sono molte opzioni l\u00e0 fuori, alcuni di questi siti addebitano commissioni elevate o limitano il numero di corrispondenze che vedi al giorno. Quindi abbiamo fatto la ricerca per te e abbiamo trovato i nove migliori siti e app di incontri gratuiti del 2022.<\/p>\n<p>I primi tre siti: OkCupid, Match e PlentyOfFish, sono ben noti per la loro semplicit\u00e0 e basso costo. Sono ottimi per i principianti, ma una volta che sei stato abbinato a qualcuno, ti consigliamo di passare ai piani a pagamento. Se stai cercando qualcosa di un po &#8216;meno mainstream, dai un&#8217;occhiata a Bumble, Hinge, OkCupid e Zoosk. Questi quattro siti offrono molte funzionalit\u00e0 senza addebitare un canone mensile. Ma non dimenticare i siti di incontri di nicchia come SinglesAroundMe, BlackPeopleMeet, ChristianMingle e CougarLife. Puoi anche provarne alcuni diversi per scoprire cosa funziona meglio per te.<\/p>\n<h2>Come funzionano gli appuntamenti online<\/h2>\n<p>I siti di incontri online sono in continua evoluzione e non vuoi accontentarti di nulla di meno del meglio. Abbiamo lo scoop sulle app e sui siti di appuntamenti pi\u00f9 popolari in circolazione, tra cui Tinder, Match, OkCupid, PlentyOfFish, Bumble e molti altri. Troverai recensioni delle funzionalit\u00e0 di ogni sito, piani tariffari, storie di successo e persino approfondimenti su come ognuno funziona dietro le quinte. Che tu stia cercando amore, amicizia o solo alcuni appuntamenti divertenti, abbiamo quello che ti serve.<\/p>\n<p>I siti e le app di incontri gratuiti stanno diventando sempre pi\u00f9 popolari. Offrono un&#8217;ottima alternativa ai metodi di appuntamenti tradizionali come bar e club perch\u00e9 consentono alle persone di connettersi senza dover pagare nulla in anticipo.<\/p>\n<h2>Guida per collegarsi semplicemente vicino a te<\/h2>\n<p>Se vuoi sapere quanto \u00e8 compatibile qualcun altro con te, dovrai pagare una piccola tassa. Tuttavia, la versione aggiornata del sito ti consente di visualizzare il punteggio della partita, che ti dice quanto sei simile a ciascun membro in base all&#8217;et\u00e0, alla posizione, allo stato della relazione e agli interessi. Pi\u00f9 basso \u00e8 il tuo numero, meglio sarai. Puoi trovare ulteriori informazioni sulla tua compatibilit\u00e0 qui.<\/p>\n<p>Non sarai in grado di inviare messaggi a nessuno a meno che tu non abbia abbastanza Mi piace sul tuo profilo, quindi assicurati di aggiungere foto di te stesso che le persone possano apprezzare. Se non hai gi\u00e0 molti follower, per\u00f2, puoi aumentare i tuoi numeri pagando una piccola tassa.<\/p>\n<p>Questa funzione non \u00e8 disponibile nella versione gratuita del sito, ma puoi utilizzare la versione aggiornata per scoprire a chi sei piaciuto per primo. Questo potrebbe aiutarti a capire se qualcuno \u00e8 sinceramente interessato a chattare con te o semplicemente a cercare di colpirti.<\/p>\n<h2>App di appuntamenti reali solo per single<\/h2>\n<p>L&#8217;app \u00e8 ovunque: \u00e8 sui nostri telefoni, tablet, laptop, desktop, TV, orologi intelligenti, persino automobili. E ne siamo dipendenti. Ma cosa succede quando hai visto quasi tutto? Ti senti mai come se avessi provato ogni singola opzione l\u00e0 fuori? Se \u00e8 cos\u00ec, ecco alcune ottime opzioni per trovare qualcuno di speciale senza dover sborsare soldi per le funzionalit\u00e0 premium.<\/p>\n<h2>Fiammifero<\/h2>\n<p>Match.com \u00e8 uno dei siti di incontri online pi\u00f9 popolari in circolazione. Se hai navigato in Internet alla ricerca di siti di incontri gratuiti, \u00e8 probabile che tu abbia visto annunci anche per Match.com. Non solo annunci: in realt\u00e0 vedi le foto e le biografie reali delle persone su Match.com. E quelle persone sembrano abbastanza felici di essere l\u00ec.<\/p>\n<p>Ma mentre Match.com non \u00e8 esattamente gratuito, offre alcune fantastiche funzionalit\u00e0 gratuitamente.<\/p>\n<h3>Zoosk \u00b7<\/h3>\n<p>Zoosk.com \u00e8 una delle pi\u00f9 antiche app di appuntamenti l\u00e0 fuori, essendo stata lanciata nel lontano 2007. \u00c8 il sito di incontri pi\u00f9 popolare sull&#8217;App Store di Apple ed \u00e8 anche ampiamente utilizzato sui dispositivi Android. E mentre potrebbe sembrare un&#8217;idea semplice &#8211; basta registrarsi, aggiungere alcune foto, compilare alcune domande su di te e iniziare a scorrere a sinistra oa destra &#8211; in realt\u00e0 ci sono molti modi diversi per utilizzare Zoosk.<\/p>\n<p>Ad esempio, puoi sfogliare single locali in base a dove vivi o cercare persone nelle vicinanze che condividono interessi comuni. Puoi anche impostare avvisi per tipi specifici di partite, ad esempio qualcuno che condivide la tua squadra sportiva preferita. Non ci sono limiti a quanto lontano puoi andare su Zoosk; puoi esplorare infinite possibilit\u00e0 senza mai pagare nulla.<\/p>\n<p>Il processo di registrazione \u00e8 piuttosto semplice. Crei un profilo gratuito, completi alcune informazioni di base su di te e sei pronto per iniziare a navigare. Esistono tre modi per farlo: navigare tramite app mobile, browser Web desktop o tramite un&#8217;app desktop.<\/p>\n<p>Una volta effettuata la registrazione, riceverai otto domande a cui rispondere. Questi includono cose come il tipo di relazione che stai cercando, se preferisci qualcuno entro 10 miglia o 50 miglia e a quale fascia di et\u00e0 sei interessato. Questo aiuta a restringere il campo e ti d\u00e0 un&#8217;idea migliore di ci\u00f2 che potresti trovare una volta che inizi a cercare.<\/p>\n<p>Dopo aver risposto a queste domande, farai un quiz sulla personalit\u00e0. Questo ti d\u00e0 una buona idea di quali tipi di persone potresti incontrare in base alle tue risposte. Successivamente, vedrai un elenco di potenziali corrispondenze in base alle tue preferenze. Da qui, puoi scegliere di visualizzare pi\u00f9 profili o semplicemente passare a un&#8217;altra sezione del sito.<\/p>\n<h3>eHarmony<\/h3>\n<p>eHarmony \u00e8 uno dei pi\u00f9 grandi siti di incontri in America, con oltre 10 milioni di membri attivi e 750.000 abbonamenti a pagamento. Il sito \u00e8 stato lanciato nel 2000 e da allora \u00e8 cresciuto. Oltre a offrire una pletora di funzionalit\u00e0 come test di personalit\u00e0 e consigli sulle relazioni, offre una caratteristica unica chiamata &#8220;The Chemistry Match&#8221;, in cui rispondi a domande su di te e sul tuo partner per vedere quanto bene lavoreresti insieme.<\/p>\n<p>Senza canoni mensili, il sito offre messaggi illimitati e visualizzazioni del profilo, oltre a una serie di altri vantaggi tra cui chat video, chat di gruppo e un&#8217;app mobile. Ma mentre la versione gratuita ti d\u00e0 un sacco di soldi per il tuo dollaro, l&#8217;aggiornamento a un account premium ti offre anche alcuni vantaggi extra. Ecco sei cose che puoi fare una volta che ti sei registrato.<\/p>\n<h3>OKCupid<\/h3>\n<p>OkCupid si autodefinisce &#8220;il miglior sito di incontri gratuiti del mondo&#8221; e saremmo d&#8217;accordo. Il sito offre tutto ci\u00f2 che potresti desiderare in un&#8217;app di appuntamenti: \u00e8 gratuito, facile da navigare e ti consente di impostare preferenze su razza, religione e orientamento sessuale. Puoi anche inviare messaggi e visualizzare profili. Se decidi di andare premium ($ 9 \/ mese), avrai accesso a funzionalit\u00e0 aggiuntive come chat video dal vivo, messaggistica di gruppo ed eventi esclusivi.<\/p>\n<h3>Bumble<\/h3>\n<p>Creato da ex dipendenti di Facebook, Bumble si concentra sulla sicurezza piuttosto che sul romanticismo. Quando ti registri, scegli un nome utente e inserisci il tuo indirizzo email. Da l\u00ec, riceverai un codice di verifica per confermare il tuo account. Una volta verificato, sarai in grado di iniziare a inviare richieste ad altri membri. Le donne devono accettare o rifiutare ogni richiesta entro 24 ore. Se accetta, sarai abbinato e potrai iniziare a chattare.<\/p>\n","protected":false},"excerpt":{"rendered":"<p>Gli appuntamenti online non riguardano pi\u00f9 solo lo scorrimento a sinistra ea destra su Tinder. In effetti, \u00e8 diventato uno<\/p>\n","protected":false},"author":1,"featured_media":71,"parent":0,"menu_order":0,"comment_status":"closed","ping_status":"closed","template":"","meta":[],"yoast_head":"<!-- This site is optimized with the Yoast SEO plugin v17.7.1 - https:\/\/yoast.com\/wordpress\/plugins\/seo\/ -->\n<title>Collegamenti online - A cosa prestare attenzione - Singles Personals<\/title>\n<meta name=\"robots\" content=\"index, follow, max-snippet:-1, max-image-preview:large, max-video-preview:-1\" \/>\n<link rel=\"canonical\" href=\"http:\/\/laydeezdocomics.com\/it\/\" \/>\n<meta property=\"og:locale\" content=\"it_IT\" \/>\n<meta property=\"og:type\" content=\"article\" \/>\n<meta property=\"og:title\" content=\"Collegamenti online - A cosa prestare attenzione - Singles Personals\" \/>\n<meta property=\"og:description\" content=\"Gli appuntamenti online non riguardano pi\u00f9 solo lo scorrimento a sinistra ea destra su Tinder. In effetti, \u00e8 diventato uno\" \/>\n<meta property=\"og:url\" content=\"http:\/\/laydeezdocomics.com\/it\/\" \/>\n<meta property=\"og:site_name\" content=\"Singles Personals\" \/>\n<meta property=\"og:image\" content=\"https:\/\/laydeezdocomics.com\/wp-content\/uploads\/2022\/09\/local-dating.jpeg\" \/>\n\t<meta property=\"og:image:width\" content=\"1600\" \/>\n\t<meta property=\"og:image:height\" content=\"1065\" \/>\n<meta name=\"twitter:card\" content=\"summary_large_image\" \/>\n<meta name=\"twitter:label1\" content=\"Tempo di lettura stimato\" \/>\n\t<meta name=\"twitter:data1\" content=\"6 minuti\" \/>\n<script type=\"application\/ld+json\" class=\"yoast-schema-graph\">{\"@context\":\"https:\/\/schema.org\",\"@graph\":[{\"@type\":\"WebSite\",\"@id\":\"https:\/\/laydeezdocomics.com\/#website\",\"url\":\"https:\/\/laydeezdocomics.com\/\",\"name\":\"Singles Personals\",\"description\":\"Guide To Online Dating\",\"potentialAction\":[{\"@type\":\"SearchAction\",\"target\":{\"@type\":\"EntryPoint\",\"urlTemplate\":\"https:\/\/laydeezdocomics.com\/?s={search_term_string}\"},\"query-input\":\"required name=search_term_string\"}],\"inLanguage\":\"it-IT\"},{\"@type\":\"ImageObject\",\"@id\":\"http:\/\/laydeezdocomics.com\/it\/#primaryimage\",\"inLanguage\":\"it-IT\",\"url\":\"http:\/\/laydeezdocomics.com\/wp-content\/uploads\/2022\/09\/local-dating.jpeg\",\"contentUrl\":\"http:\/\/laydeezdocomics.com\/wp-content\/uploads\/2022\/09\/local-dating.jpeg\",\"width\":1600,\"height\":1065},{\"@type\":\"WebPage\",\"@id\":\"http:\/\/laydeezdocomics.com\/it\/#webpage\",\"url\":\"http:\/\/laydeezdocomics.com\/it\/\",\"name\":\"Collegamenti online - A cosa prestare attenzione - Singles Personals\",\"isPartOf\":{\"@id\":\"https:\/\/laydeezdocomics.com\/#website\"},\"primaryImageOfPage\":{\"@id\":\"http:\/\/laydeezdocomics.com\/it\/#primaryimage\"},\"datePublished\":\"2022-09-05T13:28:55+00:00\",\"dateModified\":\"2022-09-05T13:28:55+00:00\",\"breadcrumb\":{\"@id\":\"http:\/\/laydeezdocomics.com\/it\/#breadcrumb\"},\"inLanguage\":\"it-IT\",\"potentialAction\":[{\"@type\":\"ReadAction\",\"target\":[\"http:\/\/laydeezdocomics.com\/it\/\"]}]},{\"@type\":\"BreadcrumbList\",\"@id\":\"http:\/\/laydeezdocomics.com\/it\/#breadcrumb\",\"itemListElement\":[{\"@type\":\"ListItem\",\"position\":1,\"name\":\"Home\",\"item\":\"https:\/\/laydeezdocomics.com\/it\/\"},{\"@type\":\"ListItem\",\"position\":2,\"name\":\"Collegamenti online &#8211; A cosa prestare attenzione\"}]}]}<\/script>\n<!-- \/ Yoast SEO plugin. -->","yoast_head_json":{"title":"Collegamenti online - A cosa prestare attenzione - Singles Personals","robots":{"index":"index","follow":"follow","max-snippet":"max-snippet:-1","max-image-preview":"max-image-preview:large","max-video-preview":"max-video-preview:-1"},"canonical":"http:\/\/laydeezdocomics.com\/it\/","og_locale":"it_IT","og_type":"article","og_title":"Collegamenti online - A cosa prestare attenzione - Singles Personals","og_description":"Gli appuntamenti online non riguardano pi\u00f9 solo lo scorrimento a sinistra ea destra su Tinder. In effetti, \u00e8 diventato uno","og_url":"http:\/\/laydeezdocomics.com\/it\/","og_site_name":"Singles Personals","og_image":[{"width":1600,"height":1065,"url":"https:\/\/laydeezdocomics.com\/wp-content\/uploads\/2022\/09\/local-dating.jpeg","type":"image\/jpeg"}],"twitter_card":"summary_large_image","twitter_misc":{"Tempo di lettura stimato":"6 minuti"},"schema":{"@context":"https:\/\/schema.org","@graph":[{"@type":"WebSite","@id":"https:\/\/laydeezdocomics.com\/#website","url":"https:\/\/laydeezdocomics.com\/","name":"Singles Personals","description":"Guide To Online Dating","potentialAction":[{"@type":"SearchAction","target":{"@type":"EntryPoint","urlTemplate":"https:\/\/laydeezdocomics.com\/?s={search_term_string}"},"query-input":"required name=search_term_string"}],"inLanguage":"it-IT"},{"@type":"ImageObject","@id":"http:\/\/laydeezdocomics.com\/it\/#primaryimage","inLanguage":"it-IT","url":"http:\/\/laydeezdocomics.com\/wp-content\/uploads\/2022\/09\/local-dating.jpeg","contentUrl":"http:\/\/laydeezdocomics.com\/wp-content\/uploads\/2022\/09\/local-dating.jpeg","width":1600,"height":1065},{"@type":"WebPage","@id":"http:\/\/laydeezdocomics.com\/it\/#webpage","url":"http:\/\/laydeezdocomics.com\/it\/","name":"Collegamenti online - A cosa prestare attenzione - Singles Personals","isPartOf":{"@id":"https:\/\/laydeezdocomics.com\/#website"},"primaryImageOfPage":{"@id":"http:\/\/laydeezdocomics.com\/it\/#primaryimage"},"datePublished":"2022-09-05T13:28:55+00:00","dateModified":"2022-09-05T13:28:55+00:00","breadcrumb":{"@id":"http:\/\/laydeezdocomics.com\/it\/#breadcrumb"},"inLanguage":"it-IT","potentialAction":[{"@type":"ReadAction","target":["http:\/\/laydeezdocomics.com\/it\/"]}]},{"@type":"BreadcrumbList","@id":"http:\/\/laydeezdocomics.com\/it\/#breadcrumb","itemListElement":[{"@type":"ListItem","position":1,"name":"Home","item":"https:\/\/laydeezdocomics.com\/it\/"},{"@type":"ListItem","position":2,"name":"Collegamenti online &#8211; A cosa prestare attenzione"}]}]}},"_links":{"self":[{"href":"http:\/\/laydeezdocomics.com\/it\/wp-json\/wp\/v2\/pages\/203"}],"collection":[{"href":"http:\/\/laydeezdocomics.com\/it\/wp-json\/wp\/v2\/pages"}],"about":[{"href":"http:\/\/laydeezdocomics.com\/it\/wp-json\/wp\/v2\/types\/page"}],"author":[{"embeddable":true,"href":"http:\/\/laydeezdocomics.com\/it\/wp-json\/wp\/v2\/users\/1"}],"replies":[{"embeddable":true,"href":"http:\/\/laydeezdocomics.com\/it\/wp-json\/wp\/v2\/comments?post=203"}],"version-history":[{"count":0,"href":"http:\/\/laydeezdocomics.com\/it\/wp-json\/wp\/v2\/pages\/203\/revisions"}],"wp:featuredmedia":[{"embeddable":true,"href":"http:\/\/laydeezdocomics.com\/it\/wp-json\/wp\/v2\/media\/71"}],"wp:attachment":[{"href":"http:\/\/laydeezdocomics.com\/it\/wp-json\/wp\/v2\/media?parent=203"}],"curies":[{"name":"wp","href":"https:\/\/api.w.org\/{rel}","templated":true}]}}