{"id":198,"date":"2022-09-05T14:28:55","date_gmt":"2022-09-05T13:28:55","guid":{"rendered":"http:\/\/laydeezdocomics.com\/polaczenia-online-na-co-zwrocic-uwage\/"},"modified":"2022-09-05T14:28:55","modified_gmt":"2022-09-05T13:28:55","slug":"polaczenia-online-na-co-zwrocic-uwage","status":"publish","type":"page","link":"http:\/\/laydeezdocomics.com\/pl\/","title":{"rendered":"Po\u0142\u0105czenia online &#8211; na co zwr\u00f3ci\u0107 uwag\u0119"},"content":{"rendered":"<p>Randki online to ju\u017c nie tylko przesuwanie palcem w lewo i w prawo na Tinderze. W rzeczywisto\u015bci sta\u0142 si\u0119 jednym z najpopularniejszych sposob\u00f3w na znalezienie mi\u0142o\u015bci. Ale chocia\u017c istnieje wiele opcji, niekt\u00f3re z tych witryn pobieraj\u0105 wysokie op\u0142aty lub ograniczaj\u0105 liczb\u0119 mecz\u00f3w, kt\u00f3re widzisz dziennie. Przeprowadzili\u015bmy wi\u0119c dla Ciebie badania i znale\u017ali\u015bmy dziewi\u0119\u0107 najlepszych darmowych serwis\u00f3w randkowych i aplikacji 2022 roku.<\/p>\n<p>Trzy najlepsze witryny: OkCupid, Match i PlentyOfFish &#8211; s\u0105 dobrze znane ze swojej prostoty i niskich koszt\u00f3w. S\u0105 \u015bwietne dla pocz\u0105tkuj\u0105cych, ale gdy ju\u017c zostaniesz z kim\u015b dopasowany, b\u0119dziesz chcia\u0142 przej\u015b\u0107 na p\u0142atne plany. Je\u015bli szukasz czego\u015b mniej mainstreamowego, sprawd\u017a Bumble, Hinge, OkCupid i Zoosk. Te cztery witryny oferuj\u0105 wiele funkcji bez pobierania miesi\u0119cznej op\u0142aty. Ale nie zapomnij o niszowych serwisach randkowych, takich jak SinglesAroundMe, BlackPeopleMeet, ChristianMingle i CougarLife. Mo\u017cesz nawet wypr\u00f3bowa\u0107 kilka r\u00f3\u017cnych, aby odkry\u0107, co dzia\u0142a najlepiej dla Ciebie.<\/p>\n<h2>Jak dzia\u0142aj\u0105 randki online<\/h2>\n<p>Internetowe serwisy randkowe stale si\u0119 rozwijaj\u0105 i nie chcesz zadowala\u0107 si\u0119 niczym mniej ni\u017c najlepszym. Mamy informacje na temat najpopularniejszych aplikacji i witryn randkowych, w tym Tinder, Match, OkCupid, PlentyOfFish, Bumble i wielu innych. Znajdziesz tu recenzje funkcji ka\u017cdej witryny, plany cenowe, historie sukcesu, a nawet wgl\u0105d w to, jak ka\u017cda z nich dzia\u0142a za kulisami. Niezale\u017cnie od tego, czy szukasz mi\u0142o\u015bci, przyja\u017ani, czy po prostu zabawnych randek, mamy to, czego potrzebujesz.<\/p>\n<p>Darmowe serwisy randkowe i aplikacje staj\u0105 si\u0119 coraz bardziej popularne. Oferuj\u0105 \u015bwietn\u0105 alternatyw\u0119 dla tradycyjnych metod randkowych, takich jak bary i kluby, poniewa\u017c pozwalaj\u0105 ludziom \u0142\u0105czy\u0107 si\u0119 bez konieczno\u015bci p\u0142acenia czegokolwiek z g\u00f3ry.<\/p>\n<h2>Przewodnik po prostu pod\u0142\u0105cz si\u0119 do Ciebie<\/h2>\n<p>Je\u015bli chcesz wiedzie\u0107, jak kompatybilny jest z tob\u0105 kto\u015b inny, musisz ui\u015bci\u0107 niewielk\u0105 op\u0142at\u0119. Jednak ulepszona wersja witryny umo\u017cliwia przegl\u0105danie wyniku meczu, kt\u00f3ry m\u00f3wi, jak bardzo jeste\u015b podobny do ka\u017cdego cz\u0142onka na podstawie wieku, lokalizacji, statusu zwi\u0105zku i zainteresowa\u0144. Im ni\u017csza liczba, tym lepiej b\u0119dziesz. Mo\u017cesz dowiedzie\u0107 si\u0119 wi\u0119cej o swojej kompatybilno\u015bci tutaj.<\/p>\n<p>Nie b\u0119dziesz m\u00f3g\u0142 wysy\u0142a\u0107 wiadomo\u015bci do nikogo, chyba \u017ce masz wystarczaj\u0105co du\u017co polubie\u0144 w swoim profilu, wi\u0119c upewnij si\u0119, \u017ce dodajesz swoje zdj\u0119cia, kt\u00f3re mog\u0105 spodoba\u0107 si\u0119 innym osobom. Je\u015bli jednak nie masz jeszcze wielu obserwuj\u0105cych, mo\u017cesz zwi\u0119kszy\u0107 swoje liczby, p\u0142ac\u0105c niewielk\u0105 op\u0142at\u0119.<\/p>\n<p>Ta funkcja nie jest dost\u0119pna w bezp\u0142atnej wersji witryny, ale mo\u017cesz u\u017cy\u0107 zaktualizowanej wersji, aby dowiedzie\u0107 si\u0119, kto polubi\u0142 Ci\u0119 pierwszy. Mo\u017ce to pom\u00f3c Ci dowiedzie\u0107 si\u0119, czy kto\u015b jest naprawd\u0119 zainteresowany rozmow\u0105 z Tob\u0105, czy po prostu pr\u00f3buje Ci\u0119 uderzy\u0107.<\/p>\n<h2>Prawdziwe aplikacje randkowe tylko dla singli<\/h2>\n<p>Aplikacja jest wsz\u0119dzie &#8211; jest na naszych telefonach, tabletach, laptopach, komputerach stacjonarnych, telewizorach, inteligentnych zegarkach, a nawet samochodach. I jeste\u015bmy od tego uzale\u017cnieni. Ale co si\u0119 dzieje, gdy widzisz prawie wszystko? Czy kiedykolwiek czu\u0142e\u015b, \u017ce wypr\u00f3bowa\u0142e\u015b ka\u017cd\u0105 opcj\u0119? Je\u015bli tak, oto kilka \u015bwietnych opcji znalezienia kogo\u015b wyj\u0105tkowego bez konieczno\u015bci rozdzielania pieni\u0119dzy na funkcje premium.<\/p>\n<h2>Zapa\u0142ka<\/h2>\n<p>Match.com jest jednym z najpopularniejszych internetowych serwis\u00f3w randkowych. Je\u015bli przegl\u0105dasz Internet w poszukiwaniu darmowych serwis\u00f3w randkowych, prawdopodobnie widzia\u0142e\u015b reklamy r\u00f3wnie\u017c dla Match.com. Nie tylko reklamy \u2013 w rzeczywisto\u015bci widzisz prawdziwe zdj\u0119cia i biografie ludzi na Match.com. A ci ludzie wydaj\u0105 si\u0119 ca\u0142kiem szcz\u0119\u015bliwi, \u017ce tam s\u0105.<\/p>\n<p>Ale chocia\u017c Match.com nie jest dok\u0142adnie darmowy, oferuje kilka \u015bwietnych funkcji za darmo.<\/p>\n<h3>Zoosk \u2022<\/h3>\n<p>Zoosk.com jest jedn\u0105 z najstarszych aplikacji randkowych, kt\u00f3ra zosta\u0142a uruchomiona w 2007 roku. Jest to najpopularniejszy serwis randkowy w Apple App Store i jest r\u00f3wnie\u017c szeroko stosowany na urz\u0105dzeniach z Androidem. I cho\u0107 mo\u017ce si\u0119 to wydawa\u0107 prostym pomys\u0142em &#8211; po prostu zarejestruj si\u0119, dodaj kilka zdj\u0119\u0107, wype\u0142nij kilka pyta\u0144 o sobie i zacznij przesuwa\u0107 palcem w lewo lub w prawo &#8211; w rzeczywisto\u015bci istnieje wiele r\u00f3\u017cnych sposob\u00f3w korzystania z Zoosk.<\/p>\n<p>Na przyk\u0142ad mo\u017cesz przegl\u0105da\u0107 lokalne single na podstawie miejsca zamieszkania lub szuka\u0107 os\u00f3b w pobli\u017cu, kt\u00f3re maj\u0105 wsp\u00f3lne zainteresowania. Mo\u017cesz nawet skonfigurowa\u0107 alerty dla okre\u015blonych typ\u00f3w mecz\u00f3w, takich jak kto\u015b, kto udost\u0119pnia Twoj\u0105 ulubion\u0105 dru\u017cyn\u0119 sportow\u0105. Nie ma te\u017c ogranicze\u0144 co do tego, jak daleko mo\u017cesz si\u0119 posun\u0105\u0107 na Zoosk; mo\u017cesz odkrywa\u0107 niesko\u0144czone mo\u017cliwo\u015bci, nigdy nie p\u0142ac\u0105c nic.<\/p>\n<p>Proces rejestracji jest do\u015b\u0107 prosty. Tworzysz bezp\u0142atny profil, uzupe\u0142niasz podstawowe informacje o sobie i jeste\u015b gotowy do rozpocz\u0119cia przegl\u0105dania. Mo\u017cna to zrobi\u0107 na trzy sposoby: przegl\u0105danie za pomoc\u0105 aplikacji mobilnej, przegl\u0105darki internetowej na komputerze lub aplikacji komputerowej.<\/p>\n<p>Po zarejestrowaniu si\u0119 otrzymasz osiem pyta\u0144, na kt\u00f3re musisz odpowiedzie\u0107. Obejmuj\u0105 one takie rzeczy, jak rodzaj relacji, kt\u00f3rej szukasz, czy wolisz kogo\u015b w promieniu 10 mil czy 50 mil i jak\u0105 grup\u0119 wiekow\u0105 jeste\u015b zainteresowany. Pomaga to zaw\u0119zi\u0107 pole i da\u0107 lepsze wyobra\u017cenie o tym, co mo\u017cesz znale\u017a\u0107 po rozpocz\u0119ciu wyszukiwania.<\/p>\n<p>Po udzieleniu odpowiedzi na te pytania rozwi\u0105\u017cesz quiz osobowo\u015bci. Daje to dobre wyobra\u017cenie o tym, jakie typy ludzi prawdopodobnie spotkasz na podstawie swoich odpowiedzi. Nast\u0119pnie zobaczysz list\u0119 potencjalnych dopasowa\u0144 na podstawie Twoich preferencji. W tym miejscu mo\u017cesz wy\u015bwietli\u0107 wi\u0119cej profili lub po prostu przej\u015b\u0107 do innej sekcji witryny.<\/p>\n<h3>eHarmony<\/h3>\n<p>eHarmony to jeden z najwi\u0119kszych serwis\u00f3w randkowych w Ameryce, z ponad 10 milionami aktywnych cz\u0142onk\u00f3w i 750 000 p\u0142atnych subskrypcji. Strona zosta\u0142a uruchomiona w 2000 roku i od tego czasu stale si\u0119 rozwija. Opr\u00f3cz oferowania mn\u00f3stwa funkcji, takich jak testy osobowo\u015bci i porady dotycz\u0105ce relacji, oferuje unikaln\u0105 funkcj\u0119 o nazwie &#8222;The Chemistry Match&#8221;, w kt\u00f3rej odpowiadasz na pytania dotycz\u0105ce siebie i swojego partnera, aby zobaczy\u0107, jak dobrze b\u0119dziesz ze sob\u0105 wsp\u00f3\u0142pracowa\u0107.<\/p>\n<p>Bez op\u0142at miesi\u0119cznych witryna oferuje nieograniczon\u0105 liczb\u0119 wiadomo\u015bci i widok\u00f3w profilu, a tak\u017ce mn\u00f3stwo innych korzy\u015bci, w tym czat wideo, czaty grupowe i aplikacj\u0119 mobiln\u0105. Ale podczas gdy darmowa wersja daje mn\u00f3stwo huku za z\u0142ot\u00f3wk\u0119, uaktualnienie do konta premium zapewnia r\u00f3wnie\u017c dodatkowe korzy\u015bci. Oto sze\u015b\u0107 rzeczy, kt\u00f3re mo\u017cesz zrobi\u0107 po zarejestrowaniu si\u0119.<\/p>\n<h3>OKCupid<\/h3>\n<p>OkCupid reklamuje si\u0119 jako &#8222;najlepszy na \u015bwiecie darmowy serwis randkowy&#8221; i zgodzimy si\u0119. Witryna oferuje wszystko, czego mo\u017cesz chcie\u0107 w aplikacji randkowej &#8211; jest bezp\u0142atna, \u0142atwa w nawigacji i pozwala ustawi\u0107 preferencje dotycz\u0105ce rasy, religii i orientacji seksualnej. Mo\u017cesz tak\u017ce wysy\u0142a\u0107 wiadomo\u015bci i wy\u015bwietla\u0107 profile. Je\u015bli zdecydujesz si\u0119 na premium (9 USD \/ miesi\u0105c), uzyskasz dost\u0119p do dodatkowych funkcji, takich jak czat wideo na \u017cywo, wiadomo\u015bci grupowe i ekskluzywne wydarzenia.<\/p>\n<h3>Bumble<\/h3>\n<p>Stworzony przez by\u0142ych pracownik\u00f3w Facebooka, Bumble koncentruje si\u0119 na bezpiecze\u0144stwie, a nie na romansie. Podczas rejestracji wybierasz nazw\u0119 u\u017cytkownika i wprowadzasz sw\u00f3j adres e-mail. Stamt\u0105d otrzymasz kod weryfikacyjny potwierdzaj\u0105cy Twoje konto. Po zweryfikowaniu mo\u017cesz zacz\u0105\u0107 wysy\u0142a\u0107 pro\u015bby do innych cz\u0142onk\u00f3w. Kobiety musz\u0105 zaakceptowa\u0107 lub odrzuci\u0107 ka\u017cd\u0105 pro\u015bb\u0119 w ci\u0105gu 24 godzin. Je\u015bli zaakceptuje, zostaniesz dopasowany i mo\u017cesz rozpocz\u0105\u0107 rozmow\u0119.<\/p>\n","protected":false},"excerpt":{"rendered":"<p>Randki online to ju\u017c nie tylko przesuwanie palcem w lewo i w prawo na Tinderze. W rzeczywisto\u015bci sta\u0142 si\u0119 jednym<\/p>\n","protected":false},"author":1,"featured_media":73,"parent":0,"menu_order":0,"comment_status":"closed","ping_status":"closed","template":"","meta":[],"yoast_head":"<!-- This site is optimized with the Yoast SEO plugin v17.7.1 - https:\/\/yoast.com\/wordpress\/plugins\/seo\/ -->\n<title>Po\u0142\u0105czenia online - na co zwr\u00f3ci\u0107 uwag\u0119 - Singles Personals<\/title>\n<meta name=\"robots\" content=\"index, follow, max-snippet:-1, max-image-preview:large, max-video-preview:-1\" \/>\n<link rel=\"canonical\" href=\"http:\/\/laydeezdocomics.com\/pl\/\" \/>\n<meta property=\"og:locale\" content=\"pl_PL\" \/>\n<meta property=\"og:type\" content=\"article\" \/>\n<meta property=\"og:title\" content=\"Po\u0142\u0105czenia online - na co zwr\u00f3ci\u0107 uwag\u0119 - Singles Personals\" \/>\n<meta property=\"og:description\" content=\"Randki online to ju\u017c nie tylko przesuwanie palcem w lewo i w prawo na Tinderze. W rzeczywisto\u015bci sta\u0142 si\u0119 jednym\" \/>\n<meta property=\"og:url\" content=\"http:\/\/laydeezdocomics.com\/pl\/\" \/>\n<meta property=\"og:site_name\" content=\"Singles Personals\" \/>\n<meta property=\"og:image\" content=\"https:\/\/laydeezdocomics.com\/wp-content\/uploads\/2022\/09\/local-dating.jpeg\" \/>\n\t<meta property=\"og:image:width\" content=\"1600\" \/>\n\t<meta property=\"og:image:height\" content=\"1065\" \/>\n<meta name=\"twitter:card\" content=\"summary_large_image\" \/>\n<meta name=\"twitter:label1\" content=\"Szacowany czas czytania\" \/>\n\t<meta name=\"twitter:data1\" content=\"6 minut\" \/>\n<script type=\"application\/ld+json\" class=\"yoast-schema-graph\">{\"@context\":\"https:\/\/schema.org\",\"@graph\":[{\"@type\":\"WebSite\",\"@id\":\"https:\/\/laydeezdocomics.com\/#website\",\"url\":\"https:\/\/laydeezdocomics.com\/\",\"name\":\"Singles Personals\",\"description\":\"Guide To Online Dating\",\"potentialAction\":[{\"@type\":\"SearchAction\",\"target\":{\"@type\":\"EntryPoint\",\"urlTemplate\":\"https:\/\/laydeezdocomics.com\/?s={search_term_string}\"},\"query-input\":\"required name=search_term_string\"}],\"inLanguage\":\"pl-PL\"},{\"@type\":\"ImageObject\",\"@id\":\"http:\/\/laydeezdocomics.com\/pl\/#primaryimage\",\"inLanguage\":\"pl-PL\",\"url\":\"http:\/\/laydeezdocomics.com\/wp-content\/uploads\/2022\/09\/local-dating.jpeg\",\"contentUrl\":\"http:\/\/laydeezdocomics.com\/wp-content\/uploads\/2022\/09\/local-dating.jpeg\",\"width\":1600,\"height\":1065},{\"@type\":\"WebPage\",\"@id\":\"http:\/\/laydeezdocomics.com\/pl\/#webpage\",\"url\":\"http:\/\/laydeezdocomics.com\/pl\/\",\"name\":\"Po\\u0142\\u0105czenia online - na co zwr\\u00f3ci\\u0107 uwag\\u0119 - Singles Personals\",\"isPartOf\":{\"@id\":\"https:\/\/laydeezdocomics.com\/#website\"},\"primaryImageOfPage\":{\"@id\":\"http:\/\/laydeezdocomics.com\/pl\/#primaryimage\"},\"datePublished\":\"2022-09-05T13:28:55+00:00\",\"dateModified\":\"2022-09-05T13:28:55+00:00\",\"breadcrumb\":{\"@id\":\"http:\/\/laydeezdocomics.com\/pl\/#breadcrumb\"},\"inLanguage\":\"pl-PL\",\"potentialAction\":[{\"@type\":\"ReadAction\",\"target\":[\"http:\/\/laydeezdocomics.com\/pl\/\"]}]},{\"@type\":\"BreadcrumbList\",\"@id\":\"http:\/\/laydeezdocomics.com\/pl\/#breadcrumb\",\"itemListElement\":[{\"@type\":\"ListItem\",\"position\":1,\"name\":\"Home\",\"item\":\"https:\/\/laydeezdocomics.com\/pl\/\"},{\"@type\":\"ListItem\",\"position\":2,\"name\":\"Po\\u0142\\u0105czenia online &#8211; na co zwr\\u00f3ci\\u0107 uwag\\u0119\"}]}]}<\/script>\n<!-- \/ Yoast SEO plugin. -->","yoast_head_json":{"title":"Po\u0142\u0105czenia online - na co zwr\u00f3ci\u0107 uwag\u0119 - Singles Personals","robots":{"index":"index","follow":"follow","max-snippet":"max-snippet:-1","max-image-preview":"max-image-preview:large","max-video-preview":"max-video-preview:-1"},"canonical":"http:\/\/laydeezdocomics.com\/pl\/","og_locale":"pl_PL","og_type":"article","og_title":"Po\u0142\u0105czenia online - na co zwr\u00f3ci\u0107 uwag\u0119 - Singles Personals","og_description":"Randki online to ju\u017c nie tylko przesuwanie palcem w lewo i w prawo na Tinderze. W rzeczywisto\u015bci sta\u0142 si\u0119 jednym","og_url":"http:\/\/laydeezdocomics.com\/pl\/","og_site_name":"Singles Personals","og_image":[{"width":1600,"height":1065,"url":"https:\/\/laydeezdocomics.com\/wp-content\/uploads\/2022\/09\/local-dating.jpeg","type":"image\/jpeg"}],"twitter_card":"summary_large_image","twitter_misc":{"Szacowany czas czytania":"6 minut"},"schema":{"@context":"https:\/\/schema.org","@graph":[{"@type":"WebSite","@id":"https:\/\/laydeezdocomics.com\/#website","url":"https:\/\/laydeezdocomics.com\/","name":"Singles Personals","description":"Guide To Online Dating","potentialAction":[{"@type":"SearchAction","target":{"@type":"EntryPoint","urlTemplate":"https:\/\/laydeezdocomics.com\/?s={search_term_string}"},"query-input":"required name=search_term_string"}],"inLanguage":"pl-PL"},{"@type":"ImageObject","@id":"http:\/\/laydeezdocomics.com\/pl\/#primaryimage","inLanguage":"pl-PL","url":"http:\/\/laydeezdocomics.com\/wp-content\/uploads\/2022\/09\/local-dating.jpeg","contentUrl":"http:\/\/laydeezdocomics.com\/wp-content\/uploads\/2022\/09\/local-dating.jpeg","width":1600,"height":1065},{"@type":"WebPage","@id":"http:\/\/laydeezdocomics.com\/pl\/#webpage","url":"http:\/\/laydeezdocomics.com\/pl\/","name":"Po\u0142\u0105czenia online - na co zwr\u00f3ci\u0107 uwag\u0119 - Singles Personals","isPartOf":{"@id":"https:\/\/laydeezdocomics.com\/#website"},"primaryImageOfPage":{"@id":"http:\/\/laydeezdocomics.com\/pl\/#primaryimage"},"datePublished":"2022-09-05T13:28:55+00:00","dateModified":"2022-09-05T13:28:55+00:00","breadcrumb":{"@id":"http:\/\/laydeezdocomics.com\/pl\/#breadcrumb"},"inLanguage":"pl-PL","potentialAction":[{"@type":"ReadAction","target":["http:\/\/laydeezdocomics.com\/pl\/"]}]},{"@type":"BreadcrumbList","@id":"http:\/\/laydeezdocomics.com\/pl\/#breadcrumb","itemListElement":[{"@type":"ListItem","position":1,"name":"Home","item":"https:\/\/laydeezdocomics.com\/pl\/"},{"@type":"ListItem","position":2,"name":"Po\u0142\u0105czenia online &#8211; na co zwr\u00f3ci\u0107 uwag\u0119"}]}]}},"_links":{"self":[{"href":"http:\/\/laydeezdocomics.com\/pl\/wp-json\/wp\/v2\/pages\/198"}],"collection":[{"href":"http:\/\/laydeezdocomics.com\/pl\/wp-json\/wp\/v2\/pages"}],"about":[{"href":"http:\/\/laydeezdocomics.com\/pl\/wp-json\/wp\/v2\/types\/page"}],"author":[{"embeddable":true,"href":"http:\/\/laydeezdocomics.com\/pl\/wp-json\/wp\/v2\/users\/1"}],"replies":[{"embeddable":true,"href":"http:\/\/laydeezdocomics.com\/pl\/wp-json\/wp\/v2\/comments?post=198"}],"version-history":[{"count":0,"href":"http:\/\/laydeezdocomics.com\/pl\/wp-json\/wp\/v2\/pages\/198\/revisions"}],"wp:featuredmedia":[{"embeddable":true,"href":"http:\/\/laydeezdocomics.com\/pl\/wp-json\/wp\/v2\/media\/73"}],"wp:attachment":[{"href":"http:\/\/laydeezdocomics.com\/pl\/wp-json\/wp\/v2\/media?parent=198"}],"curies":[{"name":"wp","href":"https:\/\/api.w.org\/{rel}","templated":true}]}}