{"id":197,"date":"2022-09-05T14:28:55","date_gmt":"2022-09-05T13:28:55","guid":{"rendered":"http:\/\/laydeezdocomics.com\/hookups-online-o-que-olhar-para-fora\/"},"modified":"2022-09-05T14:28:55","modified_gmt":"2022-09-05T13:28:55","slug":"hookups-online-o-que-olhar-para-fora","status":"publish","type":"page","link":"http:\/\/laydeezdocomics.com\/pt-pt\/","title":{"rendered":"Hookups online &#8211; O que olhar para fora"},"content":{"rendered":"<p>Namorar online j\u00e1 n\u00e3o \u00e9 s\u00f3 passar \u00e0 esquerda e \u00e0 direita no Tinder. Na verdade, tornou-se uma das formas mais populares de encontrar o amor. Mas, embora existam muitas op\u00e7\u00f5es por a\u00ed, alguns desses sites cobram taxas pesadas ou limitam quantos f\u00f3sforos v\u00ea por dia. Por isso, fizemos a pesquisa para si e encontr\u00e1mos os nove melhores sites e aplica\u00e7\u00f5es de encontros gratuitos de 2022.<\/p>\n<p>Os tr\u00eas principais sites: OkCupid, Match e PlentyOfFish &#8211; s\u00e3o bem conhecidos pela sua simplicidade e baixo custo. S\u00e3o \u00f3timos para principiantes, mas uma vez combinados com algu\u00e9m, vais querer atualizar os planos pagos. Se procura algo um pouco menos mainstream, confira Bumble, Hinge, OkCupid e Zoosk. Estes quatro sites oferecem um monte de funcionalidades sem cobrar uma mensalidade. Mas n\u00e3o se esque\u00e7a de sites de encontros de nicho como SinglesAroundMe, BlackPeopleMeet, ChristianMingle e CougarLife. Pode at\u00e9 experimentar alguns diferentes para descobrir o que funciona melhor para si.<\/p>\n<h2>Como funciona o namoro online<\/h2>\n<p>Sites de encontros online est\u00e3o em constante evolu\u00e7\u00e3o, e voc\u00ea n\u00e3o quer se contentar com nada menos que o melhor. Temos o furo nas aplica\u00e7\u00f5es e sites de namoro mais populares ao redor, incluindo Tinder, Match, OkCupid, PlentyOfFish, Bumble, e muitos outros. Voc\u00ea encontrar\u00e1 cr\u00edticas das funcionalidades de cada site, planos de pre\u00e7os, hist\u00f3rias de sucesso e at\u00e9 mesmo insights sobre como cada um trabalha nos bastidores. Quer estejas \u00e0 procura de amor, amizade, ou apenas encontros divertidos, temos o que precisas.<\/p>\n<p>Sites e aplicativos de encontros gratuitos est\u00e3o a tornar-se cada vez mais populares. Oferecem uma \u00f3tima alternativa aos m\u00e9todos tradicionais de namoro, como bares e clubes, porque permitem que as pessoas se conectem sem terem de pagar nada antecipadamente.<\/p>\n<h2>Guia para apenas se ligar perto de voc\u00ea<\/h2>\n<p>Se queres saber o qu\u00e3o compat\u00edvel \u00e9 algu\u00e9m contigo, ter\u00e1s de pagar uma pequena taxa. No entanto, a vers\u00e3o atualizada do site permite-lhe visualizar a sua pontua\u00e7\u00e3o de jogo, o que lhe diz o qu\u00e3o semelhante \u00e9 a cada membro com base na idade, localiza\u00e7\u00e3o, estado de relacionamento e interesses. Quanto mais baixo o seu n\u00famero, melhor estar\u00e1. Pode saber mais sobre a sua compatibilidade aqui.<\/p>\n<p>N\u00e3o poder\u00e1 enviar mensagens a ningu\u00e9m a menos que tenha gostos suficientes no seu perfil, por isso certifique-se de adicionar fotos de si mesmo que as pessoas possam desfrutar. Se j\u00e1 n\u00e3o tem muitos seguidores, pode aumentar os seus n\u00fameros pagando uma pequena taxa.<\/p>\n<p>Esta funcionalidade n\u00e3o est\u00e1 dispon\u00edvel na vers\u00e3o gratuita do site, mas pode utilizar a vers\u00e3o atualizada para descobrir quem gostou de si primeiro. Isto pode ajudar-te a descobrir se algu\u00e9m est\u00e1 genuinamente interessado em conversar contigo ou apenas em tentar atirar-se a ti.<\/p>\n<h2>Aplicativos de namoro real apenas para solteiros<\/h2>\n<p>A aplica\u00e7\u00e3o est\u00e1 em todo o lado &#8211; est\u00e1 nos nossos telem\u00f3veis, tablets, port\u00e1teis, desktops, TVs, rel\u00f3gios inteligentes, at\u00e9 carros. E somos viciados nisso. Mas o que acontece quando se v\u00ea quase tudo? J\u00e1 sentiu que tentou todas as op\u00e7\u00f5es? Se assim for, aqui est\u00e3o algumas \u00f3timas op\u00e7\u00f5es para encontrar algu\u00e9m especial sem ter que procurar dinheiro por recursos premium.<\/p>\n<h2>Correspond\u00eancia<\/h2>\n<p>Match.com \u00e9 um dos sites de encontros online mais populares. Se tem navegado na internet para sites de encontros gratuitos, \u00e9 prov\u00e1vel que tenha visto an\u00fancios durante Match.com tamb\u00e9m. N\u00e3o apenas an\u00fancios \u2014 na verdade v\u00ea-se as fotos e biografias reais das pessoas em Match.com. E aquelas pessoas parecem muito felizes por estarem l\u00e1.<\/p>\n<p>Mas embora Match.com n\u00e3o seja exatamente gratuito, oferece algumas grandes funcionalidades de gra\u00e7a.<\/p>\n<h3>Zoosk<\/h3>\n<p>Zoosk.com \u00e9 uma das aplica\u00e7\u00f5es de namoro mais antigas do mundo, tendo lan\u00e7ado em 2007. \u00c9 o site de encontros mais popular na App Store da Apple e tamb\u00e9m \u00e9 amplamente utilizado em dispositivos Android. E embora possa parecer uma ideia simples &#8211; apenas inscreva-se, adicione algumas fotos, preencha algumas perguntas sobre si mesmo, e comece a esfregar \u00e0 esquerda ou \u00e0 direita &#8211; existem realmente muitas maneiras diferentes de usar Zoosk.<\/p>\n<p>Por exemplo, voc\u00ea pode navegar em solteiros locais com base no local onde voc\u00ea vive, ou procurar por pessoas pr\u00f3ximas que compartilham interesses comuns. Pode at\u00e9 configurar alertas para tipos espec\u00edficos de jogos, como algu\u00e9m que partilhe a sua equipa de desporto favorita. Tamb\u00e9m n\u00e3o h\u00e1 limites para o qu\u00e3o longe se pode ir em Zoosk; pode explorar infinitas possibilidades sem nunca pagar nada.<\/p>\n<p>O processo de inscri\u00e7\u00e3o \u00e9 muito simples. Cria um perfil livre, completa algumas informa\u00e7\u00f5es b\u00e1sicas sobre si mesmo, e est\u00e1 pronto para come\u00e7ar a navegar. Existem tr\u00eas formas de o fazer: navegar atrav\u00e9s de aplicativos m\u00f3veis, desktop web browser ou atrav\u00e9s de uma aplica\u00e7\u00e3o de desktop.<\/p>\n<p>Uma vez inscrito, receber\u00e1 oito perguntas para responder. Isto inclui coisas como o tipo de rela\u00e7\u00e3o que procura, se prefere algu\u00e9m num raio de 16 ou 80 km, e em que faixa et\u00e1ria est\u00e1 interessado. Isto ajuda a reduzir o campo e a dar-lhe uma ideia melhor do que pode encontrar assim que come\u00e7ar a procurar.<\/p>\n<p>Depois de responder a essas perguntas, vai fazer um teste de personalidade. Isto d\u00e1-te uma boa ideia do tipo de pessoas que vais conhecer com base nas tuas respostas. Depois disso, ver\u00e1 uma lista de potenciais partidas com base nas suas prefer\u00eancias. A partir daqui, pode optar por visualizar mais perfis ou simplesmente passar para outra sec\u00e7\u00e3o do site.<\/p>\n<h3>eHarmony<\/h3>\n<p>O eHarmony \u00e9 um dos maiores sites de encontros na Am\u00e9rica, com mais de 10 milh\u00f5es de membros ativos e 750.000 subscri\u00e7\u00f5es pagas. O site foi lan\u00e7ado em 2000 e tem vindo a crescer desde ent\u00e3o. Al\u00e9m de oferecer uma pan\u00f3plia de funcionalidades como testes de personalidade e conselhos de relacionamento, oferece uma caracter\u00edstica \u00fanica chamada &#8220;The Chemistry Match&#8221;, onde responde a perguntas sobre si e sobre o seu parceiro para ver como trabalharia em conjunto.<\/p>\n<p>Sem taxas mensais, o site oferece mensagens ilimitadas e visualiza\u00e7\u00f5es de perfis, al\u00e9m de uma s\u00e9rie de outras regalias, incluindo chat de v\u00eddeo, chats de grupo e uma aplica\u00e7\u00e3o m\u00f3vel. Mas enquanto a vers\u00e3o gratuita lhe d\u00e1 bastante estrondo pelo seu dinheiro, a atualiza\u00e7\u00e3o para uma conta premium tamb\u00e9m lhe d\u00e1 alguns benef\u00edcios extra. Aqui est\u00e3o seis coisas que pode fazer quando se est\u00e1 inscrito.<\/p>\n<h3>OKCupid<\/h3>\n<p>OkCupid considera-se &#8220;o melhor site de encontros livres do mundo&#8221;, e n\u00f3s concordamos. O site oferece tudo o que voc\u00ea poderia querer em uma app de encontros &#8211; \u00e9 gratuito, f\u00e1cil de navegar, e permite definir prefer\u00eancias sobre ra\u00e7a, religi\u00e3o e orienta\u00e7\u00e3o sexual. Tamb\u00e9m pode enviar mensagens e visualizar perfis. Se decidir ir premium ($9\/m\u00eas), ter\u00e1 acesso a funcionalidades adicionais como chat de v\u00eddeo ao vivo, mensagens de grupo e eventos exclusivos.<\/p>\n<h3>Rio Bumble<\/h3>\n<p>Criado por antigos funcion\u00e1rios do Facebook, Bumble foca-se na seguran\u00e7a e n\u00e3o no romance. Ao inscrever-se, escolha um nome de utilizador e insira o seu endere\u00e7o de e-mail. A partir da\u00ed, receber\u00e1 um c\u00f3digo de verifica\u00e7\u00e3o para confirmar a sua conta. Uma vez verificado, poder\u00e1 come\u00e7ar a enviar pedidos a outros membros. As mulheres devem aceitar ou recusar cada pedido dentro de 24 horas. Se ela aceitar, vais ficar \u00e0 altura e podes come\u00e7ar a conversar.<\/p>\n","protected":false},"excerpt":{"rendered":"<p>Namorar online j\u00e1 n\u00e3o \u00e9 s\u00f3 passar \u00e0 esquerda e \u00e0 direita no Tinder. Na verdade, tornou-se uma das formas<\/p>\n","protected":false},"author":1,"featured_media":74,"parent":0,"menu_order":0,"comment_status":"closed","ping_status":"closed","template":"","meta":[],"yoast_head":"<!-- This site is optimized with the Yoast SEO plugin v17.7.1 - https:\/\/yoast.com\/wordpress\/plugins\/seo\/ -->\n<title>Hookups online - O que olhar para fora - Singles Personals<\/title>\n<meta name=\"robots\" content=\"index, follow, max-snippet:-1, max-image-preview:large, max-video-preview:-1\" \/>\n<link rel=\"canonical\" href=\"http:\/\/laydeezdocomics.com\/pt-pt\/\" \/>\n<meta property=\"og:locale\" content=\"pt_PT\" \/>\n<meta property=\"og:type\" content=\"article\" \/>\n<meta property=\"og:title\" content=\"Hookups online - O que olhar para fora - Singles Personals\" \/>\n<meta property=\"og:description\" content=\"Namorar online j\u00e1 n\u00e3o \u00e9 s\u00f3 passar \u00e0 esquerda e \u00e0 direita no Tinder. Na verdade, tornou-se uma das formas\" \/>\n<meta property=\"og:url\" content=\"http:\/\/laydeezdocomics.com\/pt-pt\/\" \/>\n<meta property=\"og:site_name\" content=\"Singles Personals\" \/>\n<meta property=\"og:image\" content=\"http:\/\/laydeezdocomics.com\/wp-content\/uploads\/2022\/09\/local-dating.jpeg\" \/>\n\t<meta property=\"og:image:width\" content=\"1600\" \/>\n\t<meta property=\"og:image:height\" content=\"1065\" \/>\n<meta name=\"twitter:card\" content=\"summary_large_image\" \/>\n<meta name=\"twitter:label1\" content=\"Tempo estimado de leitura\" \/>\n\t<meta name=\"twitter:data1\" content=\"6 minutos\" \/>\n<script type=\"application\/ld+json\" class=\"yoast-schema-graph\">{\"@context\":\"https:\/\/schema.org\",\"@graph\":[{\"@type\":\"WebSite\",\"@id\":\"https:\/\/laydeezdocomics.com\/#website\",\"url\":\"https:\/\/laydeezdocomics.com\/\",\"name\":\"Singles Personals\",\"description\":\"Guide To Online Dating\",\"potentialAction\":[{\"@type\":\"SearchAction\",\"target\":{\"@type\":\"EntryPoint\",\"urlTemplate\":\"https:\/\/laydeezdocomics.com\/?s={search_term_string}\"},\"query-input\":\"required name=search_term_string\"}],\"inLanguage\":\"pt-PT\"},{\"@type\":\"ImageObject\",\"@id\":\"http:\/\/laydeezdocomics.com\/pt-pt\/#primaryimage\",\"inLanguage\":\"pt-PT\",\"url\":\"http:\/\/laydeezdocomics.com\/wp-content\/uploads\/2022\/09\/local-dating.jpeg\",\"contentUrl\":\"http:\/\/laydeezdocomics.com\/wp-content\/uploads\/2022\/09\/local-dating.jpeg\",\"width\":1600,\"height\":1065},{\"@type\":\"WebPage\",\"@id\":\"http:\/\/laydeezdocomics.com\/pt-pt\/#webpage\",\"url\":\"http:\/\/laydeezdocomics.com\/pt-pt\/\",\"name\":\"Hookups online - O que olhar para fora - Singles Personals\",\"isPartOf\":{\"@id\":\"https:\/\/laydeezdocomics.com\/#website\"},\"primaryImageOfPage\":{\"@id\":\"http:\/\/laydeezdocomics.com\/pt-pt\/#primaryimage\"},\"datePublished\":\"2022-09-05T13:28:55+00:00\",\"dateModified\":\"2022-09-05T13:28:55+00:00\",\"breadcrumb\":{\"@id\":\"http:\/\/laydeezdocomics.com\/pt-pt\/#breadcrumb\"},\"inLanguage\":\"pt-PT\",\"potentialAction\":[{\"@type\":\"ReadAction\",\"target\":[\"http:\/\/laydeezdocomics.com\/pt-pt\/\"]}]},{\"@type\":\"BreadcrumbList\",\"@id\":\"http:\/\/laydeezdocomics.com\/pt-pt\/#breadcrumb\",\"itemListElement\":[{\"@type\":\"ListItem\",\"position\":1,\"name\":\"Home\",\"item\":\"http:\/\/laydeezdocomics.com\/pt-pt\/\"},{\"@type\":\"ListItem\",\"position\":2,\"name\":\"Hookups online &#8211; O que olhar para fora\"}]}]}<\/script>\n<!-- \/ Yoast SEO plugin. -->","yoast_head_json":{"title":"Hookups online - O que olhar para fora - Singles Personals","robots":{"index":"index","follow":"follow","max-snippet":"max-snippet:-1","max-image-preview":"max-image-preview:large","max-video-preview":"max-video-preview:-1"},"canonical":"http:\/\/laydeezdocomics.com\/pt-pt\/","og_locale":"pt_PT","og_type":"article","og_title":"Hookups online - O que olhar para fora - Singles Personals","og_description":"Namorar online j\u00e1 n\u00e3o \u00e9 s\u00f3 passar \u00e0 esquerda e \u00e0 direita no Tinder. Na verdade, tornou-se uma das formas","og_url":"http:\/\/laydeezdocomics.com\/pt-pt\/","og_site_name":"Singles Personals","og_image":[{"width":1600,"height":1065,"url":"http:\/\/laydeezdocomics.com\/wp-content\/uploads\/2022\/09\/local-dating.jpeg","type":"image\/jpeg"}],"twitter_card":"summary_large_image","twitter_misc":{"Tempo estimado de leitura":"6 minutos"},"schema":{"@context":"https:\/\/schema.org","@graph":[{"@type":"WebSite","@id":"https:\/\/laydeezdocomics.com\/#website","url":"https:\/\/laydeezdocomics.com\/","name":"Singles Personals","description":"Guide To Online Dating","potentialAction":[{"@type":"SearchAction","target":{"@type":"EntryPoint","urlTemplate":"https:\/\/laydeezdocomics.com\/?s={search_term_string}"},"query-input":"required name=search_term_string"}],"inLanguage":"pt-PT"},{"@type":"ImageObject","@id":"http:\/\/laydeezdocomics.com\/pt-pt\/#primaryimage","inLanguage":"pt-PT","url":"http:\/\/laydeezdocomics.com\/wp-content\/uploads\/2022\/09\/local-dating.jpeg","contentUrl":"http:\/\/laydeezdocomics.com\/wp-content\/uploads\/2022\/09\/local-dating.jpeg","width":1600,"height":1065},{"@type":"WebPage","@id":"http:\/\/laydeezdocomics.com\/pt-pt\/#webpage","url":"http:\/\/laydeezdocomics.com\/pt-pt\/","name":"Hookups online - O que olhar para fora - Singles Personals","isPartOf":{"@id":"https:\/\/laydeezdocomics.com\/#website"},"primaryImageOfPage":{"@id":"http:\/\/laydeezdocomics.com\/pt-pt\/#primaryimage"},"datePublished":"2022-09-05T13:28:55+00:00","dateModified":"2022-09-05T13:28:55+00:00","breadcrumb":{"@id":"http:\/\/laydeezdocomics.com\/pt-pt\/#breadcrumb"},"inLanguage":"pt-PT","potentialAction":[{"@type":"ReadAction","target":["http:\/\/laydeezdocomics.com\/pt-pt\/"]}]},{"@type":"BreadcrumbList","@id":"http:\/\/laydeezdocomics.com\/pt-pt\/#breadcrumb","itemListElement":[{"@type":"ListItem","position":1,"name":"Home","item":"http:\/\/laydeezdocomics.com\/pt-pt\/"},{"@type":"ListItem","position":2,"name":"Hookups online &#8211; O que olhar para fora"}]}]}},"_links":{"self":[{"href":"http:\/\/laydeezdocomics.com\/pt-pt\/wp-json\/wp\/v2\/pages\/197"}],"collection":[{"href":"http:\/\/laydeezdocomics.com\/pt-pt\/wp-json\/wp\/v2\/pages"}],"about":[{"href":"http:\/\/laydeezdocomics.com\/pt-pt\/wp-json\/wp\/v2\/types\/page"}],"author":[{"embeddable":true,"href":"http:\/\/laydeezdocomics.com\/pt-pt\/wp-json\/wp\/v2\/users\/1"}],"replies":[{"embeddable":true,"href":"http:\/\/laydeezdocomics.com\/pt-pt\/wp-json\/wp\/v2\/comments?post=197"}],"version-history":[{"count":0,"href":"http:\/\/laydeezdocomics.com\/pt-pt\/wp-json\/wp\/v2\/pages\/197\/revisions"}],"wp:featuredmedia":[{"embeddable":true,"href":"http:\/\/laydeezdocomics.com\/pt-pt\/wp-json\/wp\/v2\/media\/74"}],"wp:attachment":[{"href":"http:\/\/laydeezdocomics.com\/pt-pt\/wp-json\/wp\/v2\/media?parent=197"}],"curies":[{"name":"wp","href":"https:\/\/api.w.org\/{rel}","templated":true}]}}