{"id":196,"date":"2022-09-05T14:28:55","date_gmt":"2022-09-05T13:28:55","guid":{"rendered":"http:\/\/laydeezdocomics.com\/online-anslutningar-vad-du-ska-se-upp-for\/"},"modified":"2022-09-05T14:28:55","modified_gmt":"2022-09-05T13:28:55","slug":"online-anslutningar-vad-du-ska-se-upp-for","status":"publish","type":"page","link":"http:\/\/laydeezdocomics.com\/sv\/","title":{"rendered":"Online-anslutningar &#8211; Vad du ska se upp f\u00f6r"},"content":{"rendered":"<p>N\u00e4tdejting handlar inte bara om att svepa \u00e5t v\u00e4nster och h\u00f6ger p\u00e5 Tinder l\u00e4ngre. Det har faktiskt blivit ett av de mest popul\u00e4ra s\u00e4tten att hitta k\u00e4rlek. Men \u00e4ven om det finns m\u00e5nga alternativ d\u00e4r ute, tar n\u00e5gra av dessa webbplatser ut rej\u00e4la avgifter eller begr\u00e4nsar hur m\u00e5nga matchningar du ser per dag. S\u00e5 vi gjorde unders\u00f6kningen \u00e5t dig och hittade de nio b\u00e4sta gratis dejtingsajterna och apparna 2022.<\/p>\n<p>De tre b\u00e4sta webbplatserna: OkCupid, Match och PlentyOfFish &#8211; \u00e4r v\u00e4lk\u00e4nda f\u00f6r sin enkelhet och l\u00e5ga kostnad. De \u00e4r bra f\u00f6r nyb\u00f6rjare, men n\u00e4r du v\u00e4l har matchats med n\u00e5gon vill du uppgradera till betalda planer. Om du letar efter n\u00e5got lite mindre mainstream, kolla in Bumble, Hinge, OkCupid och Zoosk. Dessa fyra webbplatser erbjuder m\u00e5nga funktioner utan att ta ut en m\u00e5nadsavgift. Men gl\u00f6m inte nischade dejtingsajter som SinglesAroundMe, BlackPeopleMeet, ChristianMingle och CougarLife. Du kan till och med prova n\u00e5gra olika f\u00f6r att uppt\u00e4cka vad som fungerar b\u00e4st f\u00f6r dig.<\/p>\n<h2>Hur online dating fungerar<\/h2>\n<p>Online dating webbplatser utvecklas st\u00e4ndigt, och du vill inte n\u00f6ja dig med n\u00e5got mindre \u00e4n det b\u00e4sta. Vi har scoopet p\u00e5 de mest popul\u00e4ra dejtingapparna och webbplatserna, inklusive Tinder, Match, OkCupid, PlentyOfFish, Bumble och m\u00e5nga andra. Du hittar recensioner av varje webbplats funktioner, prisplaner, framg\u00e5ngshistorier och till och med insikter om hur var och en fungerar bakom kulisserna. Oavsett om du letar efter k\u00e4rlek, v\u00e4nskap eller bara n\u00e5gra roliga dejter har vi det du beh\u00f6ver.<\/p>\n<p>Gratis dejtingsajter och appar blir allt popul\u00e4rare. De erbjuder ett bra alternativ till traditionella dejtingsmetoder som barer och klubbar eftersom de till\u00e5ter m\u00e4nniskor att ansluta utan att beh\u00f6va betala n\u00e5got i f\u00f6rskott.<\/p>\n<h2>Guide till just hookup n\u00e4ra dig<\/h2>\n<p>Om du vill veta hur kompatibel n\u00e5gon annan \u00e4r med dig m\u00e5ste du betala en liten avgift. Den uppgraderade versionen av webbplatsen l\u00e5ter dig dock se din matchpo\u00e4ng, som ber\u00e4ttar hur lik du \u00e4r varje medlem baserat p\u00e5 \u00e5lder, plats, relationsstatus och intressen. Ju l\u00e4gre ditt nummer, desto b\u00e4ttre blir du. Du kan l\u00e4sa mer om din kompatibilitet h\u00e4r.<\/p>\n<p>Du kommer inte att kunna skicka meddelanden till n\u00e5gon om du inte har tillr\u00e4ckligt med gillanden i din profil, s\u00e5 se till att du l\u00e4gger till foton av dig sj\u00e4lv som m\u00e4nniskor kan njuta av. Om du inte redan har m\u00e5nga f\u00f6ljare kan du dock \u00f6ka dina nummer genom att betala en liten avgift.<\/p>\n<p>Den h\u00e4r funktionen \u00e4r inte tillg\u00e4nglig i gratisversionen av webbplatsen, men du kan anv\u00e4nda den uppgraderade versionen f\u00f6r att ta reda p\u00e5 vem som gillade dig f\u00f6rst. Detta kan hj\u00e4lpa dig att ta reda p\u00e5 om n\u00e5gon verkligen \u00e4r intresserad av att chatta med dig eller bara f\u00f6rs\u00f6ker sl\u00e5 p\u00e5 dig.<\/p>\n<h2>Riktiga dejtingappar endast f\u00f6r singlar<\/h2>\n<p>Appen finns \u00f6verallt \u2013 den finns p\u00e5 v\u00e5ra telefoner, surfplattor, b\u00e4rbara datorer, station\u00e4ra datorer, TV-apparater, smarta klockor, till och med bilar. Och vi \u00e4r beroende av det. Men vad h\u00e4nder n\u00e4r man sett precis allt? K\u00e4nner du n\u00e5gonsin att du har provat varenda alternativ d\u00e4r ute? Om s\u00e5 \u00e4r fallet, h\u00e4r \u00e4r n\u00e5gra bra alternativ f\u00f6r att hitta n\u00e5gon speciell utan att beh\u00f6va gaffla \u00f6ver pengar f\u00f6r premiumfunktioner.<\/p>\n<h2>T\u00e4ndsticka<\/h2>\n<p>Match.com \u00e4r en av de mest popul\u00e4ra online dating webbplatser runt. Om du har surfat p\u00e5 internet efter gratis dejtingsajter \u00e4r chansen stor att du ocks\u00e5 har sett annonser f\u00f6r Match.com. Inte bara annonser &#8211; du ser faktiskt m\u00e4nniskors riktiga foton och bios p\u00e5 Match.com. Och de m\u00e4nniskorna verkar ganska glada \u00f6ver att vara d\u00e4r.<\/p>\n<p>Men \u00e4ven om Match.com inte \u00e4r exakt gratis, erbjuder den n\u00e5gra fantastiska funktioner gratis.<\/p>\n<h3>Zoosk<\/h3>\n<p>Zoosk.com \u00e4r en av de \u00e4ldsta dejtingapparna d\u00e4r ute, efter att ha lanserats redan 2007. Det \u00e4r den mest popul\u00e4ra dejtingsajten i Apples App Store och anv\u00e4nds ocks\u00e5 ofta p\u00e5 Android-enheter. Och \u00e4ven om det kan verka som en enkel id\u00e9 &#8211; bara registrera dig, l\u00e4gg till n\u00e5gra foton, fyll i n\u00e5gra fr\u00e5gor om dig sj\u00e4lv och b\u00f6rja svepa \u00e5t v\u00e4nster eller h\u00f6ger &#8211; det finns faktiskt m\u00e5nga olika s\u00e4tt att anv\u00e4nda Zoosk.<\/p>\n<p>Du kan till exempel bl\u00e4ddra bland lokala singlar baserat p\u00e5 var du bor eller leta efter personer i n\u00e4rheten som delar gemensamma intressen. Du kan till och med st\u00e4lla in varningar f\u00f6r specifika typer av matcher, till exempel n\u00e5gon som delar ditt favoritidrottslag. Det finns inga gr\u00e4nser f\u00f6r hur l\u00e5ngt du kan g\u00e5 p\u00e5 Zoosk heller; du kan utforska o\u00e4ndliga m\u00f6jligheter utan att n\u00e5gonsin betala n\u00e5got.<\/p>\n<p>Registreringsprocessen \u00e4r ganska enkel. Du skapar en gratis profil, fyller i grundl\u00e4ggande information om dig sj\u00e4lv och du \u00e4r redo att b\u00f6rja surfa. Det finns tre s\u00e4tt att g\u00f6ra detta: surfa via mobilapp, station\u00e4r webbl\u00e4sare eller via en station\u00e4r app.<\/p>\n<p>N\u00e4r du har registrerat dig f\u00e5r du \u00e5tta fr\u00e5gor att svara p\u00e5. Dessa inkluderar saker som vilken typ av relation du letar efter, om du f\u00f6redrar n\u00e5gon inom 10 miles eller 50 miles och vilken \u00e5ldersgrupp du \u00e4r intresserad av. Detta hj\u00e4lper till att begr\u00e4nsa f\u00e4ltet och ge dig en b\u00e4ttre uppfattning om vad du kan hitta n\u00e4r du b\u00f6rjar s\u00f6ka.<\/p>\n<p>N\u00e4r du har svarat p\u00e5 dessa fr\u00e5gor tar du en personlighetsquiz. Detta ger dig en bra uppfattning om vilka typer av m\u00e4nniskor du sannolikt kommer att tr\u00e4ffa baserat p\u00e5 dina svar. D\u00e4refter ser du en lista \u00f6ver potentiella matchningar baserat p\u00e5 dina preferenser. H\u00e4rifr\u00e5n kan du v\u00e4lja att visa fler profiler eller bara flytta till en annan del av webbplatsen.<\/p>\n<h3>eHarmony<\/h3>\n<p>eHarmony \u00e4r en av de st\u00f6rsta dejtingsajterna i Amerika, med \u00f6ver 10 miljoner aktiva medlemmar och 750 000 betalda prenumerationer. Webbplatsen lanserades 2000 och har vuxit sedan dess. F\u00f6rutom att erbjuda en uppsj\u00f6 av funktioner som personlighetstester och relationsr\u00e5d, erbjuder den en unik funktion som heter &#8221;The Chemistry Match&#8221;, d\u00e4r du svarar p\u00e5 fr\u00e5gor om dig sj\u00e4lv och din partner f\u00f6r att se hur bra du skulle arbeta tillsammans.<\/p>\n<p>Utan m\u00e5nadsavgifter erbjuder webbplatsen obegr\u00e4nsade meddelande- och profilvisningar, plus en massa andra f\u00f6rm\u00e5ner inklusive videochatt, gruppchattar och en mobilapp. Men medan gratisversionen ger dig mycket valuta f\u00f6r pengarna, ger uppgradering till ett premiumkonto dig ocks\u00e5 n\u00e5gra extra f\u00f6rdelar. H\u00e4r \u00e4r sex saker du kan g\u00f6ra n\u00e4r du har registrerat dig.<\/p>\n<h3>OKCupid<\/h3>\n<p>OkCupid fakturerar sig sj\u00e4lv som &#8221;v\u00e4rldens b\u00e4sta gratis dejtingsajt&#8221;, och vi h\u00e5ller med. Webbplatsen erbjuder allt du kan \u00f6nska dig i en dejtingapp &#8211; den \u00e4r gratis, l\u00e4tt att navigera och l\u00e5ter dig st\u00e4lla in preferenser om ras, religion och sexuell l\u00e4ggning. Du kan ocks\u00e5 skicka meddelanden och visa profiler. Om du best\u00e4mmer dig f\u00f6r att g\u00e5 premium ($ 9 \/ m\u00e5nad) f\u00e5r du tillg\u00e5ng till ytterligare funktioner som livevideochatt, gruppmeddelanden och exklusiva evenemang.<\/p>\n<h3>Stappla<\/h3>\n<p>Bumble skapades av tidigare Facebook-anst\u00e4llda och fokuserar p\u00e5 s\u00e4kerhet snarare \u00e4n romantik. N\u00e4r du registrerar dig v\u00e4ljer du ett anv\u00e4ndarnamn och anger din e-postadress. D\u00e4rifr\u00e5n f\u00e5r du en verifieringskod f\u00f6r att bekr\u00e4fta ditt konto. N\u00e4r du har verifierat kan du b\u00f6rja skicka f\u00f6rfr\u00e5gningar till andra medlemmar. Kvinnor m\u00e5ste acceptera eller avvisa varje beg\u00e4ran inom 24 timmar. Om hon accepterar blir du matchad och kan b\u00f6rja chatta.<\/p>\n","protected":false},"excerpt":{"rendered":"<p>N\u00e4tdejting handlar inte bara om att svepa \u00e5t v\u00e4nster och h\u00f6ger p\u00e5 Tinder l\u00e4ngre. Det har faktiskt blivit ett av<\/p>\n","protected":false},"author":1,"featured_media":77,"parent":0,"menu_order":0,"comment_status":"closed","ping_status":"closed","template":"","meta":[],"yoast_head":"<!-- This site is optimized with the Yoast SEO plugin v17.7.1 - https:\/\/yoast.com\/wordpress\/plugins\/seo\/ -->\n<title>Online-anslutningar - Vad du ska se upp f\u00f6r - Singles Personals<\/title>\n<meta name=\"robots\" content=\"index, follow, max-snippet:-1, max-image-preview:large, max-video-preview:-1\" \/>\n<link rel=\"canonical\" href=\"http:\/\/laydeezdocomics.com\/sv\/\" \/>\n<meta property=\"og:locale\" content=\"sv_SE\" \/>\n<meta property=\"og:type\" content=\"article\" \/>\n<meta property=\"og:title\" content=\"Online-anslutningar - Vad du ska se upp f\u00f6r - Singles Personals\" \/>\n<meta property=\"og:description\" content=\"N\u00e4tdejting handlar inte bara om att svepa \u00e5t v\u00e4nster och h\u00f6ger p\u00e5 Tinder l\u00e4ngre. Det har faktiskt blivit ett av\" \/>\n<meta property=\"og:url\" content=\"http:\/\/laydeezdocomics.com\/sv\/\" \/>\n<meta property=\"og:site_name\" content=\"Singles Personals\" \/>\n<meta property=\"og:image\" content=\"https:\/\/laydeezdocomics.com\/wp-content\/uploads\/2022\/09\/local-dating.jpeg\" \/>\n\t<meta property=\"og:image:width\" content=\"1600\" \/>\n\t<meta property=\"og:image:height\" content=\"1065\" \/>\n<meta name=\"twitter:card\" content=\"summary_large_image\" \/>\n<meta name=\"twitter:label1\" content=\"Ber\u00e4knad l\u00e4stid\" \/>\n\t<meta name=\"twitter:data1\" content=\"7 minuter\" \/>\n<script type=\"application\/ld+json\" class=\"yoast-schema-graph\">{\"@context\":\"https:\/\/schema.org\",\"@graph\":[{\"@type\":\"WebSite\",\"@id\":\"https:\/\/laydeezdocomics.com\/#website\",\"url\":\"https:\/\/laydeezdocomics.com\/\",\"name\":\"Singles Personals\",\"description\":\"Guide To Online Dating\",\"potentialAction\":[{\"@type\":\"SearchAction\",\"target\":{\"@type\":\"EntryPoint\",\"urlTemplate\":\"https:\/\/laydeezdocomics.com\/?s={search_term_string}\"},\"query-input\":\"required name=search_term_string\"}],\"inLanguage\":\"sv-SE\"},{\"@type\":\"ImageObject\",\"@id\":\"http:\/\/laydeezdocomics.com\/sv\/#primaryimage\",\"inLanguage\":\"sv-SE\",\"url\":\"http:\/\/laydeezdocomics.com\/wp-content\/uploads\/2022\/09\/local-dating.jpeg\",\"contentUrl\":\"http:\/\/laydeezdocomics.com\/wp-content\/uploads\/2022\/09\/local-dating.jpeg\",\"width\":1600,\"height\":1065},{\"@type\":\"WebPage\",\"@id\":\"http:\/\/laydeezdocomics.com\/sv\/#webpage\",\"url\":\"http:\/\/laydeezdocomics.com\/sv\/\",\"name\":\"Online-anslutningar - Vad du ska se upp f\\u00f6r - Singles Personals\",\"isPartOf\":{\"@id\":\"https:\/\/laydeezdocomics.com\/#website\"},\"primaryImageOfPage\":{\"@id\":\"http:\/\/laydeezdocomics.com\/sv\/#primaryimage\"},\"datePublished\":\"2022-09-05T13:28:55+00:00\",\"dateModified\":\"2022-09-05T13:28:55+00:00\",\"breadcrumb\":{\"@id\":\"http:\/\/laydeezdocomics.com\/sv\/#breadcrumb\"},\"inLanguage\":\"sv-SE\",\"potentialAction\":[{\"@type\":\"ReadAction\",\"target\":[\"http:\/\/laydeezdocomics.com\/sv\/\"]}]},{\"@type\":\"BreadcrumbList\",\"@id\":\"http:\/\/laydeezdocomics.com\/sv\/#breadcrumb\",\"itemListElement\":[{\"@type\":\"ListItem\",\"position\":1,\"name\":\"Home\",\"item\":\"https:\/\/laydeezdocomics.com\/sv\/\"},{\"@type\":\"ListItem\",\"position\":2,\"name\":\"Online-anslutningar &#8211; Vad du ska se upp f\\u00f6r\"}]}]}<\/script>\n<!-- \/ Yoast SEO plugin. -->","yoast_head_json":{"title":"Online-anslutningar - Vad du ska se upp f\u00f6r - Singles Personals","robots":{"index":"index","follow":"follow","max-snippet":"max-snippet:-1","max-image-preview":"max-image-preview:large","max-video-preview":"max-video-preview:-1"},"canonical":"http:\/\/laydeezdocomics.com\/sv\/","og_locale":"sv_SE","og_type":"article","og_title":"Online-anslutningar - Vad du ska se upp f\u00f6r - Singles Personals","og_description":"N\u00e4tdejting handlar inte bara om att svepa \u00e5t v\u00e4nster och h\u00f6ger p\u00e5 Tinder l\u00e4ngre. Det har faktiskt blivit ett av","og_url":"http:\/\/laydeezdocomics.com\/sv\/","og_site_name":"Singles Personals","og_image":[{"width":1600,"height":1065,"url":"https:\/\/laydeezdocomics.com\/wp-content\/uploads\/2022\/09\/local-dating.jpeg","type":"image\/jpeg"}],"twitter_card":"summary_large_image","twitter_misc":{"Ber\u00e4knad l\u00e4stid":"7 minuter"},"schema":{"@context":"https:\/\/schema.org","@graph":[{"@type":"WebSite","@id":"https:\/\/laydeezdocomics.com\/#website","url":"https:\/\/laydeezdocomics.com\/","name":"Singles Personals","description":"Guide To Online Dating","potentialAction":[{"@type":"SearchAction","target":{"@type":"EntryPoint","urlTemplate":"https:\/\/laydeezdocomics.com\/?s={search_term_string}"},"query-input":"required name=search_term_string"}],"inLanguage":"sv-SE"},{"@type":"ImageObject","@id":"http:\/\/laydeezdocomics.com\/sv\/#primaryimage","inLanguage":"sv-SE","url":"http:\/\/laydeezdocomics.com\/wp-content\/uploads\/2022\/09\/local-dating.jpeg","contentUrl":"http:\/\/laydeezdocomics.com\/wp-content\/uploads\/2022\/09\/local-dating.jpeg","width":1600,"height":1065},{"@type":"WebPage","@id":"http:\/\/laydeezdocomics.com\/sv\/#webpage","url":"http:\/\/laydeezdocomics.com\/sv\/","name":"Online-anslutningar - Vad du ska se upp f\u00f6r - Singles Personals","isPartOf":{"@id":"https:\/\/laydeezdocomics.com\/#website"},"primaryImageOfPage":{"@id":"http:\/\/laydeezdocomics.com\/sv\/#primaryimage"},"datePublished":"2022-09-05T13:28:55+00:00","dateModified":"2022-09-05T13:28:55+00:00","breadcrumb":{"@id":"http:\/\/laydeezdocomics.com\/sv\/#breadcrumb"},"inLanguage":"sv-SE","potentialAction":[{"@type":"ReadAction","target":["http:\/\/laydeezdocomics.com\/sv\/"]}]},{"@type":"BreadcrumbList","@id":"http:\/\/laydeezdocomics.com\/sv\/#breadcrumb","itemListElement":[{"@type":"ListItem","position":1,"name":"Home","item":"https:\/\/laydeezdocomics.com\/sv\/"},{"@type":"ListItem","position":2,"name":"Online-anslutningar &#8211; Vad du ska se upp f\u00f6r"}]}]}},"_links":{"self":[{"href":"http:\/\/laydeezdocomics.com\/sv\/wp-json\/wp\/v2\/pages\/196"}],"collection":[{"href":"http:\/\/laydeezdocomics.com\/sv\/wp-json\/wp\/v2\/pages"}],"about":[{"href":"http:\/\/laydeezdocomics.com\/sv\/wp-json\/wp\/v2\/types\/page"}],"author":[{"embeddable":true,"href":"http:\/\/laydeezdocomics.com\/sv\/wp-json\/wp\/v2\/users\/1"}],"replies":[{"embeddable":true,"href":"http:\/\/laydeezdocomics.com\/sv\/wp-json\/wp\/v2\/comments?post=196"}],"version-history":[{"count":0,"href":"http:\/\/laydeezdocomics.com\/sv\/wp-json\/wp\/v2\/pages\/196\/revisions"}],"wp:featuredmedia":[{"embeddable":true,"href":"http:\/\/laydeezdocomics.com\/sv\/wp-json\/wp\/v2\/media\/77"}],"wp:attachment":[{"href":"http:\/\/laydeezdocomics.com\/sv\/wp-json\/wp\/v2\/media?parent=196"}],"curies":[{"name":"wp","href":"https:\/\/api.w.org\/{rel}","templated":true}]}}