{"id":209,"date":"2022-09-05T14:28:55","date_gmt":"2022-09-05T13:28:55","guid":{"rendered":"http:\/\/laydeezdocomics.com\/online-baglantilar-nelere-dikkat-edilmeli\/"},"modified":"2022-09-05T14:28:55","modified_gmt":"2022-09-05T13:28:55","slug":"online-baglantilar-nelere-dikkat-edilmeli","status":"publish","type":"page","link":"http:\/\/laydeezdocomics.com\/tr\/","title":{"rendered":"Online Ba\u011flant\u0131lar &#8211; Nelere Dikkat Edilmeli"},"content":{"rendered":"<p>\u00c7evrimi\u00e7i bulu\u015fma art\u0131k sadece Tinder&#8217;da sola ve sa\u011fa kayd\u0131rmakla ilgili de\u011fil. Asl\u0131nda, a\u015fk\u0131 bulman\u0131n en pop\u00fcler yollar\u0131ndan biri haline geldi. Ancak d\u0131\u015far\u0131da bir\u00e7ok se\u00e7enek olsa da, bu sitelerden baz\u0131lar\u0131 a\u011f\u0131r \u00fccretler talep ediyor veya g\u00fcnde ka\u00e7 ma\u00e7 g\u00f6rd\u00fc\u011f\u00fcn\u00fcz\u00fc s\u0131n\u0131rl\u0131yor. Bu y\u00fczden ara\u015ft\u0131rmay\u0131 sizin i\u00e7in yapt\u0131k ve 2022&#8217;nin en iyi dokuz \u00fccretsiz tan\u0131\u015fma sitesini ve uygulamas\u0131n\u0131 bulduk.<\/p>\n<p>\u0130lk \u00fc\u00e7 site: OkCupid, Match ve PlentyOfFish &#8211; basitlikleri ve d\u00fc\u015f\u00fck maliyetleri ile tan\u0131n\u0131rlar. Yeni ba\u015flayanlar i\u00e7in harikad\u0131rlar, ancak biriyle e\u015fle\u015ftirildikten sonra \u00fccretli planlara y\u00fckseltmek isteyeceksiniz. Biraz daha az ana ak\u0131m bir \u015fey ar\u0131yorsan\u0131z, Bumble, Hinge, OkCupid ve Zoosk&#8217;a g\u00f6z at\u0131n. Bu d\u00f6rt site, ayl\u0131k bir \u00fccret talep etmeden bir\u00e7ok \u00f6zellik sunuyor. Ancak SinglesAroundMe, BlackPeopleMeet, ChristianMingle, ve CougarLife gibi ni\u015f tan\u0131\u015fma sitelerini unutmay\u0131n. Sizin i\u00e7in en uygun olan\u0131 ke\u015ffetmek i\u00e7in birka\u00e7 farkl\u0131 olan\u0131 bile deneyebilirsiniz.<\/p>\n<h2>Online Bulu\u015fma Nas\u0131l \u00c7al\u0131\u015f\u0131r?<\/h2>\n<p>\u00c7evrimi\u00e7i tan\u0131\u015fma siteleri s\u00fcrekli geli\u015fiyor ve en iyisinden daha az\u0131na raz\u0131 olmak istemezsiniz. Tinder, Match, OkCupid, PlentyOfFish, Bumble ve di\u011ferleri de dahil olmak \u00fczere en pop\u00fcler tan\u0131\u015fma uygulamalar\u0131 ve siteleri hakk\u0131nda kep\u00e7emiz var. Her sitenin \u00f6zelliklerinin, fiyatland\u0131rma planlar\u0131n\u0131n, ba\u015far\u0131 hikayelerinin ve hatta her birinin sahne arkas\u0131nda nas\u0131l \u00e7al\u0131\u015ft\u0131\u011f\u0131na dair i\u00e7g\u00f6r\u00fclerin incelemelerini bulacaks\u0131n\u0131z. \u0130ster a\u015fk, arkada\u015fl\u0131k ya da sadece e\u011flenceli bulu\u015fmalar ar\u0131yor olun, ihtiyac\u0131n\u0131z olan her \u015feye sahibiz.<\/p>\n<p>\u00dccretsiz tan\u0131\u015fma siteleri ve uygulamalar\u0131 giderek daha pop\u00fcler hale geliyor. Barlar ve kul\u00fcpler gibi geleneksel bulu\u015fma y\u00f6ntemlerine harika bir alternatif sunarlar \u00e7\u00fcnk\u00fc insanlar\u0131n \u00f6nceden bir \u015fey \u00f6demek zorunda kalmadan ba\u011flant\u0131 kurmalar\u0131na izin verirler.<\/p>\n<h2>Sadece Yak\u0131n\u0131n\u0131zda Ba\u011flant\u0131 Kurma Rehberi<\/h2>\n<p>Ba\u015fka birinin sizinle ne kadar uyumlu oldu\u011funu bilmek istiyorsan\u0131z, k\u00fc\u00e7\u00fck bir \u00fccret \u00f6demeniz gerekir. Ancak, sitenin y\u00fckseltilmi\u015f s\u00fcr\u00fcm\u00fc, ya\u015f, konum, ili\u015fki durumu ve ilgi alanlar\u0131na g\u00f6re her \u00fcyeye ne kadar benzer oldu\u011funuzu s\u00f6yleyen e\u015fle\u015fme puan\u0131n\u0131z\u0131 g\u00f6r\u00fcnt\u00fclemenizi sa\u011flar. Say\u0131n\u0131z ne kadar d\u00fc\u015f\u00fck olursa, o kadar iyi durumda olursunuz. Uyumlulu\u011funuz hakk\u0131nda daha fazla bilgiyi burada bulabilirsiniz.<\/p>\n<p>Profilinizde yeterince be\u011feni almad\u0131\u011f\u0131n\u0131z s\u00fcrece kimseye mesaj g\u00f6nderemezsiniz, bu nedenle insanlar\u0131n keyif alabilece\u011fi foto\u011fraflar\u0131n\u0131z\u0131 ekledi\u011finizden emin olun. Hen\u00fcz \u00e7ok fazla takip\u00e7iniz yoksa, k\u00fc\u00e7\u00fck bir \u00fccret \u00f6deyerek say\u0131lar\u0131n\u0131z\u0131 art\u0131rabilirsiniz.<\/p>\n<p>Bu \u00f6zellik sitenin \u00fccretsiz s\u00fcr\u00fcm\u00fcnde mevcut de\u011fildir, ancak sizi ilk kimin sevdi\u011fini bulmak i\u00e7in y\u00fckseltilmi\u015f s\u00fcr\u00fcm\u00fc kullanabilirsiniz. Bu, birisinin sizinle sohbet etmekle ger\u00e7ekten ilgilenip ilgilenmedi\u011fini veya sadece size vurmaya \u00e7al\u0131\u015f\u0131p \u00e7al\u0131\u015fmad\u0131\u011f\u0131n\u0131 anlaman\u0131za yard\u0131mc\u0131 olabilir.<\/p>\n<h2>Sadece Bekarlar \u0130\u00e7in Ger\u00e7ek Arkada\u015fl\u0131k Uygulamalar\u0131<\/h2>\n<p>Uygulama her yerdedir &#8211; telefonlar\u0131m\u0131zda, tabletlerimizde, diz\u00fcst\u00fc bilgisayarlar\u0131m\u0131zda, masa\u00fcst\u00fc bilgisayarlar\u0131m\u0131zda, TV&#8217;lerimizde, ak\u0131ll\u0131 saatlerimizde, hatta arabalar\u0131m\u0131zda. Ve biz buna ba\u011f\u0131ml\u0131y\u0131z. Ama hemen hemen her \u015feyi g\u00f6rd\u00fc\u011f\u00fcn\u00fczde ne olur? Hi\u00e7 orada her bir se\u00e7ene\u011fi denemi\u015f gibi hissettiniz mi? E\u011fer \u00f6yleyse, premium \u00f6zellikler i\u00e7in para harcamak zorunda kalmadan \u00f6zel birini bulmak i\u00e7in baz\u0131 harika se\u00e7enekler.<\/p>\n<h2>Ma\u00e7<\/h2>\n<p>Match.com, etraf\u0131ndaki en pop\u00fcler \u00e7evrimi\u00e7i tan\u0131\u015fma sitelerinden biridir. \u00dccretsiz tan\u0131\u015fma siteleri i\u00e7in internette geziniyorsan\u0131z, Match.com i\u00e7in de reklamlar g\u00f6rm\u00fc\u015f olabilirsiniz. Sadece reklamlar de\u011fil, insanlar\u0131n ger\u00e7ek foto\u011fraflar\u0131n\u0131 ve biyografilerini Match.com g\u00f6r\u00fcrs\u00fcn\u00fcz. Ve bu insanlar orada olmaktan olduk\u00e7a mutlu g\u00f6r\u00fcn\u00fcyorlar.<\/p>\n<p>Ancak Match.com tam olarak \u00fccretsiz olmasa da, \u00fccretsiz olarak baz\u0131 harika \u00f6zellikler sunuyor.<\/p>\n<h3>Hayvanat bah\u00e7esi<\/h3>\n<p>Zoosk.com, 2007 y\u0131l\u0131nda piyasaya s\u00fcr\u00fclen en eski arkada\u015fl\u0131k uygulamalar\u0131ndan biridir. Apple&#8217;\u0131n App Store&#8217;daki en pop\u00fcler tan\u0131\u015fma sitesidir ve Android cihazlarda da yayg\u0131n olarak kullan\u0131lmaktad\u0131r. Ve basit bir fikir gibi g\u00f6r\u00fcnse de &#8211; sadece kaydolun, baz\u0131 foto\u011fraflar ekleyin, kendinizle ilgili birka\u00e7 soru doldurun ve sola veya sa\u011fa kayd\u0131rmaya ba\u015flay\u0131n &#8211; asl\u0131nda Zoosk&#8217;u kullanman\u0131n bir\u00e7ok farkl\u0131 yolu vard\u0131r.<\/p>\n<p>\u00d6rne\u011fin, ya\u015fad\u0131\u011f\u0131n\u0131z yere ba\u011fl\u0131 olarak yerel bekarlara g\u00f6z atabilir veya yak\u0131nlarda ortak ilgi alanlar\u0131n\u0131 payla\u015fan ki\u015fileri arayabilirsiniz. En sevdi\u011finiz spor tak\u0131m\u0131n\u0131 payla\u015fan biri gibi belirli ma\u00e7 t\u00fcrleri i\u00e7in uyar\u0131lar bile ayarlayabilirsiniz. Zoosk&#8217;ta ne kadar ileri gidebilece\u011finizin de s\u0131n\u0131r\u0131 yok; hi\u00e7bir \u015fey \u00f6demeden sonsuz olas\u0131l\u0131klar\u0131 ke\u015ffedebilirsiniz.<\/p>\n<p>Kay\u0131t i\u015flemi olduk\u00e7a basittir. \u00dccretsiz bir profil olu\u015fturursunuz, kendinizle ilgili baz\u0131 temel bilgileri tamamlars\u0131n\u0131z ve g\u00f6z atmaya ba\u015flamaya haz\u0131rs\u0131n\u0131z. Bunu yapman\u0131n \u00fc\u00e7 yolu vard\u0131r: mobil uygulama, masa\u00fcst\u00fc web taray\u0131c\u0131s\u0131 veya bir masa\u00fcst\u00fc uygulamas\u0131 arac\u0131l\u0131\u011f\u0131yla g\u00f6z at\u0131n.<\/p>\n<p>Kaydolduktan sonra, yan\u0131tlaman\u0131z gereken sekiz soru alacaks\u0131n\u0131z. Bunlar, ne t\u00fcr bir ili\u015fki arad\u0131\u011f\u0131n\u0131z, 10 mil veya 50 mil i\u00e7inde birini tercih edip etmeyece\u011finiz ve hangi ya\u015f grubuyla ilgilendi\u011finiz gibi \u015feyleri i\u00e7erir. Bu, alan\u0131 daraltmaya yard\u0131mc\u0131 olur ve aramaya ba\u015flad\u0131\u011f\u0131n\u0131zda ne bulabilece\u011finiz hakk\u0131nda size daha iyi bir fikir verir.<\/p>\n<p>Bu sorular\u0131 cevaplad\u0131ktan sonra, bir ki\u015filik testine gireceksiniz. Bu, cevaplar\u0131n\u0131za dayanarak ne t\u00fcr insanlarla tan\u0131\u015fma olas\u0131l\u0131\u011f\u0131n\u0131z oldu\u011fu konusunda size iyi bir fikir verir. Bundan sonra, tercihlerinize g\u00f6re potansiyel e\u015fle\u015fmelerin bir listesini g\u00f6receksiniz. Buradan, daha fazla profil g\u00f6r\u00fcnt\u00fclemeyi se\u00e7ebilir veya sitenin ba\u015fka bir b\u00f6l\u00fcm\u00fcne ge\u00e7ebilirsiniz.<\/p>\n<h3>eHarmony (eUyum)<\/h3>\n<p>eHarmony, 10 milyondan fazla aktif \u00fcyesi ve 750.000 \u00fccretli aboneli\u011fi ile Amerika&#8217;daki en b\u00fcy\u00fck tan\u0131\u015fma sitelerinden biridir. Site 2000 y\u0131l\u0131nda ba\u015flat\u0131ld\u0131 ve o zamandan beri b\u00fcy\u00fcyor. Ki\u015filik testleri ve ili\u015fki \u00f6nerileri gibi \u00e7ok say\u0131da \u00f6zellik sunman\u0131n yan\u0131 s\u0131ra, birlikte ne kadar iyi \u00e7al\u0131\u015faca\u011f\u0131n\u0131z\u0131 g\u00f6rmek i\u00e7in kendiniz ve e\u015finizle ilgili sorular\u0131 cevaplad\u0131\u011f\u0131n\u0131z &#8220;Kimya Ma\u00e7\u0131&#8221; adl\u0131 benzersiz bir \u00f6zellik sunar.<\/p>\n<p>Ayl\u0131k \u00fccret \u00f6demeyen site, s\u0131n\u0131rs\u0131z mesajla\u015fma ve profil g\u00f6r\u00fcn\u00fcmlerinin yan\u0131 s\u0131ra g\u00f6r\u00fcnt\u00fcl\u00fc sohbet, grup sohbetleri ve bir mobil uygulama da dahil olmak \u00fczere bir dizi ba\u015fka avantaj sunar. Ancak \u00fccretsiz s\u00fcr\u00fcm size paran\u0131z\u0131n kar\u015f\u0131l\u0131\u011f\u0131n\u0131 fazlas\u0131yla verirken, premium bir hesaba y\u00fckseltmek size baz\u0131 ekstra avantajlar da sa\u011flar. \u0130\u015fte kaydolduktan sonra yapabilece\u011finiz alt\u0131 \u015fey.<\/p>\n<h3>OKCupid<\/h3>\n<p>OkCupid kendisini &#8220;d\u00fcnyan\u0131n en iyi \u00fccretsiz tan\u0131\u015fma sitesi&#8221; olarak faturaland\u0131r\u0131yor ve biz de ayn\u0131 fikirdeyiz. Site, bir arkada\u015fl\u0131k uygulamas\u0131nda isteyebilece\u011finiz her \u015feyi sunar &#8211; \u00fccretsiz, gezinmesi kolayd\u0131r ve \u0131rk, din ve cinsel y\u00f6nelim hakk\u0131nda tercihlerinizi belirlemenize olanak tan\u0131r. Ayr\u0131ca mesaj g\u00f6nderebilir ve profilleri g\u00f6r\u00fcnt\u00fcleyebilirsiniz. Premium&#8217;a ($ 9 \/ ay) ge\u00e7meye karar verirseniz, canl\u0131 g\u00f6r\u00fcnt\u00fcl\u00fc sohbet, grup mesajla\u015fmas\u0131 ve \u00f6zel etkinlikler gibi ek \u00f6zelliklere eri\u015febileceksiniz.<\/p>\n<h3>Bumble<\/h3>\n<p>Eski Facebook \u00e7al\u0131\u015fanlar\u0131 taraf\u0131ndan yarat\u0131lan Bumble, romantizmden ziyade g\u00fcvenli\u011fe odaklan\u0131yor. Kaydoldu\u011funuzda bir kullan\u0131c\u0131 ad\u0131 se\u00e7er ve e-posta adresinizi girersiniz. Buradan, hesab\u0131n\u0131z\u0131 onaylamak i\u00e7in bir do\u011frulama kodu al\u0131rs\u0131n\u0131z. Do\u011fruland\u0131ktan sonra, di\u011fer \u00fcyelere istek g\u00f6ndermeye ba\u015flayabilirsiniz. Kad\u0131nlar her iste\u011fi 24 saat i\u00e7inde kabul etmeli veya reddetmelidir. Kabul ederse, e\u015fle\u015ftirilirsiniz ve sohbete ba\u015flayabilirsiniz.<\/p>\n","protected":false},"excerpt":{"rendered":"<p>\u00c7evrimi\u00e7i bulu\u015fma art\u0131k sadece Tinder&#8217;da sola ve sa\u011fa kayd\u0131rmakla ilgili de\u011fil. Asl\u0131nda, a\u015fk\u0131 bulman\u0131n en pop\u00fcler yollar\u0131ndan biri haline geldi.<\/p>\n","protected":false},"author":1,"featured_media":78,"parent":0,"menu_order":0,"comment_status":"closed","ping_status":"closed","template":"","meta":[],"yoast_head":"<!-- This site is optimized with the Yoast SEO plugin v17.7.1 - https:\/\/yoast.com\/wordpress\/plugins\/seo\/ -->\n<title>Online Ba\u011flant\u0131lar - Nelere Dikkat Edilmeli - Singles Personals<\/title>\n<meta name=\"robots\" content=\"index, follow, max-snippet:-1, max-image-preview:large, max-video-preview:-1\" \/>\n<link rel=\"canonical\" href=\"http:\/\/laydeezdocomics.com\/tr\/\" \/>\n<meta property=\"og:locale\" content=\"tr_TR\" \/>\n<meta property=\"og:type\" content=\"article\" \/>\n<meta property=\"og:title\" content=\"Online Ba\u011flant\u0131lar - Nelere Dikkat Edilmeli - Singles Personals\" \/>\n<meta property=\"og:description\" content=\"\u00c7evrimi\u00e7i bulu\u015fma art\u0131k sadece Tinder&#8217;da sola ve sa\u011fa kayd\u0131rmakla ilgili de\u011fil. Asl\u0131nda, a\u015fk\u0131 bulman\u0131n en pop\u00fcler yollar\u0131ndan biri haline geldi.\" \/>\n<meta property=\"og:url\" content=\"http:\/\/laydeezdocomics.com\/tr\/\" \/>\n<meta property=\"og:site_name\" content=\"Singles Personals\" \/>\n<meta property=\"og:image\" content=\"http:\/\/laydeezdocomics.com\/wp-content\/uploads\/2022\/09\/local-dating.jpeg\" \/>\n\t<meta property=\"og:image:width\" content=\"1600\" \/>\n\t<meta property=\"og:image:height\" content=\"1065\" \/>\n<meta name=\"twitter:card\" content=\"summary_large_image\" \/>\n<meta name=\"twitter:label1\" content=\"Tahmini okuma s\u00fcresi\" \/>\n\t<meta name=\"twitter:data1\" content=\"7 dakika\" \/>\n<script type=\"application\/ld+json\" class=\"yoast-schema-graph\">{\"@context\":\"https:\/\/schema.org\",\"@graph\":[{\"@type\":\"WebSite\",\"@id\":\"https:\/\/laydeezdocomics.com\/#website\",\"url\":\"https:\/\/laydeezdocomics.com\/\",\"name\":\"Singles Personals\",\"description\":\"Guide To Online Dating\",\"potentialAction\":[{\"@type\":\"SearchAction\",\"target\":{\"@type\":\"EntryPoint\",\"urlTemplate\":\"https:\/\/laydeezdocomics.com\/?s={search_term_string}\"},\"query-input\":\"required name=search_term_string\"}],\"inLanguage\":\"tr\"},{\"@type\":\"ImageObject\",\"@id\":\"http:\/\/laydeezdocomics.com\/tr\/#primaryimage\",\"inLanguage\":\"tr\",\"url\":\"http:\/\/laydeezdocomics.com\/wp-content\/uploads\/2022\/09\/local-dating.jpeg\",\"contentUrl\":\"http:\/\/laydeezdocomics.com\/wp-content\/uploads\/2022\/09\/local-dating.jpeg\",\"width\":1600,\"height\":1065},{\"@type\":\"WebPage\",\"@id\":\"http:\/\/laydeezdocomics.com\/tr\/#webpage\",\"url\":\"http:\/\/laydeezdocomics.com\/tr\/\",\"name\":\"Online Ba\\u011flant\\u0131lar - Nelere Dikkat Edilmeli - Singles Personals\",\"isPartOf\":{\"@id\":\"https:\/\/laydeezdocomics.com\/#website\"},\"primaryImageOfPage\":{\"@id\":\"http:\/\/laydeezdocomics.com\/tr\/#primaryimage\"},\"datePublished\":\"2022-09-05T13:28:55+00:00\",\"dateModified\":\"2022-09-05T13:28:55+00:00\",\"breadcrumb\":{\"@id\":\"http:\/\/laydeezdocomics.com\/tr\/#breadcrumb\"},\"inLanguage\":\"tr\",\"potentialAction\":[{\"@type\":\"ReadAction\",\"target\":[\"http:\/\/laydeezdocomics.com\/tr\/\"]}]},{\"@type\":\"BreadcrumbList\",\"@id\":\"http:\/\/laydeezdocomics.com\/tr\/#breadcrumb\",\"itemListElement\":[{\"@type\":\"ListItem\",\"position\":1,\"name\":\"Home\",\"item\":\"http:\/\/laydeezdocomics.com\/tr\/\"},{\"@type\":\"ListItem\",\"position\":2,\"name\":\"Online Ba\\u011flant\\u0131lar &#8211; Nelere Dikkat Edilmeli\"}]}]}<\/script>\n<!-- \/ Yoast SEO plugin. -->","yoast_head_json":{"title":"Online Ba\u011flant\u0131lar - Nelere Dikkat Edilmeli - Singles Personals","robots":{"index":"index","follow":"follow","max-snippet":"max-snippet:-1","max-image-preview":"max-image-preview:large","max-video-preview":"max-video-preview:-1"},"canonical":"http:\/\/laydeezdocomics.com\/tr\/","og_locale":"tr_TR","og_type":"article","og_title":"Online Ba\u011flant\u0131lar - Nelere Dikkat Edilmeli - Singles Personals","og_description":"\u00c7evrimi\u00e7i bulu\u015fma art\u0131k sadece Tinder&#8217;da sola ve sa\u011fa kayd\u0131rmakla ilgili de\u011fil. Asl\u0131nda, a\u015fk\u0131 bulman\u0131n en pop\u00fcler yollar\u0131ndan biri haline geldi.","og_url":"http:\/\/laydeezdocomics.com\/tr\/","og_site_name":"Singles Personals","og_image":[{"width":1600,"height":1065,"url":"http:\/\/laydeezdocomics.com\/wp-content\/uploads\/2022\/09\/local-dating.jpeg","type":"image\/jpeg"}],"twitter_card":"summary_large_image","twitter_misc":{"Tahmini okuma s\u00fcresi":"7 dakika"},"schema":{"@context":"https:\/\/schema.org","@graph":[{"@type":"WebSite","@id":"https:\/\/laydeezdocomics.com\/#website","url":"https:\/\/laydeezdocomics.com\/","name":"Singles Personals","description":"Guide To Online Dating","potentialAction":[{"@type":"SearchAction","target":{"@type":"EntryPoint","urlTemplate":"https:\/\/laydeezdocomics.com\/?s={search_term_string}"},"query-input":"required name=search_term_string"}],"inLanguage":"tr"},{"@type":"ImageObject","@id":"http:\/\/laydeezdocomics.com\/tr\/#primaryimage","inLanguage":"tr","url":"http:\/\/laydeezdocomics.com\/wp-content\/uploads\/2022\/09\/local-dating.jpeg","contentUrl":"http:\/\/laydeezdocomics.com\/wp-content\/uploads\/2022\/09\/local-dating.jpeg","width":1600,"height":1065},{"@type":"WebPage","@id":"http:\/\/laydeezdocomics.com\/tr\/#webpage","url":"http:\/\/laydeezdocomics.com\/tr\/","name":"Online Ba\u011flant\u0131lar - Nelere Dikkat Edilmeli - Singles Personals","isPartOf":{"@id":"https:\/\/laydeezdocomics.com\/#website"},"primaryImageOfPage":{"@id":"http:\/\/laydeezdocomics.com\/tr\/#primaryimage"},"datePublished":"2022-09-05T13:28:55+00:00","dateModified":"2022-09-05T13:28:55+00:00","breadcrumb":{"@id":"http:\/\/laydeezdocomics.com\/tr\/#breadcrumb"},"inLanguage":"tr","potentialAction":[{"@type":"ReadAction","target":["http:\/\/laydeezdocomics.com\/tr\/"]}]},{"@type":"BreadcrumbList","@id":"http:\/\/laydeezdocomics.com\/tr\/#breadcrumb","itemListElement":[{"@type":"ListItem","position":1,"name":"Home","item":"http:\/\/laydeezdocomics.com\/tr\/"},{"@type":"ListItem","position":2,"name":"Online Ba\u011flant\u0131lar &#8211; Nelere Dikkat Edilmeli"}]}]}},"_links":{"self":[{"href":"http:\/\/laydeezdocomics.com\/tr\/wp-json\/wp\/v2\/pages\/209"}],"collection":[{"href":"http:\/\/laydeezdocomics.com\/tr\/wp-json\/wp\/v2\/pages"}],"about":[{"href":"http:\/\/laydeezdocomics.com\/tr\/wp-json\/wp\/v2\/types\/page"}],"author":[{"embeddable":true,"href":"http:\/\/laydeezdocomics.com\/tr\/wp-json\/wp\/v2\/users\/1"}],"replies":[{"embeddable":true,"href":"http:\/\/laydeezdocomics.com\/tr\/wp-json\/wp\/v2\/comments?post=209"}],"version-history":[{"count":0,"href":"http:\/\/laydeezdocomics.com\/tr\/wp-json\/wp\/v2\/pages\/209\/revisions"}],"wp:featuredmedia":[{"embeddable":true,"href":"http:\/\/laydeezdocomics.com\/tr\/wp-json\/wp\/v2\/media\/78"}],"wp:attachment":[{"href":"http:\/\/laydeezdocomics.com\/tr\/wp-json\/wp\/v2\/media?parent=209"}],"curies":[{"name":"wp","href":"https:\/\/api.w.org\/{rel}","templated":true}]}}